{"id":58421,"date":"2026-01-29T16:56:02","date_gmt":"2026-01-29T16:56:02","guid":{"rendered":"https:\/\/www.syntorial.com\/?page_id=58421"},"modified":"2026-01-29T16:56:03","modified_gmt":"2026-01-29T16:56:03","slug":"syntorial-educational-discount","status":"publish","type":"page","link":"https:\/\/www.syntorial.com\/fr\/syntorial-educational-discount\/","title":{"rendered":"Demande de tarif \u00e9ducation ou remise \u00e9tudiante pour Syntorial"},"content":{"rendered":"<p>Une remise \u00e9ducation de 40 % est disponible pour tous les produits Audible Genius pour les \u00e9tudiants et enseignants \u00e9ligibles. Vous \u00eates \u00e9ligible si vous \u00eates :<\/p>\n\n\n\n<ul class=\"wp-block-list\">\n<li>\u00c9tudiant(e) actuellement inscrit(e) dans un cursus \u00e0 temps plein, du secondaire jusqu\u2019aux programmes de dipl\u00f4mes sup\u00e9rieurs.<\/li>\n\n\n\n<li>\u00c9tudiant(e) dans un cursus \u00e0 temps partiel repr\u00e9sentant 20 heures ou plus d\u2019\u00e9tude par semaine, ou un programme d\u2019une dur\u00e9e de 12 mois ou plus.<\/li>\n\n\n\n<li>Enseignant(e) actuellement employ\u00e9(e) \u00e0 temps plein ou \u00e0 temps partiel dans une \u00e9cole ou une universit\u00e9. Les enseignants \u00e0 temps partiel et les enseignants priv\u00e9s doivent travailler au moins 20 heures par semaine pour \u00eatre \u00e9ligibles.<\/li>\n<\/ul>\n\n\n\n<h2 class=\"wp-block-heading alignwide\"><mark style=\"background-color:rgba(0, 0, 0, 0)\" class=\"has-inline-color has-global-color-6-color\">Envoyez un justificatif d\u2019inscription\/d\u2019emploi<\/mark><\/h2>\n\n\n\n<p>Pour les \u00e9tudiants : UN des justificatifs suivants<\/p>\n\n\n\n<ol class=\"wp-block-list\">\n<li>Une copie de la carte d&#039;\u00e9tudiant indiquant votre nom (celui de l&#039;\u00e9tudiant), le nom de l&#039;\u00e9tablissement et le semestre en cours.<\/li>\n\n\n\n<li>Une copie d&#039;un relev\u00e9 de frais de scolarit\u00e9 ou d&#039;une facture de cours comportant le logo ou le sceau de l&#039;\u00e9tablissement, votre nom et la date\/le trimestre en cours.<\/li>\n\n\n\n<li>Une lettre officielle du service de scolarit\u00e9 (registrar), incluant votre nom, le nom de l\u2019\u00e9tablissement, et la date\/le trimestre\/semestre en cours<\/li>\n\n\n\n<li>Une copie de votre emploi du temps \u00e9tudiant indiquant votre nom, le nom de l&#039;\u00e9tablissement et la date\/le trimestre en cours.<\/li>\n\n\n\n<li>Une copie d&#039;un relev\u00e9 de notes ou d&#039;un bulletin scolaire indiquant votre nom, le nom de l&#039;\u00e9tablissement et la date\/le trimestre en cours.<\/li>\n<\/ol>\n\n\n\n<p>Pour les enseignants : UN des justificatifs suivants<\/p>\n\n\n\n<ol class=\"wp-block-list\">\n<li>Une copie de votre carte d\u2019enseignant indiquant votre nom, le nom de l\u2019\u00e9tablissement, et la date\/le trimestre\/semestre en cours<\/li>\n\n\n\n<li>Une copie d&#039;un bulletin de salaire comportant le logo ou le sceau de l&#039;\u00e9tablissement, votre nom et la date\/le trimestre scolaire en cours.<\/li>\n\n\n\n<li>Une lettre officielle du service de scolarit\u00e9 (registrar), incluant votre nom, le nom de l\u2019\u00e9tablissement, et la date\/le trimestre\/semestre en cours<\/li>\n\n\n\n<li>Des captures d\u2019\u00e9cran du site web de l\u2019\u00e9tablissement peuvent \u00eatre accept\u00e9es \u00e0 la place d\u2019un document officiel si votre nom, le nom de l\u2019\u00e9tablissement, et une date valide sont clairement visibles<\/li>\n<\/ol>\n\n\n<div class=\"gb-container gb-container-bffb70a0\">\n\n<a class=\"gb-button gb-button-732fd610 gb-button-text smooth-scroll\" href=\"https:\/\/aitable.ai\/share\/shrE9YTZuQgR5aZLledTY\/fom0ZmUWKAlDELjBhF\" target=\"_blank\" rel=\"noopener noreferrer\">Remplir le formulaire de demande<\/a>\n\n<\/div>","protected":false},"excerpt":{"rendered":"<p>A 40% educational discount is available for qualifying students and teachers for all Audible Genius Products. You are eligible if you are: Upload proof of school enrollment\/employment For students ONE of the following: For teachers ONE of the following:<\/p>","protected":false},"author":2,"featured_media":0,"parent":0,"menu_order":0,"comment_status":"closed","ping_status":"closed","template":"","meta":{"_acf_changed":false,"_editorskit_title_hidden":false,"_editorskit_reading_time":0,"_editorskit_is_block_options_detached":false,"_editorskit_block_options_position":"{}","footnotes":""},"class_list":["post-58421","page","type-page","status-publish"],"acf":[],"_links":{"self":[{"href":"https:\/\/www.syntorial.com\/fr\/wp-json\/wp\/v2\/pages\/58421","targetHints":{"allow":["GET"]}}],"collection":[{"href":"https:\/\/www.syntorial.com\/fr\/wp-json\/wp\/v2\/pages"}],"about":[{"href":"https:\/\/www.syntorial.com\/fr\/wp-json\/wp\/v2\/types\/page"}],"author":[{"embeddable":true,"href":"https:\/\/www.syntorial.com\/fr\/wp-json\/wp\/v2\/users\/2"}],"replies":[{"embeddable":true,"href":"https:\/\/www.syntorial.com\/fr\/wp-json\/wp\/v2\/comments?post=58421"}],"version-history":[{"count":1,"href":"https:\/\/www.syntorial.com\/fr\/wp-json\/wp\/v2\/pages\/58421\/revisions"}],"predecessor-version":[{"id":58422,"href":"https:\/\/www.syntorial.com\/fr\/wp-json\/wp\/v2\/pages\/58421\/revisions\/58422"}],"wp:attachment":[{"href":"https:\/\/www.syntorial.com\/fr\/wp-json\/wp\/v2\/media?parent=58421"}],"curies":[{"name":"wp","href":"https:\/\/api.w.org\/{rel}","templated":true}]}}