{"id":58303,"date":"2026-01-02T16:45:44","date_gmt":"2026-01-02T16:45:44","guid":{"rendered":"https:\/\/www.syntorial.com\/?page_id=58303"},"modified":"2026-01-05T10:54:11","modified_gmt":"2026-01-05T10:54:11","slug":"syntorial-to-synth-parameter-mapping","status":"publish","type":"page","link":"https:\/\/www.syntorial.com\/fr\/syntorial-to-synth-parameter-mapping\/","title":{"rendered":"Correspondance Syntorial vers les synth\u00e9s"},"content":{"rendered":"<h2 class=\"wp-block-heading\">Applique ce que tu apprends dans Syntorial aux synth\u00e9s que tu utilises vraiment.<\/h2>\n\n\n\n<p>Ce mapping collaboratif et \u00e9volutif relie <strong>les param\u00e8tres de Syntorial<\/strong> \u00e0 leurs \u00e9quivalents dans les synth\u00e9tiseurs mat\u00e9riels et logiciels populaires. Tu sais ainsi exactement o\u00f9 trouver et utiliser les m\u00eames concepts en dehors de Syntorial, en particulier lorsque tu travailles dans les sections <em><strong>Own Your Own<\/strong><\/em> de Syntorial.<\/p>\n\n\n<div class=\"gb-grid-wrapper gb-grid-wrapper-fc7677f4\">\n<div class=\"gb-grid-column gb-grid-column-00bb4e19\"><div class=\"gb-container gb-container-00bb4e19\">\n\n<figure class=\"wp-block-image size-large\"><a href=\"\/fr\/synth-mapping\/\"><img loading=\"lazy\" decoding=\"async\" width=\"1024\" height=\"816\" src=\"https:\/\/www.syntorial.com\/wp-content\/uploads\/2026\/01\/Mapping-Menu-1024x816.webp\" alt=\"\" class=\"wp-image-58304\" srcset=\"https:\/\/www.syntorial.com\/wp-content\/uploads\/2026\/01\/Mapping-Menu-1024x816.webp 1024w, https:\/\/www.syntorial.com\/wp-content\/uploads\/2026\/01\/Mapping-Menu-300x239.webp 300w, https:\/\/www.syntorial.com\/wp-content\/uploads\/2026\/01\/Mapping-Menu-768x612.webp 768w, https:\/\/www.syntorial.com\/wp-content\/uploads\/2026\/01\/Mapping-Menu-15x12.webp 15w, https:\/\/www.syntorial.com\/wp-content\/uploads\/2026\/01\/Mapping-Menu.webp 1200w\" sizes=\"auto, (max-width: 1024px) 100vw, 1024px\" \/><\/a><\/figure>\n\n<\/div><\/div>\n\n<div class=\"gb-grid-column gb-grid-column-fccacb73\"><div class=\"gb-container gb-container-fccacb73\">\n\n<figure class=\"wp-block-image size-large\"><a href=\"\/fr\/synth-mapping\/\"><img loading=\"lazy\" decoding=\"async\" width=\"1024\" height=\"818\" src=\"https:\/\/www.syntorial.com\/wp-content\/uploads\/2026\/01\/Mapping-Vital-1024x818.webp\" alt=\"\" class=\"wp-image-58305\" srcset=\"https:\/\/www.syntorial.com\/wp-content\/uploads\/2026\/01\/Mapping-Vital-1024x818.webp 1024w, https:\/\/www.syntorial.com\/wp-content\/uploads\/2026\/01\/Mapping-Vital-300x240.webp 300w, https:\/\/www.syntorial.com\/wp-content\/uploads\/2026\/01\/Mapping-Vital-768x614.webp 768w, https:\/\/www.syntorial.com\/wp-content\/uploads\/2026\/01\/Mapping-Vital-15x12.webp 15w, https:\/\/www.syntorial.com\/wp-content\/uploads\/2026\/01\/Mapping-Vital.webp 1200w\" sizes=\"auto, (max-width: 1024px) 100vw, 1024px\" \/><\/a><\/figure>\n\n<\/div><\/div>\n<\/div>\n\n<div class=\"gb-container gb-container-8360e123\">\n\n<a class=\"gb-button gb-button-34035d42 gb-button-text button-cta-content\" href=\"https:\/\/www.syntorial.com\/fr\/synth-mapping\/\" target=\"_blank\" rel=\"noopener noreferrer\"><strong>\ud83d\udc49 Ouvrir la correspondance des param\u00e8tres<\/strong><\/a>\n\n<\/div>\n\n\n<h2 class=\"gb-headline gb-headline-0198f416 gb-headline-text\">\ud83e\udde0 Cr\u00e9\u00e9e par la communaut\u00e9<\/h2>\n\n\n\n<p>Ce mapping est <strong>collaboratif<\/strong>.<\/p>\n\n\n\n<p>Tu peux contribuer activement :<\/p>\n\n\n\n<ul class=\"wp-block-list\">\n<li>Nouvelles correspondances de synth\u00e9s<\/li>\n\n\n\n<li>Param\u00e8tres manquants<\/li>\n\n\n\n<li>Corrections et clarifications<\/li>\n\n\n\n<li>Captures d'\u00e9cran de l'interface et indications sur l'organisation<\/li>\n<\/ul>\n\n\n\n<p><strong>Plus il y a de contributeurs, meilleure elle devient.<\/strong><\/p>\n\n\n\n<p>Synth\u00e9s actuellement r\u00e9pertori\u00e9s (et en expansion) :<\/p>\n\n\n\n<ul class=\"wp-block-list\">\n<li>Vital<\/li>\n\n\n\n<li>Pigments<\/li>\n\n\n\n<li>Phaseplant<\/li>\n\n\n\n<li>Diva<\/li>\n\n\n\n<li>Omnisphere<\/li>\n\n\n\n<li>UVI Falcon 2<\/li>\n\n\n\n<li>GMS<\/li>\n\n\n\n<li>Korg Minilogue<\/li>\n<\/ul>\n\n\n\n<p><em>De nouveaux synth\u00e9s et am\u00e9liorations sont ajout\u00e9s en continu.<\/em><\/p>\n\n\n\n<h2 class=\"gb-headline gb-headline-fa2e75d4 gb-headline-text\">En quoi cette correspondance Syntorial diff\u00e8re des packs de le\u00e7ons<\/h2>\n\n\n\n<p>Les packs de le\u00e7ons offrent un apprentissage approfondi et guid\u00e9 pour des synth\u00e9s sp\u00e9cifiques. La correspondance des param\u00e8tres est une r\u00e9f\u00e9rence collaborative con\u00e7ue pour couvrir les synth\u00e9s qui n'ont pas (encore) de pack de le\u00e7ons officiel. Et pour t'aider \u00e0 transposer rapidement les concepts de Syntorial sur de nombreux instruments.<\/p>\n\n\n\n<p>Pour un apprentissage plus approfondi et sp\u00e9cifique \u00e0 un synth\u00e9 via des s\u00e9ries de vid\u00e9os int\u00e9gr\u00e9es directement dans Syntorial, consulte notre <strong><a href=\"https:\/\/www.syntorial.com\/fr\/packs-de-lecons\/\">liste de packs de le\u00e7ons officiellement support\u00e9s.<\/a><\/strong><\/p>\n\n\n\n<h2 class=\"gb-headline gb-headline-2152613a gb-headline-text\">Ton synth\u00e9 est absent ? Envie de contribuer ?<\/h2>\n\n\n\n<p>Tu veux ajouter d'autres synth\u00e9s ou enrichir les correspondances existantes ? Tu n'as pas besoin d'\u00eatre expert ni de compl\u00e9ter une correspondance enti\u00e8re.<\/p>\n\n\n\n<p>Tu peux :<\/p>\n\n\n\n<ul class=\"wp-block-list\">\n<li>Sugg\u00e9rer un nouveau synth\u00e9<\/li>\n\n\n\n<li>Compl\u00e9ter un param\u00e8tre manquant<\/li>\n\n\n\n<li>Laisser des notes sur les diff\u00e9rences ou particularit\u00e9s<\/li>\n\n\n\n<li>Signaler des correspondances peu claires<\/li>\n<\/ul>\n\n\n\n<p><strong>Comment \u00e7a marche :<\/strong><\/p>\n\n\n\n<ol class=\"wp-block-list\">\n<li><a href=\"https:\/\/www.syntorial.com\/fr\/synth-mapping\/\">Ouvre la correspondance<\/a><\/li>\n\n\n\n<li>Connecte-toi \u00e0 ton compte Google<\/li>\n\n\n\n<li>Demande les droits d'\u00e9dition en cliquant sur \u00ab Commentaire uniquement \u00bb en haut. Dans la zone de message, indique-nous quel synth\u00e9 tu veux ajouter ou modifier.<\/li>\n<\/ol>\n\n\n\n<figure class=\"wp-block-image size-full is-resized\"><img loading=\"lazy\" decoding=\"async\" width=\"538\" height=\"398\" src=\"https:\/\/www.syntorial.com\/wp-content\/uploads\/2026\/01\/Access.webp\" alt=\"\" class=\"wp-image-58306\" style=\"width:314px;height:auto\" srcset=\"https:\/\/www.syntorial.com\/wp-content\/uploads\/2026\/01\/Access.webp 538w, https:\/\/www.syntorial.com\/wp-content\/uploads\/2026\/01\/Access-300x222.webp 300w, https:\/\/www.syntorial.com\/wp-content\/uploads\/2026\/01\/Access-16x12.webp 16w\" sizes=\"auto, (max-width: 538px) 100vw, 538px\" \/><\/figure>\n\n\n<div class=\"gb-container gb-container-81e503e9\">\n\n<a class=\"gb-button gb-button-0ba7c323 gb-button-text button-cta-content\" href=\"https:\/\/www.syntorial.com\/fr\/synth-mapping\/\" target=\"_blank\" rel=\"noopener noreferrer\"><strong>\ud83d\udc49<\/strong> <strong>Ouvrir la correspondance des param\u00e8tres<\/strong><\/a>\n\n<\/div>\n\n\n<p><\/p>","protected":false},"excerpt":{"rendered":"<p>Apply what you learn in Syntorial to the synths you actually use. This living, crowdsourced map connects Syntorial\u2019s parameters to their equivalents in popular hardware and software synthesizers. So you know exactly where to find and use the same concepts outside of Syntorial, especially when working through Syntorial&#8217;s Own Your &#8230; <a title=\"Correspondance Syntorial vers les synth\u00e9s\" class=\"read-more\" href=\"https:\/\/www.syntorial.com\/fr\/syntorial-to-synth-parameter-mapping\/\" aria-label=\"En savoir plus sur Syntorial-To-Synth Parameter Mapping\">Lire la suite<\/a><\/p>","protected":false},"author":1,"featured_media":0,"parent":0,"menu_order":0,"comment_status":"closed","ping_status":"closed","template":"","meta":{"_acf_changed":false,"_editorskit_title_hidden":false,"_editorskit_reading_time":0,"_editorskit_is_block_options_detached":false,"_editorskit_block_options_position":"{}","footnotes":""},"class_list":["post-58303","page","type-page","status-publish"],"acf":[],"_links":{"self":[{"href":"https:\/\/www.syntorial.com\/fr\/wp-json\/wp\/v2\/pages\/58303","targetHints":{"allow":["GET"]}}],"collection":[{"href":"https:\/\/www.syntorial.com\/fr\/wp-json\/wp\/v2\/pages"}],"about":[{"href":"https:\/\/www.syntorial.com\/fr\/wp-json\/wp\/v2\/types\/page"}],"author":[{"embeddable":true,"href":"https:\/\/www.syntorial.com\/fr\/wp-json\/wp\/v2\/users\/1"}],"replies":[{"embeddable":true,"href":"https:\/\/www.syntorial.com\/fr\/wp-json\/wp\/v2\/comments?post=58303"}],"version-history":[{"count":12,"href":"https:\/\/www.syntorial.com\/fr\/wp-json\/wp\/v2\/pages\/58303\/revisions"}],"predecessor-version":[{"id":58326,"href":"https:\/\/www.syntorial.com\/fr\/wp-json\/wp\/v2\/pages\/58303\/revisions\/58326"}],"wp:attachment":[{"href":"https:\/\/www.syntorial.com\/fr\/wp-json\/wp\/v2\/media?parent=58303"}],"curies":[{"name":"wp","href":"https:\/\/api.w.org\/{rel}","templated":true}]}}