{"id":55345,"date":"2024-10-28T21:13:56","date_gmt":"2024-10-28T21:13:56","guid":{"rendered":"https:\/\/www.syntorial.com\/?page_id=55345"},"modified":"2024-11-05T20:12:49","modified_gmt":"2024-11-05T20:12:49","slug":"quoi-de-neuf-dans-la-v2","status":"publish","type":"page","link":"https:\/\/www.syntorial.com\/fr\/whats-new-in-v2\/","title":{"rendered":"Les Nouveaut\u00e9s de Syntorial V2"},"content":{"rendered":"<div class=\"gb-container gb-container-31498f99 alignfull\">\n<div class=\"gb-container gb-container-f256217d\">\n<div class=\"gb-container gb-container-99a7c438\">\n\n<figure class=\"wp-block-embed aligncenter is-type-video is-provider-youtube wp-block-embed-youtube wp-embed-aspect-16-9 wp-has-aspect-ratio\"><div class=\"wp-block-embed__wrapper\">\n<iframe loading=\"lazy\" title=\"Syntorial 2.0 Trailer\" width=\"1200\" height=\"675\" src=\"https:\/\/www.youtube.com\/embed\/5G0W-NLMqjw?feature=oembed\" frameborder=\"0\" allow=\"accelerometer; autoplay; clipboard-write; encrypted-media; gyroscope; picture-in-picture; web-share\" referrerpolicy=\"strict-origin-when-cross-origin\" allowfullscreen><\/iframe>\n<\/div><\/figure>\n\n<\/div>\n<\/div>\n\n<div class=\"gb-container gb-container-af24a0cf\">\n<div class=\"gb-container gb-container-6036022d\">\n<div class=\"wp-block-image is-style-rounded\">\n<figure class=\"aligncenter size-medium is-resized\"><img loading=\"lazy\" decoding=\"async\" width=\"300\" height=\"231\" src=\"https:\/\/www.syntorial.com\/wp-content\/uploads\/2024\/10\/Joe-Basement-Wall-3.1-Syntorial-About1-300x231.jpg\" alt=\"\" class=\"wp-image-55304\" style=\"aspect-ratio:1;object-fit:cover;width:200px\" srcset=\"https:\/\/www.syntorial.com\/wp-content\/uploads\/2024\/10\/Joe-Basement-Wall-3.1-Syntorial-About1-300x231.jpg 300w, https:\/\/www.syntorial.com\/wp-content\/uploads\/2024\/10\/Joe-Basement-Wall-3.1-Syntorial-About1.jpg 660w\" sizes=\"auto, (max-width: 300px) 100vw, 300px\" \/><\/figure>\n<\/div>\n<\/div>\n\n<div class=\"gb-container gb-container-064db1ed\">\n\n<blockquote class=\"wp-block-quote is-layout-flow wp-block-quote-is-layout-flow\">\n<p>\u00ab Syntorial existe depuis 10 ans. Durant cette p\u00e9riode, j\u2019ai \u00e9norm\u00e9ment appris gr\u00e2ce \u00e0 nos utilisateurs incroyablement engag\u00e9s, et j\u2019ai affin\u00e9 ma m\u00e9thode d\u2019enseignement en d\u00e9veloppant d\u2019autres cours et programmes. Syntorial 2.0 est la concr\u00e9tisation de tout ce que j\u2019ai appris, condens\u00e9 dans une refonte d\u2019un cours d\u00e9j\u00e0 excellent, que j\u2019ai h\u00e2te de faire d\u00e9couvrir au monde entier. \u00bb<\/p>\n<cite>Joe Hanley, cr\u00e9ateur de Syntorial<\/cite><\/blockquote>\n\n<\/div>\n<\/div>\n<\/div>\n\n<div class=\"gb-container gb-container-2af35128\">\n<div class=\"gb-container gb-container-e9b1c676\">\n<div class=\"gb-container gb-container-8864447b\">\n\n<h2 class=\"gb-headline gb-headline-fa866f7e gb-headline-text\">Quoi de neuf dans Syntorial V2 ?<\/h2>\n\n\n\n<div class=\"gb-headline gb-headline-8c4b079e gb-headline-text\">Interface enti\u00e8rement revue, nouveaux outils visuels, vid\u00e9os am\u00e9lior\u00e9es et exp\u00e9rience d\u2019apprentissage enrichie.<\/div>\n\n<\/div>\n<\/div>\n\n<div class=\"gb-container gb-container-78b5e7cd\">\n<div class=\"gb-container gb-container-dee72be4\">\n\n<figure class=\"gb-block-image gb-block-image-bebdfacd\"><img loading=\"lazy\" decoding=\"async\" width=\"1024\" height=\"656\" class=\"gb-image gb-image-bebdfacd\" src=\"http:\/\/www.syntorial.com\/wp-content\/uploads\/2024\/11\/Syntorial-v2-new-design-1024x656.jpg\" alt=\"\" title=\"Syntorial v2 new design\" srcset=\"https:\/\/www.syntorial.com\/wp-content\/uploads\/2024\/11\/Syntorial-v2-new-design-1024x656.jpg 1024w, https:\/\/www.syntorial.com\/wp-content\/uploads\/2024\/11\/Syntorial-v2-new-design-300x192.jpg 300w, https:\/\/www.syntorial.com\/wp-content\/uploads\/2024\/11\/Syntorial-v2-new-design-768x492.jpg 768w, https:\/\/www.syntorial.com\/wp-content\/uploads\/2024\/11\/Syntorial-v2-new-design.jpg 1490w\" sizes=\"auto, (max-width: 1024px) 100vw, 1024px\" \/><\/figure>\n\n<\/div>\n\n<div class=\"gb-container gb-container-8b1b86df\">\n\n<h3 class=\"gb-headline gb-headline-3e3a4a37 gb-headline-text\"><strong><mark style=\"background-color:rgba(0, 0, 0, 0)\" class=\"has-inline-color has-base-3-color\">1.<\/mark>&nbsp;Un tout nouveau design<\/strong><\/h3>\n\n\n\n<p>D\u00e9couvrez une interface modernis\u00e9e, plus claire, enti\u00e8rement redimensionnable et agr\u00e9able \u00e0 utiliser<\/p>\n\n<\/div>\n<\/div>\n\n<div class=\"gb-container gb-container-80402142\">\n<div class=\"gb-container gb-container-103a21e4\">\n\n<h3 class=\"gb-headline gb-headline-2a79170a gb-headline-text\"><strong><mark style=\"background-color:rgba(0, 0, 0, 0)\" class=\"has-inline-color has-base-3-color\">2.<\/mark>&nbsp;Le Visualizer<\/strong><\/h3>\n\n\n\n<p>Comprenez plus facilement la modulation gr\u00e2ce au Visualizer : une animation intuitive qui montre en temps r\u00e9el le fonctionnement des enveloppes, des LFO et du filtre.<\/p>\n\n<\/div>\n\n<div class=\"gb-container gb-container-b4689aa2\">\n\n<figure class=\"gb-block-image gb-block-image-c6af4eb4\"><img loading=\"lazy\" decoding=\"async\" width=\"645\" height=\"363\" class=\"gb-image gb-image-c6af4eb4\" src=\"https:\/\/www.syntorial.com\/wp-content\/uploads\/2024\/11\/Syntorial-Visualizer-Interface.jpg\" srcset=\"https:\/\/www.syntorial.com\/wp-content\/uploads\/2024\/11\/Syntorial-Visualizer-Interface.jpg 645w, https:\/\/www.syntorial.com\/wp-content\/uploads\/2024\/11\/Syntorial-Visualizer-Interface-300x169.jpg 300w\" sizes=\"auto, (max-width: 645px) 100vw, 645px\" \/><\/figure>\n\n<\/div>\n<\/div>\n\n<div class=\"gb-container gb-container-fbd1325d\">\n<div class=\"gb-container gb-container-f67ef661\">\n\n<figure class=\"gb-block-image gb-block-image-097d485e\"><img loading=\"lazy\" decoding=\"async\" width=\"739\" height=\"604\" class=\"gb-image gb-image-097d485e\" src=\"https:\/\/www.syntorial.com\/wp-content\/uploads\/2024\/11\/Syntorial-V2-new-videos.jpg\" alt=\"\" title=\"Syntorial V2 new videos\" srcset=\"https:\/\/www.syntorial.com\/wp-content\/uploads\/2024\/11\/Syntorial-V2-new-videos.jpg 739w, https:\/\/www.syntorial.com\/wp-content\/uploads\/2024\/11\/Syntorial-V2-new-videos-300x245.jpg 300w\" sizes=\"auto, (max-width: 739px) 100vw, 739px\" \/><\/figure>\n\n<\/div>\n\n<div class=\"gb-container gb-container-e3e1a6f1\">\n\n<h3 class=\"gb-headline gb-headline-7c8f5a67 gb-headline-text\"><strong><mark style=\"background-color:rgba(0, 0, 0, 0)\" class=\"has-inline-color has-base-3-color\">3.<\/mark>&nbsp;<\/strong>De nouvelles vid\u00e9os<\/h3>\n\n\n\n<p>Chaque d\u00e9monstration vid\u00e9o a \u00e9t\u00e9 enti\u00e8rement refaite, avec un meilleur rythme et un accompagnement plus direct par Joe Hanley.\nLes sujets complexes \u2014 comme l\u2019enveloppe du filtre \u2014 ont \u00e9t\u00e9 repens\u00e9s pour plus de clart\u00e9 et de profondeur. <\/p>\n\n\n\n<p>De nouvelles informations ont aussi \u00e9t\u00e9 ajout\u00e9es aux vid\u00e9os \"A vous de jouer\", couvrant davantage de types de patches et de techniques de sound design subtiles.<\/p>\n\n<\/div>\n<\/div>\n\n<div class=\"gb-container gb-container-f63910d6\">\n<div class=\"gb-container gb-container-0e340c31\">\n\n<h3 class=\"gb-headline gb-headline-c6390306 gb-headline-text\"><strong><mark style=\"background-color:rgba(0, 0, 0, 0)\" class=\"has-inline-color has-base-3-color\">4.<\/mark>&nbsp;<\/strong>Un scoring plus nuanc\u00e9 et un remapping des param\u00e8tres<\/h3>\n\n\n\n<p>Une nouvelle couleur orange apporte plus de subtilit\u00e9 au syst\u00e8me de score, permettant un retour plus pr\u00e9cis et r\u00e9aliste.\nPlusieurs valeurs fixes de boutons et de curseurs ont \u00e9t\u00e9 r\u00e9ajust\u00e9es pour \u00e9viter les diff\u00e9rences trop subtiles \u00e0 entendre. <\/p>\n\n\n\n<p>Ces am\u00e9liorations vous aideront \u00e0 progresser plus r\u00e9guli\u00e8rement, avec moins de blocages frustrants.<\/p>\n\n<\/div>\n\n<div class=\"gb-container gb-container-30d4d8fd\">\n\n<figure class=\"gb-block-image gb-block-image-b42c494e\"><img loading=\"lazy\" decoding=\"async\" width=\"789\" height=\"599\" class=\"gb-image gb-image-b42c494e\" src=\"https:\/\/www.syntorial.com\/wp-content\/uploads\/2024\/11\/Syntorial-v2-Nuanced-Scoring.jpg\" alt=\"\" title=\"Syntorial v2 Nuanced Scoring\" srcset=\"https:\/\/www.syntorial.com\/wp-content\/uploads\/2024\/11\/Syntorial-v2-Nuanced-Scoring.jpg 789w, https:\/\/www.syntorial.com\/wp-content\/uploads\/2024\/11\/Syntorial-v2-Nuanced-Scoring-300x228.jpg 300w, https:\/\/www.syntorial.com\/wp-content\/uploads\/2024\/11\/Syntorial-v2-Nuanced-Scoring-768x583.jpg 768w\" sizes=\"auto, (max-width: 789px) 100vw, 789px\" \/><\/figure>\n\n<\/div>\n<\/div>\n\n<div class=\"gb-container gb-container-47081625\">\n<div class=\"gb-container gb-container-0b583d39\">\n\n<figure class=\"gb-block-image gb-block-image-16f4cc8e\"><img loading=\"lazy\" decoding=\"async\" width=\"755\" height=\"506\" class=\"gb-image gb-image-16f4cc8e\" src=\"https:\/\/www.syntorial.com\/wp-content\/uploads\/2024\/11\/Group-Bonus-Round.jpg\" alt=\"\" title=\"Group-Bonus-Round\" srcset=\"https:\/\/www.syntorial.com\/wp-content\/uploads\/2024\/11\/Group-Bonus-Round.jpg 755w, https:\/\/www.syntorial.com\/wp-content\/uploads\/2024\/11\/Group-Bonus-Round-300x201.jpg 300w\" sizes=\"auto, (max-width: 755px) 100vw, 755px\" \/><\/figure>\n\n<\/div>\n\n<div class=\"gb-container gb-container-70457fc4\">\n\n<h3 class=\"gb-headline gb-headline-a1aedd43 gb-headline-text\"><strong><mark style=\"background-color:rgba(0, 0, 0, 0)\" class=\"has-inline-color has-base-3-color\">5.<\/mark>\u00a0<\/strong>Des Challenges plus courts + Bonus Rounds<\/h3>\n\n\n\n<p>Les Group Challenges passent de 6 patches \u00e0 3 pour faciliter la progression. <\/p>\n\n\n\n<p>Envie des 3 autres ? Entrez dans le Bonus Round optionnel.\nEt si vous voulez encore plus de pratique\u2026<\/p>\n\n<\/div>\n<\/div>\n\n<div class=\"gb-container gb-container-0391a9f6\">\n<div class=\"gb-container gb-container-84f7b782\">\n\n<h3 class=\"gb-headline gb-headline-6e5f3eb2 gb-headline-text\"><strong><mark style=\"background-color:rgba(0, 0, 0, 0)\" class=\"has-inline-color has-base-3-color\">6.<\/mark>\u00a0<\/strong>Le Randomiseur<\/h3>\n\n\n\n<p>Lancez n\u2019importe quel challenge en mode Randomiseur et Syntorial g\u00e9n\u00e9rera une infinit\u00e9 de nouveaux patches \u00e0 recr\u00e9er. <\/p>\n\n\n\n<p>Besoin de revoir un ancien d\u00e9fi ?\nBesoin de plus d\u2019entra\u00eenement ?\nLe Randomiseur est l\u00e0 pour \u00e7a.<\/p>\n\n<\/div>\n\n<div class=\"gb-container gb-container-8389eb8f\">\n\n<figure class=\"gb-block-image gb-block-image-d557fcf2\"><img loading=\"lazy\" decoding=\"async\" width=\"908\" height=\"540\" class=\"gb-image gb-image-d557fcf2\" src=\"https:\/\/www.syntorial.com\/wp-content\/uploads\/2024\/11\/Syntorial-Randomizer-Challenge-Generator.jpg\" alt=\"\" title=\"Syntorial Randomizer Challenge Generator\" srcset=\"https:\/\/www.syntorial.com\/wp-content\/uploads\/2024\/11\/Syntorial-Randomizer-Challenge-Generator.jpg 908w, https:\/\/www.syntorial.com\/wp-content\/uploads\/2024\/11\/Syntorial-Randomizer-Challenge-Generator-300x178.jpg 300w, https:\/\/www.syntorial.com\/wp-content\/uploads\/2024\/11\/Syntorial-Randomizer-Challenge-Generator-768x457.jpg 768w\" sizes=\"auto, (max-width: 908px) 100vw, 908px\" \/><\/figure>\n\n<\/div>\n<\/div>\n\n<div class=\"gb-container gb-container-47b056d3\">\n<div class=\"gb-container gb-container-244d7716\">\n\n<p class=\"gb-headline gb-headline-494baadb gb-headline-text\">\u2018<em>J\u2019ai pris \u00e9norm\u00e9ment de plaisir \u00e0 apprendre la synth\u00e8se avec Syntorial. J\u2019adore la m\u00e9thode progressive, et les challenges sont vraiment fun !<\/em>\u2018 <br>\u2b50\u2b50\u2b50\u2b50\u2b50<\/p>\n\n\n<div class=\"gb-container gb-container-f27cc9e2\">\n\n<figure class=\"gb-block-image gb-block-image-d9198dab\"><img decoding=\"async\" class=\"gb-image gb-image-d9198dab\" src=\"https:\/\/www.syntorial.com\/wp-content\/uploads\/2024\/11\/KT.svg\" alt=\"\" title=\"KT\"\/><\/figure>\n\n\n<div class=\"gb-container gb-container-56fcae90\">\n\n<div class=\"gb-headline gb-headline-4bcfa45c gb-headline-text\">Kevin T.<\/div>\n\n<\/div>\n<\/div>\n<\/div>\n<\/div>\n<\/div>\n\n<div class=\"gb-container gb-container-cc818105 gbp-section\">\n<div class=\"gb-container gb-container-de2c2084 alignfull gbp-section__inner\">\n<div class=\"gb-container gb-container-6f4a401b\">\n\n<h2 class=\"gb-headline gb-headline-972e8db3 gb-headline-text gbp-section__headline\">Pr\u00eat \u00e0 d\u00e9couvrir la V2 ?<\/h2>\n\n\n<div class=\"gb-container gb-container-3f93d1e1\">\n\n<a class=\"gb-button gb-button-191a3b83 gb-button-text button-cta-content\" href=\"https:\/\/audiblegenius.com\/fr\/syntorial-checkout-2-step\" target=\"_blank\" rel=\"noopener noreferrer\">Acheter la V2<\/a>\n\n\n\n<a class=\"gb-button gb-button-5a6c9a02 gb-button-text\" href=\"\/fr\/demo-gratuite\/\" target=\"_blank\" rel=\"noopener noreferrer\">D\u00e9mo gratuite<\/a>\n\n<\/div>\n\n\n<p>D\u00e9j\u00e0 propri\u00e9taire de la V1 ?&nbsp;<a href=\"https:\/\/account.audiblegenius.com\/\" target=\"_blank\" rel=\"noopener\">Connectez-vous<\/a>&nbsp;pour voir ton offre de mise \u00e0 niveau.<\/p>\n\n<\/div>\n<\/div>\n<\/div>\n\n\n<p><\/p>","protected":false},"excerpt":{"rendered":"<p>&#8220;Syntorial\u2019s been out for 10 years. In that time I\u2019ve learned so much from our incredibly engaged users, and refined my teaching approach through the development of other courses and curriculums. Syntorial 2.0 is the manifestation of everything I\u2019ve learned, streamlined into a revamp of an already great synth course &#8230; <a title=\"Les Nouveaut\u00e9s de Syntorial V2\" class=\"read-more\" href=\"https:\/\/www.syntorial.com\/fr\/whats-new-in-v2\/\" aria-label=\"En savoir plus sur Syntorial V2 New Features\">Lire la suite<\/a><\/p>","protected":false},"author":2,"featured_media":0,"parent":0,"menu_order":0,"comment_status":"closed","ping_status":"closed","template":"","meta":{"_acf_changed":false,"_editorskit_title_hidden":false,"_editorskit_reading_time":0,"_editorskit_is_block_options_detached":false,"_editorskit_block_options_position":"{}","footnotes":""},"class_list":["post-55345","page","type-page","status-publish"],"acf":[],"_links":{"self":[{"href":"https:\/\/www.syntorial.com\/fr\/wp-json\/wp\/v2\/pages\/55345","targetHints":{"allow":["GET"]}}],"collection":[{"href":"https:\/\/www.syntorial.com\/fr\/wp-json\/wp\/v2\/pages"}],"about":[{"href":"https:\/\/www.syntorial.com\/fr\/wp-json\/wp\/v2\/types\/page"}],"author":[{"embeddable":true,"href":"https:\/\/www.syntorial.com\/fr\/wp-json\/wp\/v2\/users\/2"}],"replies":[{"embeddable":true,"href":"https:\/\/www.syntorial.com\/fr\/wp-json\/wp\/v2\/comments?post=55345"}],"version-history":[{"count":12,"href":"https:\/\/www.syntorial.com\/fr\/wp-json\/wp\/v2\/pages\/55345\/revisions"}],"predecessor-version":[{"id":55637,"href":"https:\/\/www.syntorial.com\/fr\/wp-json\/wp\/v2\/pages\/55345\/revisions\/55637"}],"wp:attachment":[{"href":"https:\/\/www.syntorial.com\/fr\/wp-json\/wp\/v2\/media?parent=55345"}],"curies":[{"name":"wp","href":"https:\/\/api.w.org\/{rel}","templated":true}]}}