{"id":55319,"date":"2024-10-28T19:54:27","date_gmt":"2024-10-28T19:54:27","guid":{"rendered":"https:\/\/www.syntorial.com\/?page_id=55319"},"modified":"2025-04-06T07:48:25","modified_gmt":"2025-04-06T07:48:25","slug":"demo-gratuite","status":"publish","type":"page","link":"https:\/\/www.syntorial.com\/fr\/try-for-free\/","title":{"rendered":"T\u00e9l\u00e9chargement de la d\u00e9mo de Syntorial"},"content":{"rendered":"<div class=\"gb-container gb-container-6c4df91f form-step-1\">\n\n<p class=\"demo-includes\">La d\u00e9mo comprend :<\/p>\n\n\n\n<ul class=\"wp-block-list demo-list\">\n<li>Des challenges illimit\u00e9s pour recr\u00e9er des sons de synth\u00e9tiseur \u00e0 l'oreille, y compris des <a href=\"\/fr\/presets\/\">sons de synth\u00e9 c\u00e9l\u00e8bres<\/a><\/li>\n\n\n\n<li>Les 22 premi\u00e8res le\u00e7ons (sur 199)<\/li>\n\n\n\n<li>4 \u00e0 5 vid\u00e9os de chaque pack de cours suppl\u00e9mentaires<\/li>\n\n\n\n<li>Aucune limite de temps<\/li>\n<\/ul>\n\n\n<div class=\"gb-container gb-container-ad4b73f5\">\n<div class=\"gb-container gb-container-a82aeae5\">\n<div class=\"gb-grid-wrapper gb-grid-wrapper-ef3ccd34\">\n<div class=\"gb-grid-column gb-grid-column-393b3ec4\"><div class=\"gb-container gb-container-393b3ec4\">\n\n<figure class=\"gb-block-image gb-block-image-83d59c29\"><a href=\"#\"><img decoding=\"async\" class=\"gb-image gb-image-83d59c29 download_asset\" src=\"https:\/\/www.syntorial.com\/wp-content\/uploads\/2024\/10\/apple-mac-seeklogo.svg\" alt=\"\" title=\"logo Apple Mac Seek\" data-magnet=\"demo\"\/><\/a><\/figure>\n\n\n\n<h3 class=\"gb-headline gb-headline-0623ae64 gb-headline-text gbp-card__title\">macOS 11+<\/h3>\n\n<\/div><\/div>\n\n<div class=\"gb-grid-column gb-grid-column-c3622fb0\"><div class=\"gb-container gb-container-c3622fb0\">\n\n<figure class=\"gb-block-image gb-block-image-7403d81d\"><a href=\"#\"><img decoding=\"async\" class=\"gb-image gb-image-7403d81d download_asset\" src=\"http:\/\/www.syntorial.com\/wp-content\/uploads\/2024\/10\/Windows_logo_-_2012.svg\" alt=\"\" title=\"Logo Windows - 2012\" data-magnet=\"demo\"\/><\/a><\/figure>\n\n\n\n<h3 class=\"gb-headline gb-headline-4166a38e gb-headline-text gbp-card__title\">Windows 7+<\/h3>\n\n<\/div><\/div>\n\n<div class=\"gb-grid-column gb-grid-column-cdb006f4\"><div class=\"gb-container gb-container-cdb006f4\">\n\n<figure class=\"gb-block-image gb-block-image-d05defec\"><a href=\"#\"><img decoding=\"async\" class=\"gb-image gb-image-d05defec download_asset\" src=\"https:\/\/www.syntorial.com\/wp-content\/uploads\/2024\/10\/Ios-logo.svg\" alt=\"\" title=\"Logo iOS\" data-magnet=\"demo\"\/><\/a><\/figure>\n\n\n\n<h3 class=\"gb-headline gb-headline-09ed95a7 gb-headline-text gbp-card__title\">iOS 11+<\/h3>\n\n<\/div><\/div>\n<\/div>\n<\/div>\n\n<div class=\"gb-container gb-container-cf8a2095\">\n\n<button class=\"gb-button gb-button-text button-cta-content download_asset\" data-magnet=\"demo\">T\u00e9l\u00e9charger la D\u00e9mo<\/button>\n\n<\/div>\n<\/div>\n<\/div>\n\n<div class=\"gb-container gb-container-75e87541 form-step-2 alignfull\" id=\"form-step-2\">\n\n<h2 class=\"gb-headline gb-headline-2d309b7d gb-headline-text\">Entrez vos coordonn\u00e9es<\/h2>\n\n\n\n<p>Saisissez votre adresse e-mail et profitez des 22 premi\u00e8res le\u00e7ons de Syntorial. Offert par la maison ;)<\/p>\n\n\n<div class=\"gb-container gb-container-38975a47 alignfull\">\n\n<div class=\"wpcf7 no-js\" id=\"wpcf7-f57004-o1\" lang=\"en-US\" dir=\"ltr\" data-wpcf7-id=\"57004\">\n<div class=\"screen-reader-response\"><p role=\"status\" aria-live=\"polite\" aria-atomic=\"true\"><\/p> <ul><\/ul><\/div>\n<form action=\"\/fr\/wp-json\/wp\/v2\/pages\/55319#wpcf7-f57004-o1\" method=\"post\" class=\"wpcf7-form init\" aria-label=\"Contact form\" novalidate=\"novalidate\" data-status=\"init\" data-trp-original-action=\"\/fr\/wp-json\/wp\/v2\/pages\/55319#wpcf7-f57004-o1\">\n<fieldset class=\"hidden-fields-container\"><input type=\"hidden\" name=\"_wpcf7\" value=\"57004\" \/><input type=\"hidden\" name=\"_wpcf7_version\" value=\"6.1.5\" \/><input type=\"hidden\" name=\"_wpcf7_locale\" value=\"en_US\" \/><input type=\"hidden\" name=\"_wpcf7_unit_tag\" value=\"wpcf7-f57004-o1\" \/><input type=\"hidden\" name=\"_wpcf7_container_post\" value=\"0\" \/><input type=\"hidden\" name=\"_wpcf7_posted_data_hash\" value=\"\" \/>\n<\/fieldset>\n<p><label> Pr\u00e9nom<br \/>\n<span class=\"wpcf7-form-control-wrap\" data-name=\"firstName\"><input size=\"40\" maxlength=\"400\" class=\"wpcf7-form-control wpcf7-text wpcf7-validates-as-required newsletter-form-input\" id=\"fname\" autocomplete=\"name\" aria-required=\"true\" aria-invalid=\"false\" placeholder=\"John\" value=\"\" type=\"text\" name=\"firstName\" \/><\/span> <\/label>\n<\/p>\n<p><label> Votre e-mail<br \/>\n<span class=\"wpcf7-form-control-wrap\" data-name=\"email\"><input size=\"40\" maxlength=\"400\" class=\"wpcf7-form-control wpcf7-email wpcf7-validates-as-required wpcf7-text wpcf7-validates-as-email newsletter-form-input\" id=\"name\" autocomplete=\"email\" aria-required=\"true\" aria-invalid=\"false\" placeholder=\"john.doe@example.com\" value=\"\" type=\"email\" name=\"email\" \/><\/span> <\/label>\n<\/p>\n<input class=\"wpcf7-form-control wpcf7-hidden\" value=\"Demo\" type=\"hidden\" name=\"magnet\" \/>\n<p><span class=\"wpcf7-form-control-wrap\" data-name=\"acceptTerms\"><span class=\"wpcf7-form-control wpcf7-acceptance\"><span class=\"wpcf7-list-item\"><label><input type=\"checkbox\" name=\"acceptTerms\" value=\"1\" class=\"accept-terms\" aria-invalid=\"false\" \/><span class=\"wpcf7-list-item-label\">J'accepte la politique de confidentialit\u00e9. <a href=\"https:\/\/www.iubenda.com\/privacy-policy\/62628866\" target=\"_blank\" rel=\"noopener\">termes<\/a>.<\/span><\/label><\/span><\/span><\/span>\n<\/p>\n<p><div class=\"cf7-cf-turnstile\" style=\"margin-top: 0px; margin-bottom: -15px;\"> <div id=\"cf-turnstile-cf7-2679640504\" class=\"cf-turnstile\" data-callback=\"turnstileCF7Callback\" data-sitekey=\"0x4AAAAAABldX2pdlKx0_bWD\" data-theme=\"auto\" data-language=\"auto\" data-size=\"normal\" data-retry=\"auto\" data-retry-interval=\"1000\" data-refresh-expired=\"auto\" data-refresh-timeout=\"auto\" data-action=\"contact-form-7\" data-appearance=\"interaction-only\"><\/div> <style>.wpcf7-submit { pointer-events: none; opacity: 0.5; }<\/style> <script>document.addEventListener(\"DOMContentLoaded\", function() { setTimeout(function(){ var e=document.getElementById(\"cf-turnstile-cf7-2679640504\"); if(e&&!e.innerHTML.trim()){turnstile.render(e, {sitekey:\"0x4AAAAAABldX2pdlKx0_bWD\"});} }, 200); });<\/script> <style>#cf-turnstile-cf7-2679640504 iframe { margin-bottom: 15px; }<\/style> <style>#cf-turnstile-cf7-2679640504 { margin-left: -15px; }<\/style> <script>document.addEventListener(\"DOMContentLoaded\",function(){document.querySelectorAll('.wpcf7-form').forEach(function(e){e.addEventListener('submit',function(){if(document.getElementById('cf-turnstile-cf7-2679640504')){setTimeout(function(){turnstile.reset('#cf-turnstile-cf7-2679640504');},1000)}})})});<\/script> <\/div><br\/><input class=\"wpcf7-form-control wpcf7-submit has-spinner gbp-button--primary\" type=\"submit\" value=\"Envoyer\" \/>\n<\/p><div class=\"wpcf7-response-output\" aria-hidden=\"true\"><\/div>\n<input type=\"hidden\" name=\"trp-form-language\" value=\"fr\"\/><\/form>\n<\/div>\n\n\n\n\n<p><a href=\"\/fr\/demo-gratuite\/\">&lt; Retour<\/a><\/p>\n\n<\/div>\n<\/div>","protected":false},"excerpt":{"rendered":"<p>Demo includes: Download Demo Enter Your Details Enter your email and enjoy the first 22 Syntorial lessons. On the house. &lt; Back<\/p>","protected":false},"author":2,"featured_media":0,"parent":0,"menu_order":0,"comment_status":"closed","ping_status":"closed","template":"","meta":{"_acf_changed":false,"_editorskit_title_hidden":false,"_editorskit_reading_time":0,"_editorskit_is_block_options_detached":false,"_editorskit_block_options_position":"{}","footnotes":""},"class_list":["post-55319","page","type-page","status-publish"],"acf":[],"_links":{"self":[{"href":"https:\/\/www.syntorial.com\/fr\/wp-json\/wp\/v2\/pages\/55319","targetHints":{"allow":["GET"]}}],"collection":[{"href":"https:\/\/www.syntorial.com\/fr\/wp-json\/wp\/v2\/pages"}],"about":[{"href":"https:\/\/www.syntorial.com\/fr\/wp-json\/wp\/v2\/types\/page"}],"author":[{"embeddable":true,"href":"https:\/\/www.syntorial.com\/fr\/wp-json\/wp\/v2\/users\/2"}],"replies":[{"embeddable":true,"href":"https:\/\/www.syntorial.com\/fr\/wp-json\/wp\/v2\/comments?post=55319"}],"version-history":[{"count":19,"href":"https:\/\/www.syntorial.com\/fr\/wp-json\/wp\/v2\/pages\/55319\/revisions"}],"predecessor-version":[{"id":57579,"href":"https:\/\/www.syntorial.com\/fr\/wp-json\/wp\/v2\/pages\/55319\/revisions\/57579"}],"wp:attachment":[{"href":"https:\/\/www.syntorial.com\/fr\/wp-json\/wp\/v2\/media?parent=55319"}],"curies":[{"name":"wp","href":"https:\/\/api.w.org\/{rel}","templated":true}]}}