{"id":53069,"date":"2023-05-11T14:56:57","date_gmt":"2023-05-11T19:56:57","guid":{"rendered":"https:\/\/www.syntorial.com\/?page_id=53069"},"modified":"2025-02-14T10:33:26","modified_gmt":"2025-02-14T10:33:26","slug":"firstsynth","status":"publish","type":"page","link":"https:\/\/www.syntorial.com\/fr\/firstsynth\/","title":{"rendered":"Choisir son premier synth\u00e9"},"content":{"rendered":"<figure class=\"gb-block-image gb-block-image-15a78f3e\"><img loading=\"lazy\" decoding=\"async\" width=\"1024\" height=\"1024\" class=\"gb-image gb-image-15a78f3e\" src=\"https:\/\/www.syntorial.com\/wp-content\/uploads\/2024\/11\/Man-trapped-in-synths.jpg\" alt=\"\" title=\"Homme pi\u00e9g\u00e9 dans les synth\u00e9s\" srcset=\"https:\/\/www.syntorial.com\/wp-content\/uploads\/2024\/11\/Man-trapped-in-synths.jpg 1024w, https:\/\/www.syntorial.com\/wp-content\/uploads\/2024\/11\/Man-trapped-in-synths-300x300.jpg 300w, https:\/\/www.syntorial.com\/wp-content\/uploads\/2024\/11\/Man-trapped-in-synths-150x150.jpg 150w, https:\/\/www.syntorial.com\/wp-content\/uploads\/2024\/11\/Man-trapped-in-synths-768x768.jpg 768w\" sizes=\"auto, (max-width: 1024px) 100vw, 1024px\" \/><\/figure>\n\n\n\n<p>Les synth\u00e9s sont partout ! Il y en a beaucoup trop parmi lesquels choisir !! Comment savoir lequel te conviendra ?!!!<\/p>\n\n\n\n<p>Pas de panique. On est l\u00e0 pour t'\u00e9clairer. Bien qu'il existe une infinit\u00e9 de fonctionnalit\u00e9s et de diff\u00e9rences entre les synth\u00e9s, il vaut mieux commencer par deux questions simples :<\/p>\n\n\n\n<ol class=\"wp-block-list\">\n<li>Est-ce que je veux un synth\u00e9 physique ou virtuel ?<\/li>\n\n\n\n<li>Quel type de synth\u00e8se devrais-je utiliser ?<\/li>\n<\/ol>\n\n\n\n<p>On va explorer ces deux questions ci-dessous, puis te faire quelques recommandations. C'est parti !<\/p>\n\n\n<div class=\"gb-container gb-container-abdfac25 gbp-section\">\n<div class=\"gb-container gb-container-01f8cc45 gbp-section__inner\">\n<div class=\"gb-container gb-container-2a14624c\">\n\n<h2 class=\"gb-headline gb-headline-5a2fd06e gb-headline-text gbp-section__headline\">Question 1 : Hardware ou Software ?<\/h2>\n\n\n\n<p class=\"gb-headline gb-headline-ac28f61c gb-headline-text gbp-section__text\">Tu peux avoir un vrai synth\u00e9 physique&nbsp;<em>hardware<\/em>&nbsp;&nbsp;devant toi, en trois dimensions, OU un synth\u00e9 virtuel&nbsp;<em>software<\/em>&nbsp;&nbsp;(appel\u00e9 aussi&nbsp;<em>soft<\/em>&nbsp;&nbsp;synth) sur ton ordinateur. Alors, quels sont les avantages de chaque option ?<\/p>\n\n<\/div>\n<\/div>\n\n<div class=\"gb-container gb-container-25673581\">\n<div class=\"gb-grid-wrapper gb-grid-wrapper-36c6f46c\">\n<div class=\"gb-grid-column gb-grid-column-f72831a2\"><div class=\"gb-container gb-container-f72831a2\">\n\n<h3 class=\"gb-headline gb-headline-48262b86 gb-headline-text gbp-section__headline\">Hardware<\/h3>\n\n\n\n<figure class=\"gb-block-image gb-block-image-eac8197f\"><img loading=\"lazy\" decoding=\"async\" width=\"1024\" height=\"853\" class=\"gb-image gb-image-eac8197f\" src=\"https:\/\/www.syntorial.com\/wp-content\/uploads\/2024\/11\/Korg-Minilogue-1024x853.jpeg\" alt=\"\" title=\"Korg Minilogue\" srcset=\"https:\/\/www.syntorial.com\/wp-content\/uploads\/2024\/11\/Korg-Minilogue-1024x853.jpeg 1024w, https:\/\/www.syntorial.com\/wp-content\/uploads\/2024\/11\/Korg-Minilogue-300x250.jpeg 300w, https:\/\/www.syntorial.com\/wp-content\/uploads\/2024\/11\/Korg-Minilogue-768x640.jpeg 768w, https:\/\/www.syntorial.com\/wp-content\/uploads\/2024\/11\/Korg-Minilogue.jpeg 1200w\" sizes=\"auto, (max-width: 1024px) 100vw, 1024px\" \/><\/figure>\n\n\n\n<ul class=\"wp-block-list\">\n<li><strong><mark style=\"background-color:rgba(0, 0, 0, 0)\" class=\"has-inline-color has-base-3-color\">Pourquoi : Tu veux un objet physique devant toi et\/ou un son analogique<\/mark><\/strong><\/li>\n\n\n\n<li>L'exp\u00e9rience tactile de tourner les potards et d'actionner les boutons est pr\u00e9f\u00e9r\u00e9e par certains comme une approche plus visc\u00e9rale et agr\u00e9able du design sonore.<\/li>\n\n\n\n<li>Certains sont \u00ab analogiques \u00bb, ce qui peut produire un son plus profond, riche, chaleureux et puissant.<\/li>\n<\/ul>\n\n<\/div><\/div>\n\n<div class=\"gb-grid-column gb-grid-column-fab52cb0\"><div class=\"gb-container gb-container-fab52cb0\">\n\n<h3 class=\"gb-headline gb-headline-d4fc13e2 gb-headline-text gbp-section__headline\">Software<\/h3>\n\n\n\n<figure class=\"gb-block-image gb-block-image-13eb4119\"><img loading=\"lazy\" decoding=\"async\" width=\"902\" height=\"730\" class=\"gb-image gb-image-13eb4119\" src=\"https:\/\/www.syntorial.com\/wp-content\/uploads\/2024\/11\/Serum-Synth-Interface.jpg\" alt=\"\" title=\"Interface de Serum\" srcset=\"https:\/\/www.syntorial.com\/wp-content\/uploads\/2024\/11\/Serum-Synth-Interface.jpg 902w, https:\/\/www.syntorial.com\/wp-content\/uploads\/2024\/11\/Serum-Synth-Interface-300x243.jpg 300w, https:\/\/www.syntorial.com\/wp-content\/uploads\/2024\/11\/Serum-Synth-Interface-768x622.jpg 768w\" sizes=\"auto, (max-width: 902px) 100vw, 902px\" \/><\/figure>\n\n\n\n<ul class=\"wp-block-list\">\n<li><strong><mark style=\"background-color:rgba(0, 0, 0, 0)\" class=\"has-inline-color has-base-3-color\">Pourquoi : Tu veux quelque chose d'abordable qui ne prend pas de place et\/ou qui offre des options et des capacit\u00e9s de design sonore approfondies<\/mark><\/strong><\/li>\n\n\n\n<li>Si certains sont tr\u00e8s simples, d'autres peuvent \u00eatre tr\u00e8s complexes avec plus de fonctionnalit\u00e9s qu'un synth\u00e9 hardware classique<\/li>\n\n\n\n<li>Certains offrent un excellent retour visuel anim\u00e9 qui facilite l'apprentissage<\/li>\n\n\n\n<li>Ne prennent aucune place dans ton studio\/chambre\/bureau<\/li>\n\n\n\n<li>Co\u00fbtent g\u00e9n\u00e9ralement beaucoup moins cher que le hardware (certains sont m\u00eame gratuits)<\/li>\n<\/ul>\n\n<\/div><\/div>\n<\/div>\n<\/div>\n<\/div>\n\n<div class=\"gb-container gb-container-c00f9fb6 gbp-section\">\n<div class=\"gb-container gb-container-a61cc478 gbp-section__inner\">\n<div class=\"gb-container gb-container-d40e8751\">\n\n<h2 class=\"gb-headline gb-headline-0bfbf9bd gb-headline-text gbp-section__headline\">Question 2 : Quel type de synth\u00e8se ?<\/h2>\n\n\n\n<p class=\"gb-headline gb-headline-6fdc9db1 gb-headline-text gbp-section__text\">Il existe de nombreux types de synth\u00e8se, mais pour ton premier synth\u00e9, tu devrais opter pour la synth\u00e8se soustractive ou la synth\u00e8se par table d'ondes. Les deux sont tr\u00e8s r\u00e9pandues et suivent la m\u00eame m\u00e9thodologie de design sonore : choisis un son brut au d\u00e9part, puis utilise la multitude de contr\u00f4les pour sculpter ce son brut en quelque chose de cool.<\/p>\n\n\n\n<p>Alors, quelle est la diff\u00e9rence ? En gros, les synth\u00e9s \u00e0 table d'ondes peuvent tout faire qu'un synth\u00e9 soustractif peut faire, et plus encore. Imagine la table d'ondes comme de la synth\u00e8se soustractive sous st\u00e9ro\u00efdes. Alors pourquoi choisir la soustractive ? Regardons \u00e7a de plus pr\u00e8s.<\/p>\n\n<\/div>\n<\/div>\n\n<div class=\"gb-container gb-container-36b278c0\">\n<div class=\"gb-grid-wrapper gb-grid-wrapper-d0367c58\">\n<div class=\"gb-grid-column gb-grid-column-fdd95ac3\"><div class=\"gb-container gb-container-fdd95ac3\">\n\n<h3 class=\"gb-headline gb-headline-af9b721c gb-headline-text gbp-section__headline\">Soustractive<\/h3>\n\n\n\n<figure class=\"gb-block-image gb-block-image-e61fd600\"><img loading=\"lazy\" decoding=\"async\" width=\"1592\" height=\"1166\" class=\"gb-image gb-image-e61fd600\" src=\"https:\/\/www.syntorial.com\/wp-content\/uploads\/2024\/11\/Primer-Free-Synthesizer-Interface.png\" alt=\"\" title=\"Interface du synth\u00e9tiseur gratuit Primer\" srcset=\"https:\/\/www.syntorial.com\/wp-content\/uploads\/2024\/11\/Primer-Free-Synthesizer-Interface.png 1592w, https:\/\/www.syntorial.com\/wp-content\/uploads\/2024\/11\/Primer-Free-Synthesizer-Interface-300x220.png 300w, https:\/\/www.syntorial.com\/wp-content\/uploads\/2024\/11\/Primer-Free-Synthesizer-Interface-1024x750.png 1024w, https:\/\/www.syntorial.com\/wp-content\/uploads\/2024\/11\/Primer-Free-Synthesizer-Interface-768x562.png 768w, https:\/\/www.syntorial.com\/wp-content\/uploads\/2024\/11\/Primer-Free-Synthesizer-Interface-1536x1125.png 1536w\" sizes=\"auto, (max-width: 1592px) 100vw, 1592px\" \/><\/figure>\n\n\n\n<ul class=\"wp-block-list\">\n<li><strong><mark style=\"background-color:rgba(0, 0, 0, 0)\" class=\"has-inline-color has-base-3-color\">Pourquoi : Tu veux de la simplicit\u00e9 et\/ou de l'analogique.<\/mark><\/strong><\/li>\n\n\n\n<li>La simplicit\u00e9 relative la rend plus facile \u00e0 apprendre.<\/li>\n\n\n\n<li>Si tu choisis un synth\u00e9 hardware&nbsp;<em>analogique<\/em>&nbsp;, tu dois obligatoirement opter pour la synth\u00e8se soustractive, car la synth\u00e8se par table d'ondes est un proc\u00e9d\u00e9&nbsp;<em>num\u00e9rique<\/em>&nbsp;.<\/li>\n<\/ul>\n\n<\/div><\/div>\n\n<div class=\"gb-grid-column gb-grid-column-8ac28a34\"><div class=\"gb-container gb-container-8ac28a34\">\n\n<h3 class=\"gb-headline gb-headline-1b0e8688 gb-headline-text gbp-section__headline\">Table d'ondes<\/h3>\n\n\n\n<figure class=\"gb-block-image gb-block-image-e0990490\"><img loading=\"lazy\" decoding=\"async\" width=\"1592\" height=\"1166\" class=\"gb-image gb-image-e0990490\" src=\"https:\/\/www.syntorial.com\/wp-content\/uploads\/2024\/11\/Vital-synth-screenshot.png\" alt=\"\" title=\"Capture d&#039;\u00e9cran de Vital\" srcset=\"https:\/\/www.syntorial.com\/wp-content\/uploads\/2024\/11\/Vital-synth-screenshot.png 1592w, https:\/\/www.syntorial.com\/wp-content\/uploads\/2024\/11\/Vital-synth-screenshot-300x220.png 300w, https:\/\/www.syntorial.com\/wp-content\/uploads\/2024\/11\/Vital-synth-screenshot-1024x750.png 1024w, https:\/\/www.syntorial.com\/wp-content\/uploads\/2024\/11\/Vital-synth-screenshot-768x562.png 768w, https:\/\/www.syntorial.com\/wp-content\/uploads\/2024\/11\/Vital-synth-screenshot-1536x1125.png 1536w\" sizes=\"auto, (max-width: 1592px) 100vw, 1592px\" \/><\/figure>\n\n\n\n<ul class=\"wp-block-list\">\n<li><strong><mark style=\"background-color:rgba(0, 0, 0, 0)\" class=\"has-inline-color has-base-3-color\">Pourquoi : Tu veux une large palette de possibilit\u00e9s en design sonore avec beaucoup de place pour progresser.<\/mark><\/strong><\/li>\n\n\n\n<li>Beaucoup plus d'options sonores et de complexit\u00e9, notamment des groupes de formes d'onde appel\u00e9s&nbsp;<em>wavetables,<\/em>&nbsp;&nbsp;qui peuvent se transformer les unes en les autres.<\/li>\n<\/ul>\n\n<\/div><\/div>\n<\/div>\n<\/div>\n<\/div>\n\n\n<h2 class=\"wp-block-heading\">Toujours pas s\u00fbr ?<\/h2>\n\n\n\n<p>Si tu as lu les Questions 1 et 2 ci-dessus et que tu n'arrives pas \u00e0 te d\u00e9cider, commence par un synth\u00e9 software soustractif. Ils sont simples et donc plus faciles \u00e0 apprendre, et tu n'auras pas \u00e0 d\u00e9penser une fortune au d\u00e9part. Ensuite, avec le temps, tu commenceras \u00e0 avoir une id\u00e9e plus pr\u00e9cise de ce que tu veux et tu pourras investir ton argent exactement dans ce dont tu as besoin\/envie.&nbsp;&nbsp;<\/p>\n\n\n\n<h2 class=\"wp-block-heading\">Recommandations<\/h2>\n\n\n\n<p>R\u00e9pondre aux questions ci-dessus va r\u00e9duire tes choix. Mais m\u00eame dans notre monde moderne qui compte un million de synth\u00e9s, tu auras encore beaucoup de synth\u00e9s parmi lesquels choisir. Voici donc nos recommandations officielles :<\/p>\n\n\n\n<h3 class=\"wp-block-heading\">Software + Soustractive<\/h3>\n\n\n\n<h4 class=\"gb-headline gb-headline-bf45d3b6 gb-headline-text\">1. <a href=\"\/fr\/primer\/\" target=\"_blank\" rel=\"noreferrer noopener\">Primer<\/a><\/h4>\n\n\n<div class=\"gb-container gb-container-59a69ed6\">\n<div class=\"gb-container gb-container-d327648b\">\n<div class=\"wp-block-image\">\n<figure class=\"alignleft size-medium is-resized\"><img loading=\"lazy\" decoding=\"async\" width=\"300\" height=\"220\" src=\"https:\/\/www.syntorial.com\/wp-content\/uploads\/2024\/11\/Primer-Free-Synthesizer-Interface-300x220.png\" alt=\"\" class=\"wp-image-55585\" style=\"width:300px;height:auto\" srcset=\"https:\/\/www.syntorial.com\/wp-content\/uploads\/2024\/11\/Primer-Free-Synthesizer-Interface-300x220.png 300w, https:\/\/www.syntorial.com\/wp-content\/uploads\/2024\/11\/Primer-Free-Synthesizer-Interface-1024x750.png 1024w, https:\/\/www.syntorial.com\/wp-content\/uploads\/2024\/11\/Primer-Free-Synthesizer-Interface-768x562.png 768w, https:\/\/www.syntorial.com\/wp-content\/uploads\/2024\/11\/Primer-Free-Synthesizer-Interface-1536x1125.png 1536w, https:\/\/www.syntorial.com\/wp-content\/uploads\/2024\/11\/Primer-Free-Synthesizer-Interface.png 1592w\" sizes=\"auto, (max-width: 300px) 100vw, 300px\" \/><\/figure>\n<\/div>\n<\/div>\n\n<div class=\"gb-container gb-container-72c15eb6\">\n\n<ul class=\"wp-block-list\">\n<li>Gratuit !!<\/li>\n\n\n\n<li>Un excellent synth\u00e9 de d\u00e9part, con\u00e7u pour le cours de formation prim\u00e9&nbsp;<a href=\"https:\/\/www.syntorial.com\/fr\/\" target=\"_blank\" rel=\"noreferrer noopener\">Syntorial<\/a><\/li>\n\n\n\n<li>Poss\u00e8de tous les contr\u00f4les essentiels qu'on retrouve dans la plupart des synth\u00e9s, ce qui facilite le passage \u00e0 quelque chose de plus avanc\u00e9 quand tu seras pr\u00eat.<\/li>\n\n\n\n<li><strong>Transparence totale<\/strong>: Nous avons cr\u00e9\u00e9 Primer et Syntorial, donc on est peut-\u00eatre un peu biais\u00e9s \ud83d\ude05 (m\u00eame si c'est vraiment un excellent synth\u00e9). Alors laisse-nous aussi te sugg\u00e9rer un synth\u00e9 qu'on n'a pas cr\u00e9\u00e9\u2026<\/li>\n<\/ul>\n\n<\/div>\n<\/div>\n\n\n<h4 class=\"gb-headline gb-headline-f861cd15 gb-headline-text\">2. <a href=\"https:\/\/tal-software.com\/products\/tal-noisemaker\" target=\"_blank\" rel=\"noreferrer noopener\">TAL-NoiseMaker<\/a><\/h4>\n\n\n<div class=\"gb-container gb-container-040a348c\">\n<div class=\"gb-container gb-container-0d681be4\">\n<div class=\"wp-block-image\">\n<figure class=\"alignleft size-medium is-resized\"><img loading=\"lazy\" decoding=\"async\" width=\"300\" height=\"164\" src=\"https:\/\/www.syntorial.com\/wp-content\/uploads\/2024\/11\/tal-noisemaker-interface-300x164.jpg\" alt=\"\" class=\"wp-image-55588\" style=\"width:300px;height:auto\" srcset=\"https:\/\/www.syntorial.com\/wp-content\/uploads\/2024\/11\/tal-noisemaker-interface-300x164.jpg 300w, https:\/\/www.syntorial.com\/wp-content\/uploads\/2024\/11\/tal-noisemaker-interface-1024x560.jpg 1024w, https:\/\/www.syntorial.com\/wp-content\/uploads\/2024\/11\/tal-noisemaker-interface-768x420.jpg 768w, https:\/\/www.syntorial.com\/wp-content\/uploads\/2024\/11\/tal-noisemaker-interface-1536x840.jpg 1536w, https:\/\/www.syntorial.com\/wp-content\/uploads\/2024\/11\/tal-noisemaker-interface.jpg 1752w\" sizes=\"auto, (max-width: 300px) 100vw, 300px\" \/><\/figure>\n<\/div>\n<\/div>\n\n<div class=\"gb-container gb-container-708f536a\">\n\n<ul class=\"wp-block-list\">\n<li>Un excellent synth\u00e9 avec un ensemble solide de contr\u00f4les essentiels.<\/li>\n\n\n\n<li>Gratuit aussi!<\/li>\n<\/ul>\n\n<\/div>\n<\/div>\n\n\n<h3 class=\"wp-block-heading\">Software + Table d'ondes<\/h3>\n\n\n\n<h4 class=\"gb-headline gb-headline-39a05644 gb-headline-text\"><a href=\"https:\/\/xferrecords.com\/products\/serum\" target=\"_blank\" rel=\"noreferrer noopener\">Serum<\/a><\/h4>\n\n\n<div class=\"gb-container gb-container-d54acd4a\">\n<div class=\"gb-container gb-container-d1854ed0\">\n<div class=\"wp-block-image\">\n<figure class=\"alignleft size-medium is-resized\"><img loading=\"lazy\" decoding=\"async\" width=\"300\" height=\"243\" src=\"http:\/\/www.syntorial.com\/wp-content\/uploads\/2024\/11\/Serum-Synth-Interface-300x243.jpg\" alt=\"\" class=\"wp-image-55456\" style=\"width:300px;height:auto\" srcset=\"https:\/\/www.syntorial.com\/wp-content\/uploads\/2024\/11\/Serum-Synth-Interface-300x243.jpg 300w, https:\/\/www.syntorial.com\/wp-content\/uploads\/2024\/11\/Serum-Synth-Interface-768x622.jpg 768w, https:\/\/www.syntorial.com\/wp-content\/uploads\/2024\/11\/Serum-Synth-Interface.jpg 902w\" sizes=\"auto, (max-width: 300px) 100vw, 300px\" \/><\/figure>\n<\/div>\n<\/div>\n\n<div class=\"gb-container gb-container-20be9ae0\">\n\n<ul class=\"wp-block-list\">\n<li>Une r\u00e9f\u00e9rence incontournable pour les amateurs de table d'ondes.<\/li>\n\n\n\n<li>Offre des capacit\u00e9s profondes et une tonne de fonctionnalit\u00e9s, tout en restant (relativement) accessible et pas intimidant.<\/li>\n\n\n\n<li>Syntorial comprend un&nbsp;<a href=\"https:\/\/www.syntorial.com\/fr\/packs-de-lecons\/\" target=\"_blank\" rel=\"noreferrer noopener\">pack de le\u00e7ons<\/a>&nbsp;&nbsp;exhaustivement d\u00e9taill\u00e9 qui couvre Serum dans les moindres recoins.<\/li>\n\n\n\n<li>However, creeping up behind this long-reigning king of Wavetables is&#8230;<\/li>\n<\/ul>\n\n<\/div>\n<\/div>\n\n\n<h4 class=\"gb-headline gb-headline-ccf8f11c gb-headline-text\"><a href=\"https:\/\/vital.audio\/\" target=\"_blank\" rel=\"noreferrer noopener\">Vital<\/a><\/h4>\n\n\n<div class=\"gb-container gb-container-da3474b2\">\n<div class=\"gb-container gb-container-80730f70\">\n<div class=\"wp-block-image\">\n<figure class=\"alignleft size-medium is-resized\"><img loading=\"lazy\" decoding=\"async\" width=\"300\" height=\"176\" src=\"http:\/\/www.syntorial.com\/wp-content\/uploads\/2024\/11\/vital_screenshot-300x176.jpg\" alt=\"\" class=\"wp-image-55590\" style=\"width:300px;height:auto\" srcset=\"https:\/\/www.syntorial.com\/wp-content\/uploads\/2024\/11\/vital_screenshot-300x176.jpg 300w, https:\/\/www.syntorial.com\/wp-content\/uploads\/2024\/11\/vital_screenshot-1024x599.jpg 1024w, https:\/\/www.syntorial.com\/wp-content\/uploads\/2024\/11\/vital_screenshot-768x450.jpg 768w, https:\/\/www.syntorial.com\/wp-content\/uploads\/2024\/11\/vital_screenshot-1536x899.jpg 1536w, https:\/\/www.syntorial.com\/wp-content\/uploads\/2024\/11\/vital_screenshot.jpg 1845w\" sizes=\"auto, (max-width: 300px) 100vw, 300px\" \/><\/figure>\n<\/div>\n<\/div>\n\n<div class=\"gb-container gb-container-0d1a62ab\">\n\n<ul class=\"wp-block-list\">\n<li>Tout aussi performant que Serum, mais avec plusieurs paliers de prix, dont un GRATUIT.<\/li>\n\n\n\n<li>Interface magnifique avec des retours visuels anim\u00e9s.<\/li>\n<\/ul>\n\n<\/div>\n<\/div>\n\n\n<h3 class=\"wp-block-heading\">Hardware + Soustractive<\/h3>\n\n\n\n<h4 class=\"gb-headline gb-headline-cfd5543a gb-headline-text\"><a href=\"https:\/\/www.korg.com\/us\/products\/synthesizers\/minilogue_xd\/\" target=\"_blank\" rel=\"noreferrer noopener\">Korg Minilogue xD<\/a><\/h4>\n\n\n<div class=\"gb-container gb-container-2a211135\">\n<div class=\"gb-container gb-container-b9436c92\">\n<div class=\"wp-block-image\">\n<figure class=\"alignleft size-medium is-resized\"><img loading=\"lazy\" decoding=\"async\" width=\"300\" height=\"250\" src=\"http:\/\/www.syntorial.com\/wp-content\/uploads\/2024\/11\/Korg-Minilogue-300x250.jpeg\" alt=\"\" class=\"wp-image-55454\" style=\"width:300px;height:auto\" srcset=\"https:\/\/www.syntorial.com\/wp-content\/uploads\/2024\/11\/Korg-Minilogue-300x250.jpeg 300w, https:\/\/www.syntorial.com\/wp-content\/uploads\/2024\/11\/Korg-Minilogue-1024x853.jpeg 1024w, https:\/\/www.syntorial.com\/wp-content\/uploads\/2024\/11\/Korg-Minilogue-768x640.jpeg 768w, https:\/\/www.syntorial.com\/wp-content\/uploads\/2024\/11\/Korg-Minilogue.jpeg 1200w\" sizes=\"auto, (max-width: 300px) 100vw, 300px\" \/><\/figure>\n<\/div>\n<\/div>\n\n<div class=\"gb-container gb-container-3aa2d32d\">\n\n<ul class=\"wp-block-list\">\n<li>V\u00e9ritable analogique au son magnifique<\/li>\n\n\n\n<li>Polyphonique (peut jouer plusieurs notes en m\u00eame temps) tout en restant relativement abordable (les synth\u00e9s analogiques polyphoniques sont g\u00e9n\u00e9ralement chers)<\/li>\n\n\n\n<li>Bien qu'il soit principalement un synth\u00e9 soustractif, le troisi\u00e8me oscillateur peut \u00eatre configur\u00e9 pour la synth\u00e8se par table d'ondes ou FM, et est extensible vers encore plus d'options. Il y a donc de la place pour grandir.<\/li>\n<\/ul>\n\n<\/div>\n<\/div>\n\n\n<h3 class=\"wp-block-heading\">Hardware + Table d'ondes<\/h3>\n\n\n\n<h4 class=\"gb-headline gb-headline-da6502ad gb-headline-text\"><a href=\"https:\/\/www.korg.com\/us\/products\/synthesizers\/modwave\/\" target=\"_blank\" rel=\"noreferrer noopener\">Korg Modwave<\/a><\/h4>\n\n\n<div class=\"gb-container gb-container-ec826438\">\n<div class=\"gb-container gb-container-b10ff4f0\">\n<div class=\"wp-block-image\">\n<figure class=\"alignleft size-medium is-resized\"><img loading=\"lazy\" decoding=\"async\" width=\"300\" height=\"250\" src=\"http:\/\/www.syntorial.com\/wp-content\/uploads\/2024\/11\/korg-modwave-300x250.jpeg\" alt=\"\" class=\"wp-image-55591\" style=\"width:300px;height:auto\" srcset=\"https:\/\/www.syntorial.com\/wp-content\/uploads\/2024\/11\/korg-modwave-300x250.jpeg 300w, https:\/\/www.syntorial.com\/wp-content\/uploads\/2024\/11\/korg-modwave-1024x853.jpeg 1024w, https:\/\/www.syntorial.com\/wp-content\/uploads\/2024\/11\/korg-modwave-768x640.jpeg 768w, https:\/\/www.syntorial.com\/wp-content\/uploads\/2024\/11\/korg-modwave.jpeg 1200w\" sizes=\"auto, (max-width: 300px) 100vw, 300px\" \/><\/figure>\n<\/div>\n<\/div>\n\n<div class=\"gb-container gb-container-1a866822\">\n\n<ul class=\"wp-block-list\">\n<li>Beaucoup de complexit\u00e9 en table d'ondes, tout en restant convivial.<\/li>\n\n\n\n<li>L'une des rares critiques qu'on lui fait est que le clavier semble bon march\u00e9. Alors essaie-le si tu peux et si tu n'aimes pas son toucher\u2026<\/li>\n<\/ul>\n\n<\/div>\n<\/div>\n\n\n<h4 class=\"gb-headline gb-headline-572afb7a gb-headline-text\"><a href=\"https:\/\/www.ashunsoundmachines.com\/hydrasynth-key\" target=\"_blank\" rel=\"noopener\">Hydrasynth<\/a><\/h4>\n\n\n<div class=\"gb-container gb-container-977b80a3\">\n<div class=\"gb-container gb-container-9d5f4e68\">\n<div class=\"wp-block-image\">\n<figure class=\"alignleft size-medium is-resized\"><img loading=\"lazy\" decoding=\"async\" width=\"300\" height=\"169\" src=\"https:\/\/www.syntorial.com\/wp-content\/uploads\/2024\/11\/Hydrasynth-300x169.jpeg\" alt=\"\" class=\"wp-image-55592\" style=\"width:300px;height:auto\" srcset=\"https:\/\/www.syntorial.com\/wp-content\/uploads\/2024\/11\/Hydrasynth-300x169.jpeg 300w, https:\/\/www.syntorial.com\/wp-content\/uploads\/2024\/11\/Hydrasynth-1024x576.jpeg 1024w, https:\/\/www.syntorial.com\/wp-content\/uploads\/2024\/11\/Hydrasynth-768x432.jpeg 768w, https:\/\/www.syntorial.com\/wp-content\/uploads\/2024\/11\/Hydrasynth-1536x864.jpeg 1536w, https:\/\/www.syntorial.com\/wp-content\/uploads\/2024\/11\/Hydrasynth.jpeg 1920w\" sizes=\"auto, (max-width: 300px) 100vw, 300px\" \/><\/figure>\n<\/div>\n<\/div>\n\n<div class=\"gb-container gb-container-fc42ef7e\">\n\n<ul class=\"wp-block-list\">\n<li>Capacit\u00e9s sonores profondes dans lesquelles se perdre avec plaisir.<\/li>\n\n\n\n<li>Plusieurs mod\u00e8les \u00e0 diff\u00e9rents niveaux de prix.<\/li>\n\n\n\n<li>Un nombre important de fonctionnalit\u00e9s n\u00e9cessitent de plonger dans les menus, ce qui peut le rendre un peu plus difficile \u00e0 apprendre, m\u00eame si sa structure de menus est plus intuitive que d'autres.<\/li>\n<\/ul>\n\n<\/div>\n<\/div>\n\n\n<h2 class=\"wp-block-heading\">Conclusion<\/h2>\n\n\n\n<p>Cet article se voulait concis. Pourtant, ton cerveau est peut-\u00eatre un peu surcharg\u00e9 d'infos en ce moment. Alors laisse-nous clarifier tout \u00e7a avec un r\u00e9sum\u00e9 tr\u00e8s simplifi\u00e9 en deux points :<\/p>\n\n\n\n<ul class=\"wp-block-list\">\n<li>Si tu veux toucher un synth\u00e9 physique et que ton budget le permet, opte pour du hardware. Sinon, opte pour du software.<\/li>\n\n\n\n<li>Si tu veux rester simple, opte pour le soustractif. Si tu veux de la complexit\u00e9 avec de la place pour progresser, opte pour la table d'ondes.<\/li>\n<\/ul>\n\n\n\n<p>Et surtout, amuse-toi bien !<\/p>","protected":false},"excerpt":{"rendered":"<p>Synths are everywhere! There are too many to choose from!! How could you possibly know which one is right for you?!!! Have no fear. We\u2019re here to break it down for you. While there are infinite features and differences between synths, it\u2019s best to start with two simple questions: Below &#8230; <a title=\"Choisir son premier synth\u00e9\" class=\"read-more\" href=\"https:\/\/www.syntorial.com\/fr\/firstsynth\/\" aria-label=\"En savoir plus sur Choosing Your First Synth\">Lire la suite<\/a><\/p>","protected":false},"author":1,"featured_media":55452,"parent":0,"menu_order":0,"comment_status":"closed","ping_status":"closed","template":"","meta":{"_acf_changed":false,"_editorskit_title_hidden":false,"_editorskit_reading_time":0,"_editorskit_is_block_options_detached":false,"_editorskit_block_options_position":"{}","footnotes":""},"class_list":["post-53069","page","type-page","status-publish","has-post-thumbnail"],"acf":[],"_links":{"self":[{"href":"https:\/\/www.syntorial.com\/fr\/wp-json\/wp\/v2\/pages\/53069","targetHints":{"allow":["GET"]}}],"collection":[{"href":"https:\/\/www.syntorial.com\/fr\/wp-json\/wp\/v2\/pages"}],"about":[{"href":"https:\/\/www.syntorial.com\/fr\/wp-json\/wp\/v2\/types\/page"}],"author":[{"embeddable":true,"href":"https:\/\/www.syntorial.com\/fr\/wp-json\/wp\/v2\/users\/1"}],"replies":[{"embeddable":true,"href":"https:\/\/www.syntorial.com\/fr\/wp-json\/wp\/v2\/comments?post=53069"}],"version-history":[{"count":13,"href":"https:\/\/www.syntorial.com\/fr\/wp-json\/wp\/v2\/pages\/53069\/revisions"}],"predecessor-version":[{"id":56886,"href":"https:\/\/www.syntorial.com\/fr\/wp-json\/wp\/v2\/pages\/53069\/revisions\/56886"}],"wp:featuredmedia":[{"embeddable":true,"href":"https:\/\/www.syntorial.com\/fr\/wp-json\/wp\/v2\/media\/55452"}],"wp:attachment":[{"href":"https:\/\/www.syntorial.com\/fr\/wp-json\/wp\/v2\/media?parent=53069"}],"curies":[{"name":"wp","href":"https:\/\/api.w.org\/{rel}","templated":true}]}}