{"id":5185,"date":"2016-08-31T22:26:14","date_gmt":"2016-09-01T03:26:14","guid":{"rendered":"https:\/\/www.syntorial.com\/\/?page_id=5185"},"modified":"2024-11-07T21:28:43","modified_gmt":"2024-11-07T21:28:43","slug":"massive-wavetables-by-attribute","status":"publish","type":"page","link":"https:\/\/www.syntorial.com\/fr\/massive-wavetables-by-attribute\/","title":{"rendered":"Tables d'ondes de Massive par attribut"},"content":{"rendered":"<p>&nbsp;<\/p>\n\n\n\n<div class=\"wp-block-media-text is-stacked-on-mobile is-vertically-aligned-top\" style=\"grid-template-columns:40% auto\"><figure class=\"wp-block-media-text__media\"><img loading=\"lazy\" decoding=\"async\" width=\"500\" height=\"398\" src=\"https:\/\/www.syntorial.com\/wp-content\/uploads\/2024\/11\/massive_wavetables.png\" alt=\"\" class=\"wp-image-55776 size-full\" srcset=\"https:\/\/www.syntorial.com\/wp-content\/uploads\/2024\/11\/massive_wavetables.png 500w, https:\/\/www.syntorial.com\/wp-content\/uploads\/2024\/11\/massive_wavetables-300x239.png 300w\" sizes=\"auto, (max-width: 500px) 100vw, 500px\" \/><\/figure><div class=\"wp-block-media-text__content\">\n<p>Massive propose un grand nombre de tables d'ondes. Voici un guide pour t'aider \u00e0 trouver les tables d'ondes selon leurs attributs sonores comme M\u00e9tallique et Distordu. Clique simplement sur un attribut pour voir quelles tables d'ondes le poss\u00e8dent.<\/p>\n\n\n\n<p>Cela accompagne le <a href=\"\/fr\/packs-de-lecons\/\" target=\"_blank\" rel=\"noreferrer noopener\">Pack de le\u00e7ons Massive<\/a> pour Syntorial, qui comprend 41 vid\u00e9os couvrant chaque recoin de ce synth\u00e9 logiciel puissant et polyvalent. Obtiens les 4 premi\u00e8res vid\u00e9os gratuitement dans la <a href=\"\/fr\/demo-gratuite\/\" target=\"_blank\" rel=\"noreferrer noopener\">d\u00e9mo de Syntorial<\/a>.<\/p>\n<\/div><\/div>\n\n\n<div class=\"gb-container gb-container-bab7713c\">\n<div class=\"gb-container gb-container-ccdcd62d\">\n<div class=\"gb-container gb-container-f5f2f972\">\n\n<h2 class=\"gb-headline gb-headline-60dfe68d gb-headline-text\"><strong><strong>Liste des tables d'ondes<\/strong><\/strong><\/h2>\n\n<\/div>\n\n<div class=\"gb-container gb-container-352e2f66\">\n<div class=\"gb-container gb-container-9552d709 gb-accordion\" data-accordion-multiple-open>\n<div class=\"gb-container gb-container-fc416eb9 gb-accordion__item gb-accordion__item-open\" data-transition=\"slide\">\n\n<button class=\"gb-button gb-button-9377413d gb-accordion__toggle gb-block-is-current\" id=\"gb-accordion-toggle-9377413d\"><span class=\"gb-button-text\">Soustractive<\/span><span class=\"gb-icon\"><svg xmlns=\"http:\/\/www.w3.org\/2000\/svg\" viewbox=\"0 0 448 512\" width=\"1em\" height=\"1em\" role=\"img\" class=\"gb-accordion__icon\"><path d=\"M207.029 381.476L12.686 187.132c-9.373-9.373-9.373-24.569 0-33.941l22.667-22.667c9.357-9.357 24.522-9.375 33.901-.04L224 284.505l154.745-154.021c9.379-9.335 24.544-9.317 33.901.04l22.667 22.667c9.373 9.373 9.373 24.569 0 33.941L240.971 381.476c-9.373 9.372-24.569 9.372-33.942 0z\" fill=\"currentColor\"><\/path><\/svg><svg xmlns=\"http:\/\/www.w3.org\/2000\/svg\" viewbox=\"0 0 448 512\" width=\"1em\" height=\"1em\" role=\"img\" class=\"gb-accordion__icon-open\"><path d=\"M240.971 130.524l194.343 194.343c9.373 9.373 9.373 24.569 0 33.941l-22.667 22.667c-9.357 9.357-24.522 9.375-33.901.04L224 227.495 69.255 381.516c-9.379 9.335-24.544 9.317-33.901-.04l-22.667-22.667c-9.373-9.373-9.373-24.569 0-33.941L207.03 130.525c9.372-9.373 24.568-9.373 33.941-.001z\" fill=\"currentColor\"><\/path><\/svg><\/span><\/button>\n\n\n<div id=\"gb-accordion-content-e152be1d\" class=\"gb-accordion__content\"><div class=\"gb-container gb-container-e152be1d\">\n\n<p>Les bonnes vieilles dents de scie, ondes carr\u00e9es, etc. Des classiques ind\u00e9modables.<\/p>\n\n\n\n<h6 class=\"wp-block-heading\">VA<\/h6>\n\n\n\n<ul class=\"wp-block-list\">\n<li>Pulse-Saw PWM<\/li>\n\n\n\n<li>Pulse-Saw Sync<\/li>\n<\/ul>\n\n\n\n<h6 class=\"wp-block-heading\">Basic<\/h6>\n\n\n\n<ul class=\"wp-block-list\">\n<li>Square-Saw I &amp; II<\/li>\n\n\n\n<li>Smooth Square<\/li>\n\n\n\n<li>Sin-Square<\/li>\n\n\n\n<li>Sin-Triangle<\/li>\n<\/ul>\n\n\n\n<h6 class=\"wp-block-heading\">Analog\/Electric<\/h6>\n\n\n\n<ul class=\"wp-block-list\">\n<li>Classic<\/li>\n\n\n\n<li>HardSync<\/li>\n\n\n\n<li>Dirty PWM<\/li>\n<\/ul>\n\n<\/div><\/div>\n<\/div>\n\n<div class=\"gb-container gb-container-ae30e6d2 gb-accordion__item\" data-transition=\"slide\">\n\n<button class=\"gb-button gb-button-e2052be4 gb-accordion__toggle\" id=\"gb-accordion-toggle-e2052be4\"><span class=\"gb-button-text\">M\u00e9talliques<\/span><span class=\"gb-icon\"><svg xmlns=\"http:\/\/www.w3.org\/2000\/svg\" viewbox=\"0 0 448 512\" width=\"1em\" height=\"1em\" role=\"img\" class=\"gb-accordion__icon\"><path d=\"M207.029 381.476L12.686 187.132c-9.373-9.373-9.373-24.569 0-33.941l22.667-22.667c9.357-9.357 24.522-9.375 33.901-.04L224 284.505l154.745-154.021c9.379-9.335 24.544-9.317 33.901.04l22.667 22.667c9.373 9.373 9.373 24.569 0 33.941L240.971 381.476c-9.373 9.372-24.569 9.372-33.942 0z\" fill=\"currentColor\"><\/path><\/svg><svg xmlns=\"http:\/\/www.w3.org\/2000\/svg\" viewbox=\"0 0 448 512\" width=\"1em\" height=\"1em\" role=\"img\" class=\"gb-accordion__icon-open\"><path d=\"M240.971 130.524l194.343 194.343c9.373 9.373 9.373 24.569 0 33.941l-22.667 22.667c-9.357 9.357-24.522 9.375-33.901.04L224 227.495 69.255 381.516c-9.379 9.335-24.544 9.317-33.901-.04l-22.667-22.667c-9.373-9.373-9.373-24.569 0-33.941L207.03 130.525c9.372-9.373 24.568-9.373 33.941-.001z\" fill=\"currentColor\"><\/path><\/svg><\/span><\/button>\n\n\n<div id=\"gb-accordion-content-a017baee\" class=\"gb-accordion__content\"><div class=\"gb-container gb-container-a017baee\">\n\n<p>Pour quelques tables d'ondes, tu devras ajuster le potard WT-Position pour trouver les formes d'onde m\u00e9talliques.<\/p>\n\n\n\n<h6 class=\"wp-block-heading\">Basic<\/h6>\n\n\n\n<ul class=\"wp-block-list\">\n<li>Escalation I &amp; II<\/li>\n\n\n\n<li>Additivmix I, II, III, IV &amp; VI<\/li>\n\n\n\n<li>Inharmonic<\/li>\n\n\n\n<li>Sinharmonic I &amp; II<\/li>\n\n\n\n<li>Woody<\/li>\n<\/ul>\n\n\n\n<h6 class=\"wp-block-heading\">Analog\/Electric<\/h6>\n\n\n\n<ul class=\"wp-block-list\">\n<li>Carbon (ajuste WT-Pos)<\/li>\n<\/ul>\n\n\n\n<h6 class=\"wp-block-heading\">Digital\/Hybrid<\/h6>\n\n\n\n<ul class=\"wp-block-list\">\n<li>Melofant<\/li>\n\n\n\n<li>Sonic<\/li>\n\n\n\n<li>Squelchy<\/li>\n\n\n\n<li>Digi Cook III<\/li>\n\n\n\n<li>Bronze (ajuste WT-Pos)<\/li>\n<\/ul>\n\n<\/div><\/div>\n<\/div>\n\n<div class=\"gb-container gb-container-2ec9cd51 gb-accordion__item\" data-transition=\"slide\">\n\n<button class=\"gb-button gb-button-5ea9bd29 gb-accordion__toggle\" id=\"gb-accordion-toggle-5ea9bd29\"><span class=\"gb-button-text\">Distordues<\/span><span class=\"gb-icon\"><svg xmlns=\"http:\/\/www.w3.org\/2000\/svg\" viewbox=\"0 0 448 512\" width=\"1em\" height=\"1em\" role=\"img\" class=\"gb-accordion__icon\"><path d=\"M207.029 381.476L12.686 187.132c-9.373-9.373-9.373-24.569 0-33.941l22.667-22.667c9.357-9.357 24.522-9.375 33.901-.04L224 284.505l154.745-154.021c9.379-9.335 24.544-9.317 33.901.04l22.667 22.667c9.373 9.373 9.373 24.569 0 33.941L240.971 381.476c-9.373 9.372-24.569 9.372-33.942 0z\" fill=\"currentColor\"><\/path><\/svg><svg xmlns=\"http:\/\/www.w3.org\/2000\/svg\" viewbox=\"0 0 448 512\" width=\"1em\" height=\"1em\" role=\"img\" class=\"gb-accordion__icon-open\"><path d=\"M240.971 130.524l194.343 194.343c9.373 9.373 9.373 24.569 0 33.941l-22.667 22.667c-9.357 9.357-24.522 9.375-33.901.04L224 227.495 69.255 381.516c-9.379 9.335-24.544 9.317-33.901-.04l-22.667-22.667c-9.373-9.373-9.373-24.569 0-33.941L207.03 130.525c9.372-9.373 24.568-9.373 33.941-.001z\" fill=\"currentColor\"><\/path><\/svg><\/span><\/button>\n\n\n<div id=\"gb-accordion-content-568ec0bf\" class=\"gb-accordion__content\"><div class=\"gb-container gb-container-568ec0bf\">\n\n<p>De la saturation \u00e0 la crasse jusqu'au carr\u00e9ment sale.<\/p>\n\n\n\n<h6 class=\"wp-block-heading\">Basic<\/h6>\n\n\n\n<ul class=\"wp-block-list\">\n<li>Roughmath I \u00e0 III<\/li>\n\n\n\n<li>Additivmix V<\/li>\n<\/ul>\n\n\n\n<h6 class=\"wp-block-heading\">Analog\/Electric<\/h6>\n\n\n\n<ul class=\"wp-block-list\">\n<li>Acid<\/li>\n\n\n\n<li>Groan I \u00e0 IV<\/li>\n\n\n\n<li>Drive I \u00e0 III<\/li>\n\n\n\n<li>Electric<\/li>\n\n\n\n<li>Screamer<\/li>\n\n\n\n<li>Dirty Needle<\/li>\n\n\n\n<li>Dirty PWM<\/li>\n\n\n\n<li>Strontium<\/li>\n\n\n\n<li>Frozen<\/li>\n\n\n\n<li>Vulgar<\/li>\n\n\n\n<li>Disto<\/li>\n<\/ul>\n\n\n\n<h6 class=\"wp-block-heading\">Digital\/Hybrid<\/h6>\n\n\n\n<ul class=\"wp-block-list\">\n<li>Modern Talking<\/li>\n\n\n\n<li>Digigrain I \u00e0 II<\/li>\n\n\n\n<li>Squelchy<\/li>\n\n\n\n<li>Duck Organ<\/li>\n\n\n\n<li>Chrome<\/li>\n<\/ul>\n\n<\/div><\/div>\n<\/div>\n\n<div class=\"gb-container gb-container-3fb2224a gb-accordion__item\" data-transition=\"slide\">\n\n<button class=\"gb-button gb-button-bcc3a52a gb-accordion__toggle\" id=\"gb-accordion-toggle-bcc3a52a\"><span class=\"gb-button-text\">Bitcrushed<\/span><span class=\"gb-icon\"><svg xmlns=\"http:\/\/www.w3.org\/2000\/svg\" viewbox=\"0 0 448 512\" width=\"1em\" height=\"1em\" role=\"img\" class=\"gb-accordion__icon\"><path d=\"M207.029 381.476L12.686 187.132c-9.373-9.373-9.373-24.569 0-33.941l22.667-22.667c9.357-9.357 24.522-9.375 33.901-.04L224 284.505l154.745-154.021c9.379-9.335 24.544-9.317 33.901.04l22.667 22.667c9.373 9.373 9.373 24.569 0 33.941L240.971 381.476c-9.373 9.372-24.569 9.372-33.942 0z\" fill=\"currentColor\"><\/path><\/svg><svg xmlns=\"http:\/\/www.w3.org\/2000\/svg\" viewbox=\"0 0 448 512\" width=\"1em\" height=\"1em\" role=\"img\" class=\"gb-accordion__icon-open\"><path d=\"M240.971 130.524l194.343 194.343c9.373 9.373 9.373 24.569 0 33.941l-22.667 22.667c-9.357 9.357-24.522 9.375-33.901.04L224 227.495 69.255 381.516c-9.379 9.335-24.544 9.317-33.901-.04l-22.667-22.667c-9.373-9.373-9.373-24.569 0-33.941L207.03 130.525c9.372-9.373 24.568-9.373 33.941-.001z\" fill=\"currentColor\"><\/path><\/svg><\/span><\/button>\n\n\n<div id=\"gb-accordion-content-7f4f9a9d\" class=\"gb-accordion__content\"><div class=\"gb-container gb-container-7f4f9a9d\">\n\n<p>Ces tables d'ondes ont un son distordu plus digital\/lo-fi. Bouge ou module le potard WT-Position pour vraiment entendre le bitcrushing en action.<\/p>\n\n\n\n<h6 class=\"wp-block-heading\">Analog\/Electric<\/h6>\n\n\n\n<ul class=\"wp-block-list\">\n<li>Crude<\/li>\n\n\n\n<li>Dirty Throat<\/li>\n\n\n\n<li>Crusher<\/li>\n\n\n\n<li>Reducer<\/li>\n\n\n\n<li>Kangaroo<\/li>\n\n\n\n<li>Carbon<\/li>\n<\/ul>\n\n\n\n<h6 class=\"wp-block-heading\">Digital\/Hybrid<\/h6>\n\n\n\n<ul class=\"wp-block-list\">\n<li>Melofant<\/li>\n\n\n\n<li>Digi Cook I &amp; II<\/li>\n\n\n\n<li>A.I.<\/li>\n\n\n\n<li>Wicked<\/li>\n<\/ul>\n\n<\/div><\/div>\n<\/div>\n\n<div class=\"gb-container gb-container-459c0498 gb-accordion__item\" data-transition=\"slide\">\n\n<button class=\"gb-button gb-button-f6741a60 gb-accordion__toggle\" id=\"gb-accordion-toggle-f6741a60\"><span class=\"gb-button-text\">Formants (Vocales)<\/span><span class=\"gb-icon\"><svg xmlns=\"http:\/\/www.w3.org\/2000\/svg\" viewbox=\"0 0 448 512\" width=\"1em\" height=\"1em\" role=\"img\" class=\"gb-accordion__icon\"><path d=\"M207.029 381.476L12.686 187.132c-9.373-9.373-9.373-24.569 0-33.941l22.667-22.667c9.357-9.357 24.522-9.375 33.901-.04L224 284.505l154.745-154.021c9.379-9.335 24.544-9.317 33.901.04l22.667 22.667c9.373 9.373 9.373 24.569 0 33.941L240.971 381.476c-9.373 9.372-24.569 9.372-33.942 0z\" fill=\"currentColor\"><\/path><\/svg><svg xmlns=\"http:\/\/www.w3.org\/2000\/svg\" viewbox=\"0 0 448 512\" width=\"1em\" height=\"1em\" role=\"img\" class=\"gb-accordion__icon-open\"><path d=\"M240.971 130.524l194.343 194.343c9.373 9.373 9.373 24.569 0 33.941l-22.667 22.667c-9.357 9.357-24.522 9.375-33.901.04L224 227.495 69.255 381.516c-9.379 9.335-24.544 9.317-33.901-.04l-22.667-22.667c-9.373-9.373-9.373-24.569 0-33.941L207.03 130.525c9.372-9.373 24.568-9.373 33.941-.001z\" fill=\"currentColor\"><\/path><\/svg><\/span><\/button>\n\n\n<div id=\"gb-accordion-content-356ec0d9\" class=\"gb-accordion__content\"><div class=\"gb-container gb-container-356ec0d9\">\n\n<p>Les formes d'onde \u00e0 formants prennent un caract\u00e8re vocal, \u00e9voquant des voyelles, surtout quand tu bouges ou modules le potard WT-Position.<\/p>\n\n\n\n<h6 class=\"wp-block-heading\">Basic<\/h6>\n\n\n\n<ul class=\"wp-block-list\">\n<li>Sinformant<\/li>\n<\/ul>\n\n\n\n<h6 class=\"wp-block-heading\">Analog\/Electric<\/h6>\n\n\n\n<ul class=\"wp-block-list\">\n<li>Dirty Throat<\/li>\n\n\n\n<li>Strontium<\/li>\n<\/ul>\n\n\n\n<h6 class=\"wp-block-heading\">Digital\/Hybrid<\/h6>\n\n\n\n<ul class=\"wp-block-list\">\n<li>Gentle Speech<\/li>\n\n\n\n<li>Modern Talk<\/li>\n\n\n\n<li>Deep Throat<\/li>\n\n\n\n<li>Melomantic<\/li>\n\n\n\n<li>Melofant<\/li>\n\n\n\n<li>Formant Saw<\/li>\n\n\n\n<li>Formant Square<\/li>\n\n\n\n<li>Squelchy<\/li>\n\n\n\n<li>Duck Organ<\/li>\n\n\n\n<li>Magyr<\/li>\n\n\n\n<li>A.I.<\/li>\n\n\n\n<li>Silver<\/li>\n\n\n\n<li>Scrap Yard<\/li>\n\n\n\n<li>Wicked<\/li>\n\n\n\n<li>Bronze<\/li>\n\n\n\n<li>Arctic<\/li>\n<\/ul>\n\n\n\n<h6 class=\"wp-block-heading\">FX\/Accords<\/h6>\n\n\n\n<ul class=\"wp-block-list\">\n<li>Melancholia<\/li>\n<\/ul>\n\n<\/div><\/div>\n<\/div>\n\n<div class=\"gb-container gb-container-e01a200c gb-accordion__item\" data-transition=\"slide\">\n\n<button class=\"gb-button gb-button-463728bd gb-accordion__toggle\" id=\"gb-accordion-toggle-463728bd\"><span class=\"gb-button-text\">Cordes<\/span><span class=\"gb-icon\"><svg xmlns=\"http:\/\/www.w3.org\/2000\/svg\" viewbox=\"0 0 448 512\" width=\"1em\" height=\"1em\" role=\"img\" class=\"gb-accordion__icon\"><path d=\"M207.029 381.476L12.686 187.132c-9.373-9.373-9.373-24.569 0-33.941l22.667-22.667c9.357-9.357 24.522-9.375 33.901-.04L224 284.505l154.745-154.021c9.379-9.335 24.544-9.317 33.901.04l22.667 22.667c9.373 9.373 9.373 24.569 0 33.941L240.971 381.476c-9.373 9.372-24.569 9.372-33.942 0z\" fill=\"currentColor\"><\/path><\/svg><svg xmlns=\"http:\/\/www.w3.org\/2000\/svg\" viewbox=\"0 0 448 512\" width=\"1em\" height=\"1em\" role=\"img\" class=\"gb-accordion__icon-open\"><path d=\"M240.971 130.524l194.343 194.343c9.373 9.373 9.373 24.569 0 33.941l-22.667 22.667c-9.357 9.357-24.522 9.375-33.901.04L224 227.495 69.255 381.516c-9.379 9.335-24.544 9.317-33.901-.04l-22.667-22.667c-9.373-9.373-9.373-24.569 0-33.941L207.03 130.525c9.372-9.373 24.568-9.373 33.941-.001z\" fill=\"currentColor\"><\/path><\/svg><\/span><\/button>\n\n\n<div id=\"gb-accordion-content-5e01cb0d\" class=\"gb-accordion__content\"><div class=\"gb-container gb-container-5e01cb0d\">\n\n<p class=\"gb-headline gb-headline-baafa57b gb-headline-text\">Nous acceptons les paiements par cartes de cr\u00e9dit et PayPal. Le paiement est trait\u00e9 en toute s\u00e9curit\u00e9 par FastSpring. Tu peux payer Syntorial en un seul versement ou par abonnement mensuel en cliquant sur le bouton ci-dessous et en acc\u00e9dant \u00e0 la page suivante. Tes informations sont s\u00e9curis\u00e9es et nous respectons ta vie priv\u00e9e.<\/p>\n\n\n\n<p>Pense basse \u00e9lectrique, guitare \u00e9lectrique, rhodes et clav.<\/p>\n\n\n\n<h6 class=\"wp-block-heading\">Basic<\/h6>\n\n\n\n<ul class=\"wp-block-list\">\n<li>Roughmath I<\/li>\n\n\n\n<li>Additivmix V (baisse WT-Pos \u00e0 fond)<\/li>\n<\/ul>\n\n\n\n<h6 class=\"wp-block-heading\">Digital\/Hybrid<\/h6>\n\n\n\n<ul class=\"wp-block-list\">\n<li>Herby<\/li>\n\n\n\n<li>Bender<\/li>\n\n\n\n<li>Guitar Pulse<\/li>\n\n\n\n<li>E-Bass Pulse<\/li>\n<\/ul>\n\n<\/div><\/div>\n<\/div>\n\n<div class=\"gb-container gb-container-785e4020 gb-accordion__item\" data-transition=\"slide\">\n\n<button class=\"gb-button gb-button-6848f5f2 gb-accordion__toggle\" id=\"gb-accordion-toggle-6848f5f2\"><span class=\"gb-button-text\">Orgue<\/span><span class=\"gb-icon\"><svg xmlns=\"http:\/\/www.w3.org\/2000\/svg\" viewbox=\"0 0 448 512\" width=\"1em\" height=\"1em\" role=\"img\" class=\"gb-accordion__icon\"><path d=\"M207.029 381.476L12.686 187.132c-9.373-9.373-9.373-24.569 0-33.941l22.667-22.667c9.357-9.357 24.522-9.375 33.901-.04L224 284.505l154.745-154.021c9.379-9.335 24.544-9.317 33.901.04l22.667 22.667c9.373 9.373 9.373 24.569 0 33.941L240.971 381.476c-9.373 9.372-24.569 9.372-33.942 0z\" fill=\"currentColor\"><\/path><\/svg><svg xmlns=\"http:\/\/www.w3.org\/2000\/svg\" viewbox=\"0 0 448 512\" width=\"1em\" height=\"1em\" role=\"img\" class=\"gb-accordion__icon-open\"><path d=\"M240.971 130.524l194.343 194.343c9.373 9.373 9.373 24.569 0 33.941l-22.667 22.667c-9.357 9.357-24.522 9.375-33.901.04L224 227.495 69.255 381.516c-9.379 9.335-24.544 9.317-33.901-.04l-22.667-22.667c-9.373-9.373-9.373-24.569 0-33.941L207.03 130.525c9.372-9.373 24.568-9.373 33.941-.001z\" fill=\"currentColor\"><\/path><\/svg><\/span><\/button>\n\n\n<div id=\"gb-accordion-content-173cc266\" class=\"gb-accordion__content\"><div class=\"gb-container gb-container-173cc266\">\n\n<p>\u00c7a sonne comme un orgue. Logique.<\/p>\n\n\n\n<h6 class=\"wp-block-heading\">Basic<\/h6>\n\n\n\n<ul class=\"wp-block-list\">\n<li>AdditiveOctaves<\/li>\n\n\n\n<li>Additivmix III &amp; IV<\/li>\n<\/ul>\n\n\n\n<h6 class=\"wp-block-heading\">Digital\/Hybrid<\/h6>\n\n\n\n<ul class=\"wp-block-list\">\n<li>Flenders I \u00e0 III<\/li>\n\n\n\n<li>Magyr<\/li>\n<\/ul>\n\n<\/div><\/div>\n<\/div>\n\n<div class=\"gb-container gb-container-b8b74c0c gb-accordion__item\" data-transition=\"slide\">\n\n<button class=\"gb-button gb-button-98ca1baf gb-accordion__toggle\" id=\"gb-accordion-toggle-98ca1baf\"><span class=\"gb-button-text\">Multi<\/span><span class=\"gb-icon\"><svg xmlns=\"http:\/\/www.w3.org\/2000\/svg\" viewbox=\"0 0 448 512\" width=\"1em\" height=\"1em\" role=\"img\" class=\"gb-accordion__icon\"><path d=\"M207.029 381.476L12.686 187.132c-9.373-9.373-9.373-24.569 0-33.941l22.667-22.667c9.357-9.357 24.522-9.375 33.901-.04L224 284.505l154.745-154.021c9.379-9.335 24.544-9.317 33.901.04l22.667 22.667c9.373 9.373 9.373 24.569 0 33.941L240.971 381.476c-9.373 9.372-24.569 9.372-33.942 0z\" fill=\"currentColor\"><\/path><\/svg><svg xmlns=\"http:\/\/www.w3.org\/2000\/svg\" viewbox=\"0 0 448 512\" width=\"1em\" height=\"1em\" role=\"img\" class=\"gb-accordion__icon-open\"><path d=\"M240.971 130.524l194.343 194.343c9.373 9.373 9.373 24.569 0 33.941l-22.667 22.667c-9.357 9.357-24.522 9.375-33.901.04L224 227.495 69.255 381.516c-9.379 9.335-24.544 9.317-33.901-.04l-22.667-22.667c-9.373-9.373-9.373-24.569 0-33.941L207.03 130.525c9.372-9.373 24.568-9.373 33.941-.001z\" fill=\"currentColor\"><\/path><\/svg><\/span><\/button>\n\n\n<div id=\"gb-accordion-content-ed56fb7f\" class=\"gb-accordion__content\"><div class=\"gb-container gb-container-ed56fb7f\">\n\n<p>Formes d'onde qui g\u00e9n\u00e8rent plusieurs notes. Ajuste le potard WT-Position pour changer les notes.<\/p>\n\n\n\n<h6 class=\"wp-block-heading\">Basic<\/h6>\n\n\n\n<ul class=\"wp-block-list\">\n<li>Polysaw I &amp; II<\/li>\n\n\n\n<li>Multiplex<\/li>\n<\/ul>\n\n\n\n<h6 class=\"wp-block-heading\">FX\/Accords<\/h6>\n\n\n\n<ul class=\"wp-block-list\">\n<li>Colors<\/li>\n<\/ul>\n\n<\/div><\/div>\n<\/div>\n\n<div class=\"gb-container gb-container-4e747263 gb-accordion__item\" data-transition=\"slide\">\n\n<button class=\"gb-button gb-button-50b2323a gb-accordion__toggle\" id=\"gb-accordion-toggle-50b2323a\"><span class=\"gb-button-text\">Dissonantes<\/span><span class=\"gb-icon\"><svg xmlns=\"http:\/\/www.w3.org\/2000\/svg\" viewbox=\"0 0 448 512\" width=\"1em\" height=\"1em\" role=\"img\" class=\"gb-accordion__icon\"><path d=\"M207.029 381.476L12.686 187.132c-9.373-9.373-9.373-24.569 0-33.941l22.667-22.667c9.357-9.357 24.522-9.375 33.901-.04L224 284.505l154.745-154.021c9.379-9.335 24.544-9.317 33.901.04l22.667 22.667c9.373 9.373 9.373 24.569 0 33.941L240.971 381.476c-9.373 9.372-24.569 9.372-33.942 0z\" fill=\"currentColor\"><\/path><\/svg><svg xmlns=\"http:\/\/www.w3.org\/2000\/svg\" viewbox=\"0 0 448 512\" width=\"1em\" height=\"1em\" role=\"img\" class=\"gb-accordion__icon-open\"><path d=\"M240.971 130.524l194.343 194.343c9.373 9.373 9.373 24.569 0 33.941l-22.667 22.667c-9.357 9.357-24.522 9.375-33.901.04L224 227.495 69.255 381.516c-9.379 9.335-24.544 9.317-33.901-.04l-22.667-22.667c-9.373-9.373-9.373-24.569 0-33.941L207.03 130.525c9.372-9.373 24.568-9.373 33.941-.001z\" fill=\"currentColor\"><\/path><\/svg><\/span><\/button>\n\n\n<div id=\"gb-accordion-content-afa8057c\" class=\"gb-accordion__content\"><div class=\"gb-container gb-container-afa8057c\">\n\n<p>Du son brut. Id\u00e9al pour les effets ou ajouter du \u00ab mordant \u00bb \u00e0 ton patch.<\/p>\n\n\n\n<h6 class=\"wp-block-heading\">FX\/Accords<\/h6>\n\n\n\n<ul class=\"wp-block-list\">\n<li>Camchord<\/li>\n\n\n\n<li>Iron<\/li>\n\n\n\n<li>Cicada<\/li>\n\n\n\n<li>Lunacy<\/li>\n<\/ul>\n\n<\/div><\/div>\n<\/div>\n<\/div>\n<\/div>\n<\/div>\n\n<div class=\"gb-container gb-container-a0d6b560\">\n<div class=\"gb-container gb-container-bdf9ba33\">\n\n<h3 class=\"gb-headline gb-headline-748c6a7c gb-headline-text\">Tu veux apprendre comment et quand les utiliser ?<\/h3>\n\n\n\n<a class=\"gb-button gb-button-ef7e303d gb-button-text\" href=\"\/fr\/demo-gratuite\/\" target=\"_blank\" rel=\"noopener noreferrer\">Essaye Syntorial gratuitement<\/a>\n\n<\/div>\n<\/div>\n<\/div>","protected":false},"excerpt":{"rendered":"<p>&nbsp; Massive has a large number of Wavetables to choose from. Below is&nbsp;a guide to help you find wavetables based on sound attributes like Metallic and Distorted.&nbsp;Simply click an attribute to see which Wavetables have that attribute. This goes along with the Massive Lesson Pack for Syntorial, which includes 41 &#8230; <a title=\"Tables d&#039;ondes de Massive par attribut\" class=\"read-more\" href=\"https:\/\/www.syntorial.com\/fr\/massive-wavetables-by-attribute\/\" aria-label=\"En savoir plus sur Massive Wavetables by Attribute\">Lire la suite<\/a><\/p>","protected":false},"author":1,"featured_media":0,"parent":0,"menu_order":0,"comment_status":"closed","ping_status":"closed","template":"","meta":{"_acf_changed":false,"_editorskit_title_hidden":false,"_editorskit_reading_time":0,"_editorskit_is_block_options_detached":false,"_editorskit_block_options_position":"{}","footnotes":""},"class_list":["post-5185","page","type-page","status-publish"],"acf":[],"_links":{"self":[{"href":"https:\/\/www.syntorial.com\/fr\/wp-json\/wp\/v2\/pages\/5185","targetHints":{"allow":["GET"]}}],"collection":[{"href":"https:\/\/www.syntorial.com\/fr\/wp-json\/wp\/v2\/pages"}],"about":[{"href":"https:\/\/www.syntorial.com\/fr\/wp-json\/wp\/v2\/types\/page"}],"author":[{"embeddable":true,"href":"https:\/\/www.syntorial.com\/fr\/wp-json\/wp\/v2\/users\/1"}],"replies":[{"embeddable":true,"href":"https:\/\/www.syntorial.com\/fr\/wp-json\/wp\/v2\/comments?post=5185"}],"version-history":[{"count":4,"href":"https:\/\/www.syntorial.com\/fr\/wp-json\/wp\/v2\/pages\/5185\/revisions"}],"predecessor-version":[{"id":55780,"href":"https:\/\/www.syntorial.com\/fr\/wp-json\/wp\/v2\/pages\/5185\/revisions\/55780"}],"wp:attachment":[{"href":"https:\/\/www.syntorial.com\/fr\/wp-json\/wp\/v2\/media?parent=5185"}],"curies":[{"name":"wp","href":"https:\/\/api.w.org\/{rel}","templated":true}]}}