{"id":1350,"date":"2015-11-29T10:49:20","date_gmt":"2015-11-29T15:49:20","guid":{"rendered":"https:\/\/www.syntorial.com\/\/?page_id=1350"},"modified":"2026-05-04T13:36:00","modified_gmt":"2026-05-04T13:36:00","slug":"packs-de-lecons","status":"publish","type":"page","link":"https:\/\/www.syntorial.com\/fr\/lesson-packs\/","title":{"rendered":"Packs de le\u00e7ons Syntorial"},"content":{"rendered":"<p>Prolonge les le\u00e7ons essentielles de Syntorial avec ces packs compl\u00e9mentaires. Les packs d\u00e9velopp\u00e9s par Audible Genius sont GRATUITS pour tous les utilisateurs enregistr\u00e9s. Essaie la&nbsp;<a href=\"https:\/\/www.syntorial.com\/fr\/demo-gratuite\/\">d\u00e9mo de Syntorial<\/a>, qui inclut plusieurs vid\u00e9os issues de chaque pack.<\/p>\n\n\n\n<p>Tous les synth\u00e9s n'ont pas un pack de le\u00e7ons d\u00e9di\u00e9.<br>Dans ces cas-l\u00e0, le <a href=\"https:\/\/www.syntorial.com\/fr\/syntorial-to-synth-parameter-mapping\/\">tableau de correspondance des param\u00e8tres Syntorial-Synth\u00e9<\/a> est une r\u00e9f\u00e9rence collaborative qui t'aide \u00e0 transposer les concepts de Syntorial sur de nombreux autres instruments \u2014 parfait pour les sections <em>Own Your Own<\/em> et au-del\u00e0.<\/p>\n\n\n<div class=\"gb-container gb-container-d9c3ec7d gb-tabs\" role=\"tablist\" data-opened-tab=\"1\">\n<div class=\"gb-container gb-container-c9f0af38 gb-tabs__buttons\" role=\"list\">\n\n<button class=\"gb-button gb-button-dcf223bf gb-button-text gb-tabs__button gb-block-is-current\" id=\"gb-tab-button-dcf223bf\" role=\"tab\">Serum<\/button>\n\n\n\n<button class=\"gb-button gb-button-a28a7ea8 gb-button-text gb-tabs__button\" id=\"gb-tab-button-a28a7ea8\" role=\"tab\">Sylenth1<\/button>\n\n\n\n<button class=\"gb-button gb-button-b99788a5 gb-button-text gb-tabs__button\" id=\"gb-tab-button-b99788a5\" role=\"tab\">Massive<\/button>\n\n\n\n<button class=\"gb-button gb-button-201f6a61 gb-button-text gb-tabs__button\" id=\"gb-tab-button-201f6a61\" role=\"tab\">Minimoog Voyager<\/button>\n\n\n\n<button class=\"gb-button gb-button-2610520d gb-button-text gb-tabs__button\" id=\"gb-tab-button-2610520d\" role=\"tab\">Z3TA+ 2<\/button>\n\n<\/div>\n\n<div class=\"gb-container gb-container-b38ab18c gb-tabs__items\">\n<div class=\"gb-container gb-container-90460092 gb-tabs__item gb-tabs__item-open\" id=\"gb-tab-item-90460092\" role=\"tabpanel\">\n\n<h2 class=\"wp-block-heading\">pack de le\u00e7ons Serum<\/h2>\n\n\n\n<p>Serum est un synth\u00e9tiseur \u00e0 tables d\u2019ondes v\u00e9ritablement innovant. Gr\u00e2ce \u00e0 ses capacit\u00e9s avanc\u00e9es d\u2019\u00e9dition de tables d\u2019ondes et \u00e0 son interface visuelle intuitive, Serum est \u00e0 la fois facile \u00e0 prendre en main et puissant \u00e0 utiliser.\nLe pack Serum pour Syntorial ajoute 55 vid\u00e9os, pour un total de 9 heures et 22 minutes.\nAppliquez tout ce que vous avez appris dans Syntorial \u00e0 Serum, et d\u00e9couvrez toutes les fonctionnalit\u00e9s suppl\u00e9mentaires offertes par ce synth\u00e9. <\/p>\n\n\n<div class=\"gb-container gb-container-99a7c438\">\n\n<figure class=\"wp-block-embed aligncenter is-type-video is-provider-youtube wp-block-embed-youtube wp-embed-aspect-16-9 wp-has-aspect-ratio\"><div class=\"wp-block-embed__wrapper\">\n<iframe loading=\"lazy\" title=\"Apprenez \u00e0 ma\u00eetriser Serum d\u2019Xfer Records avec Syntorial\" width=\"1200\" height=\"675\" src=\"https:\/\/www.youtube.com\/embed\/VXSCs3m2KLM?feature=oembed\" frameborder=\"0\" allow=\"accelerometer; autoplay; clipboard-write; encrypted-media; gyroscope; picture-in-picture; web-share\" referrerpolicy=\"strict-origin-when-cross-origin\" allowfullscreen><\/iframe>\n<\/div><\/figure>\n\n<\/div>\n\n\n<p>Extrait vid\u00e9o :<\/p>\n\n\n<div class=\"gb-container gb-container-ef16b36c\">\n\n<figure class=\"wp-block-embed aligncenter is-type-video is-provider-youtube wp-block-embed-youtube wp-embed-aspect-4-3 wp-has-aspect-ratio\"><div class=\"wp-block-embed__wrapper\">\n<iframe loading=\"lazy\" title=\"Comment importer &quot;Serum&quot; dans Serum pour faire dire &quot;Serum&quot; \u00e0 Serum\" width=\"1200\" height=\"900\" src=\"https:\/\/www.youtube.com\/embed\/XPtTJsUTH6Y?feature=oembed\" frameborder=\"0\" allow=\"accelerometer; autoplay; clipboard-write; encrypted-media; gyroscope; picture-in-picture; web-share\" referrerpolicy=\"strict-origin-when-cross-origin\" allowfullscreen><\/iframe>\n<\/div><\/figure>\n\n\n\n<p>En savoir plus : <a href=\"https:\/\/www.syntorial.com\/fr\/cours-de-synthetiseur-serum-xfer-records\/\">Cours de synth\u00e9 pour Serum<\/a><\/p>\n\n<\/div>\n<\/div>\n\n<div class=\"gb-container gb-container-43f05f7a gb-tabs__item\" id=\"gb-tab-item-43f05f7a\" role=\"tabpanel\">\n\n<h2 class=\"wp-block-heading\">Pack de le\u00e7ons Sylenth1<\/h2>\n\n\n\n<p>Synth\u00e9 virtuel incontournable au son analogique profond, Sylenth1 reste la r\u00e9f\u00e9rence pour tant de musiciens. Le pack de le\u00e7ons Syntorial pour Sylenth1 ajoute 38 vid\u00e9os, pour un total de 2 heures et 47 minutes. Transpose tout ce que tu apprends dans Syntorial sur Sylenth1, et d\u00e9couvre toutes les fonctionnalit\u00e9s suppl\u00e9mentaires que Sylenth1 a \u00e0 offrir. <\/p>\n\n\n<div class=\"gb-container gb-container-011ddcb0\">\n\n<figure class=\"wp-block-embed aligncenter is-type-video is-provider-youtube wp-block-embed-youtube wp-embed-aspect-4-3 wp-has-aspect-ratio\"><div class=\"wp-block-embed__wrapper\">\n<iframe loading=\"lazy\" title=\"Ma\u00eetrise Sylenth1 avec Syntorial\" width=\"1200\" height=\"900\" src=\"https:\/\/www.youtube.com\/embed\/trQBIRG5Aso?feature=oembed\" frameborder=\"0\" allow=\"accelerometer; autoplay; clipboard-write; encrypted-media; gyroscope; picture-in-picture; web-share\" referrerpolicy=\"strict-origin-when-cross-origin\" allowfullscreen><\/iframe>\n<\/div><\/figure>\n\n<\/div>\n\n\n<p>Here&#8217;s an excerpt:<\/p>\n\n\n<div class=\"gb-container gb-container-39320628\">\n\n<figure class=\"wp-block-embed aligncenter is-type-video is-provider-youtube wp-block-embed-youtube wp-embed-aspect-4-3 wp-has-aspect-ratio\"><div class=\"wp-block-embed__wrapper\">\n<iframe loading=\"lazy\" title=\"Layering de patchs avec Sylenth1 - Tutoriel synth\u00e9\" width=\"1200\" height=\"900\" src=\"https:\/\/www.youtube.com\/embed\/wl15DeyIv_U?feature=oembed\" frameborder=\"0\" allow=\"accelerometer; autoplay; clipboard-write; encrypted-media; gyroscope; picture-in-picture; web-share\" referrerpolicy=\"strict-origin-when-cross-origin\" allowfullscreen><\/iframe>\n<\/div><\/figure>\n\n\n\n<p>En savoir plus : <a href=\"https:\/\/www.syntorial.com\/fr\/cours-de-synthetiseur-sylenth1\/\">Cours de synth\u00e9tiseur Sylenth1<\/a><\/p>\n\n<\/div>\n<\/div>\n\n<div class=\"gb-container gb-container-8f9ca842 gb-tabs__item\" id=\"gb-tab-item-8f9ca842\" role=\"tabpanel\">\n\n<h2 class=\"wp-block-heading\">Pack de le\u00e7ons Massive<\/h2>\n\n\n\n<p>Massive est un synth\u00e9 virtuel incroyablement puissant et polyvalent avec une vaste s\u00e9lection de tables d'ondes et d'options de modulation, permettant une vari\u00e9t\u00e9 infinie de sons. Le pack de le\u00e7ons Syntorial pour Massive ajoute 41 vid\u00e9os, pour un total de 4 heures et 44 minutes. Transpose tout ce que tu apprends dans Syntorial sur Massive, et d\u00e9couvre toutes les fonctionnalit\u00e9s suppl\u00e9mentaires que Massive a \u00e0 offrir. <\/p>\n\n\n<div class=\"gb-container gb-container-ca09b468\">\n\n<figure class=\"wp-block-embed aligncenter is-type-video is-provider-youtube wp-block-embed-youtube wp-embed-aspect-16-9 wp-has-aspect-ratio\"><div class=\"wp-block-embed__wrapper\">\n<iframe loading=\"lazy\" title=\"Ma\u00eetrise Native Instruments Massive avec Syntorial\" width=\"1200\" height=\"675\" src=\"https:\/\/www.youtube.com\/embed\/4iefy6ZHWko?feature=oembed\" frameborder=\"0\" allow=\"accelerometer; autoplay; clipboard-write; encrypted-media; gyroscope; picture-in-picture; web-share\" referrerpolicy=\"strict-origin-when-cross-origin\" allowfullscreen><\/iframe>\n<\/div><\/figure>\n\n<\/div>\n\n\n<p>Here&#8217;s an excerpt:<\/p>\n\n\n<div class=\"gb-container gb-container-c2493081\">\n\n<figure class=\"wp-block-embed aligncenter is-type-video is-provider-youtube wp-block-embed-youtube wp-embed-aspect-4-3 wp-has-aspect-ratio\"><div class=\"wp-block-embed__wrapper\">\n<iframe loading=\"lazy\" title=\"Tables d&#039;ondes Massive - Tutoriel de synth\u00e9\" width=\"1200\" height=\"900\" src=\"https:\/\/www.youtube.com\/embed\/hdE8sVm-HZY?feature=oembed\" frameborder=\"0\" allow=\"accelerometer; autoplay; clipboard-write; encrypted-media; gyroscope; picture-in-picture; web-share\" referrerpolicy=\"strict-origin-when-cross-origin\" allowfullscreen><\/iframe>\n<\/div><\/figure>\n\n\n\n<p>En savoir plus : <a href=\"https:\/\/www.syntorial.com\/fr\/cours-de-synthetiseur-native-instruments-massive\/\">Cours de synth\u00e9tiseur Massive<\/a><\/p>\n\n<\/div>\n<\/div>\n\n<div class=\"gb-container gb-container-9f35112c gb-tabs__item\" id=\"gb-tab-item-9f35112c\" role=\"tabpanel\">\n\n<h2 class=\"wp-block-heading\">Pack de le\u00e7ons Minimoog Voyager<\/h2>\n\n\n\n<p>Le pack de le\u00e7ons Syntorial pour Minimoog Voyager ajoute 34 vid\u00e9os, pour un total de 2 heures et 22 minutes. Chaque vid\u00e9o montre comment appliquer tout ce que tu as appris dans Syntorial sur le Voyager. Apprends \u00e0 conna\u00eetre ton Voyager dans les moindres d\u00e9tails et d\u00e9couvre la v\u00e9ritable valeur de ce synth\u00e9 hardware analogique classique. <\/p>\n\n\n<div class=\"gb-container gb-container-082c6a3c\">\n\n<figure class=\"wp-block-embed aligncenter is-type-video is-provider-youtube wp-block-embed-youtube wp-embed-aspect-4-3 wp-has-aspect-ratio\"><div class=\"wp-block-embed__wrapper\">\n<iframe loading=\"lazy\" title=\"Ma\u00eetrise le Minimoog Voyager avec Syntorial\" width=\"1200\" height=\"900\" src=\"https:\/\/www.youtube.com\/embed\/4K6joEVgFWE?feature=oembed\" frameborder=\"0\" allow=\"accelerometer; autoplay; clipboard-write; encrypted-media; gyroscope; picture-in-picture; web-share\" referrerpolicy=\"strict-origin-when-cross-origin\" allowfullscreen><\/iframe>\n<\/div><\/figure>\n\n<\/div>\n\n\n<p>Here&#8217;s an excerpt:<\/p>\n\n\n<div class=\"gb-container gb-container-6540ba62\">\n\n<figure class=\"wp-block-embed aligncenter is-type-video is-provider-youtube wp-block-embed-youtube wp-embed-aspect-4-3 wp-has-aspect-ratio\"><div class=\"wp-block-embed__wrapper\">\n<iframe loading=\"lazy\" title=\"Minimoog Voyager - Tutoriel FM\" width=\"1200\" height=\"900\" src=\"https:\/\/www.youtube.com\/embed\/tmpoM5osl24?feature=oembed\" frameborder=\"0\" allow=\"accelerometer; autoplay; clipboard-write; encrypted-media; gyroscope; picture-in-picture; web-share\" referrerpolicy=\"strict-origin-when-cross-origin\" allowfullscreen><\/iframe>\n<\/div><\/figure>\n\n\n\n<p>En savoir plus : <a href=\"https:\/\/www.syntorial.com\/fr\/cours-de-synthetiseur-minimoog-voyager\/\">Cours de synth\u00e9tiseur Minimoog<\/a><\/p>\n\n<\/div>\n<\/div>\n\n<div class=\"gb-container gb-container-afd3fd28 gb-tabs__item\" id=\"gb-tab-item-afd3fd28\" role=\"tabpanel\">\n\n<h2 class=\"wp-block-heading\">Pack de le\u00e7ons Z3TA+ 2<\/h2>\n\n\n\n<p>Le pack de le\u00e7ons Syntorial pour Z3TA+ 2 ajoute 37 vid\u00e9os, pour un total de 3 heures et 17 minutes. Chaque vid\u00e9o montre comment appliquer tout ce que tu as appris dans Syntorial sur Cakewalk Z3TA+ 2. Apprends \u00e0 conna\u00eetre Z3TA+ 2 dans les moindres d\u00e9tails et profite des manipulations sonores infinies qu'il a \u00e0 offrir. <\/p>\n\n\n<div class=\"gb-container gb-container-251c0386\">\n\n<figure class=\"wp-block-embed aligncenter is-type-video is-provider-youtube wp-block-embed-youtube wp-embed-aspect-4-3 wp-has-aspect-ratio\"><div class=\"wp-block-embed__wrapper\">\n<iframe loading=\"lazy\" title=\"Ma\u00eetrise Z3TA+ 2 de fond en comble avec Syntorial\" width=\"1200\" height=\"900\" src=\"https:\/\/www.youtube.com\/embed\/ugbj-3gtzxk?feature=oembed\" frameborder=\"0\" allow=\"accelerometer; autoplay; clipboard-write; encrypted-media; gyroscope; picture-in-picture; web-share\" referrerpolicy=\"strict-origin-when-cross-origin\" allowfullscreen><\/iframe>\n<\/div><\/figure>\n\n<\/div>\n\n\n<p>Here&#8217;s an excerpt:<\/p>\n\n\n<div class=\"gb-container gb-container-3b1eb9a6\">\n\n<figure class=\"wp-block-embed aligncenter is-type-video is-provider-youtube wp-block-embed-youtube wp-embed-aspect-4-3 wp-has-aspect-ratio\"><div class=\"wp-block-embed__wrapper\">\n<iframe loading=\"lazy\" title=\"Utiliser deux filtres sur Z3TA+ 2 - Tutoriel de synth\u00e9\" width=\"1200\" height=\"900\" src=\"https:\/\/www.youtube.com\/embed\/bqbplI6V7M8?feature=oembed\" frameborder=\"0\" allow=\"accelerometer; autoplay; clipboard-write; encrypted-media; gyroscope; picture-in-picture; web-share\" referrerpolicy=\"strict-origin-when-cross-origin\" allowfullscreen><\/iframe>\n<\/div><\/figure>\n\n\n\n<p>En savoir plus : <a href=\"\/fr\/z3ta-plus-synthesizer-sound-design-course\/\" data-type=\"link\" data-id=\"https:\/\/www.syntorial.com\/z3ta-plus-synthesize-sound-design-course\/\">Cours de synth\u00e9tiseur Z3TA+<\/a><\/p>\n\n<\/div>\n<\/div>\n<\/div>\n<\/div>\n\n\n<p><\/p>","protected":false},"excerpt":{"rendered":"<p>Extend the core essential lessons of Syntorial with these add-on Lesson Packs. Audible Genius-developed are packs FREE for all registered users. Try the free&nbsp;Syntorial Demo, which includes a handful of videos from each Pack. Currently available in English only. Not every synth has a dedicated Lesson Pack.For those cases, the &#8230; <a title=\"Packs de le\u00e7ons Syntorial\" class=\"read-more\" href=\"https:\/\/www.syntorial.com\/fr\/lesson-packs\/\" aria-label=\"En savoir plus sur Syntorial Lesson Packs\">Lire la suite<\/a><\/p>","protected":false},"author":1,"featured_media":0,"parent":0,"menu_order":0,"comment_status":"closed","ping_status":"closed","template":"","meta":{"_acf_changed":false,"_editorskit_title_hidden":false,"_editorskit_reading_time":0,"_editorskit_is_block_options_detached":false,"_editorskit_block_options_position":"{}","footnotes":""},"class_list":["post-1350","page","type-page","status-publish"],"acf":[],"_links":{"self":[{"href":"https:\/\/www.syntorial.com\/fr\/wp-json\/wp\/v2\/pages\/1350","targetHints":{"allow":["GET"]}}],"collection":[{"href":"https:\/\/www.syntorial.com\/fr\/wp-json\/wp\/v2\/pages"}],"about":[{"href":"https:\/\/www.syntorial.com\/fr\/wp-json\/wp\/v2\/types\/page"}],"author":[{"embeddable":true,"href":"https:\/\/www.syntorial.com\/fr\/wp-json\/wp\/v2\/users\/1"}],"replies":[{"embeddable":true,"href":"https:\/\/www.syntorial.com\/fr\/wp-json\/wp\/v2\/comments?post=1350"}],"version-history":[{"count":8,"href":"https:\/\/www.syntorial.com\/fr\/wp-json\/wp\/v2\/pages\/1350\/revisions"}],"predecessor-version":[{"id":58548,"href":"https:\/\/www.syntorial.com\/fr\/wp-json\/wp\/v2\/pages\/1350\/revisions\/58548"}],"wp:attachment":[{"href":"https:\/\/www.syntorial.com\/fr\/wp-json\/wp\/v2\/media?parent=1350"}],"curies":[{"name":"wp","href":"https:\/\/api.w.org\/{rel}","templated":true}]}}