{"id":10855,"date":"2017-10-13T14:54:55","date_gmt":"2017-10-13T19:54:55","guid":{"rendered":"https:\/\/www.syntorial.com\/\/?page_id=10855"},"modified":"2025-10-13T09:19:08","modified_gmt":"2025-10-13T09:19:08","slug":"serum-wavetable-resources","status":"publish","type":"page","link":"https:\/\/www.syntorial.com\/fr\/serum-wavetable-resources\/","title":{"rendered":"Ressources de tables d'ondes pour Serum"},"content":{"rendered":"<div class=\"wp-block-media-text is-stacked-on-mobile is-vertically-aligned-top\" style=\"grid-template-columns:40% auto\"><figure class=\"wp-block-media-text__media\"><img loading=\"lazy\" decoding=\"async\" width=\"719\" height=\"582\" src=\"https:\/\/www.syntorial.com\/wp-content\/uploads\/2024\/11\/serum_wt_editor.png\" alt=\"\" class=\"wp-image-55771 size-full\" srcset=\"https:\/\/www.syntorial.com\/wp-content\/uploads\/2024\/11\/serum_wt_editor.png 719w, https:\/\/www.syntorial.com\/wp-content\/uploads\/2024\/11\/serum_wt_editor-300x243.png 300w\" sizes=\"auto, (max-width: 719px) 100vw, 719px\" \/><\/figure><div class=\"wp-block-media-text__content\">\n<p>Serum est le r\u00eave incarn\u00e9 pour les tables d'ondes. Non seulement il contient une tonne de tables d'ondes d'usine, mais il te permet aussi d'\u00a0<a href=\"https:\/\/www.syntorial.com\/fr\/tutorials\/making-the-serum-synth-say-serum\/\" target=\"_blank\" rel=\"noreferrer noopener\">importer des tables d'ondes<\/a>\u00a0cr\u00e9\u00e9es par d'autres, ainsi que de cr\u00e9er les tiennes. Tu trouveras ci-dessous des ressources utiles pour d\u00e9nicher des tables d'ondes en ligne, ainsi que des infos sur les formules (si \u00e7a te branche).<\/p>\n\n\n\n<p>Cela accompagne le\u00a0<a href=\"\/fr\/packs-de-lecons\/\" target=\"_blank\" rel=\"noreferrer noopener\">pack de le\u00e7ons Serum<\/a>\u00a0de Syntorial, qui comprend 55 vid\u00e9os couvrant tous les aspects de ce synth\u00e9 logiciel vraiment unique. Obtiens les 4 premi\u00e8res vid\u00e9os gratuitement dans la\u00a0<a href=\"\/fr\/demo-gratuite\/\" target=\"_blank\" data-type=\"page\" data-id=\"55345\" rel=\"noreferrer noopener\">d\u00e9mo de Syntorial<\/a>.<\/p>\n<\/div><\/div>\n\n\n\n<h2 class=\"wp-block-heading\">Tables d'ondes<\/h2>\n\n\n\n<ul class=\"wp-block-list\">\n<li>Une tonne de&nbsp;&nbsp;<a href=\"https:\/\/synthmob.com\/presets\/serum\/duality\" target=\"_blank\" rel=\"noreferrer noopener\">tables d'ondes gratuites<\/a>&nbsp;\u00a0offertes par Yemski (clique sur le lien et descends jusqu'en bas pour voir le lien des tables d'ondes gratuites).<\/li>\n\n\n\n<li><a href=\"https:\/\/trisamples.com\/ni-massive-wavetables-for-serum\/\" target=\"_blank\" rel=\"noreferrer noopener\">Tables d'ondes de NI Massive<\/a>&nbsp;\u00a0converties au format Serum, offertes par TriSamples.<\/li>\n<\/ul>\n\n\n\n<h2 class=\"wp-block-heading\">Formes d'ondes \u00e0 cycle unique<\/h2>\n\n\n\n<ul class=\"wp-block-list\">\n<li>Une vaste collection de&nbsp;&nbsp;<a href=\"https:\/\/www.adventurekid.se\/akrt\/waveforms\/adventure-kid-waveforms\/\" target=\"_blank\" rel=\"noopener\">formes d'ondes \u00e0 cycle unique gratuites<\/a>&nbsp;&nbsp;par Adventure Kid.<\/li>\n\n\n\n<li><a href=\"https:\/\/www.adventurekid.se\/akrt\/waveforms\/akwf-nes-8-bit-free\/\" target=\"_blank\" rel=\"noreferrer noopener\">Formes d'ondes Nintendo old-school<\/a>&nbsp;&nbsp;\u00e0 cycle unique par Adventure Kid.<\/li>\n\n\n\n<li>A\u00a0<a href=\"https:\/\/www.galbanum.com\/products\/architecturewaveforms2010\" target=\"_blank\" rel=\"noreferrer noopener\">collection gigantesque de formes d'ondes<\/a>\u00a0par Galbanum.<\/li>\n<\/ul>\n\n\n\n<h2 class=\"wp-block-heading\">Formules<\/h2>\n\n\n\n<ul class=\"wp-block-list\">\n<li><a href=\"https:\/\/www.youtube.com\/watch?v=bYOVCxMuVjI&amp;t=309\" target=\"_blank\" rel=\"noreferrer noopener\">Vid\u00e9o<\/a>&nbsp;&nbsp;sur le fonctionnement des formules par On Cloud Sine.<\/li>\n\n\n\n<li><a href=\"http:\/\/www.kvraudio.com\/forum\/viewtopic.php?f=1&amp;t=425973\" target=\"_blank\" rel=\"noreferrer noopener\">Fil de discussion KVR<\/a>&nbsp;&nbsp;rempli d'exemples de formules sp\u00e9cifiquement pour la cr\u00e9ation de formes d'ondes et de tables d'ondes.<\/li>\n<\/ul>\n\n\n\n<p><\/p>","protected":false},"excerpt":{"rendered":"<p>Serum is a wavetable&#8217;s dream come true. Not only does it come with a ton of factory wavetables, but it allows you to\u00a0import wavetables\u00a0created by others, as well as make your own. Below are some useful resources to help you find wavetables online, as well as some info about formulas &#8230; <a title=\"Ressources de tables d&#039;ondes pour Serum\" class=\"read-more\" href=\"https:\/\/www.syntorial.com\/fr\/serum-wavetable-resources\/\" aria-label=\"En savoir plus sur Serum Wavetable Resources\">Lire la suite<\/a><\/p>","protected":false},"author":1,"featured_media":0,"parent":0,"menu_order":0,"comment_status":"closed","ping_status":"closed","template":"","meta":{"_acf_changed":false,"_editorskit_title_hidden":false,"_editorskit_reading_time":0,"_editorskit_is_block_options_detached":false,"_editorskit_block_options_position":"{}","footnotes":""},"class_list":["post-10855","page","type-page","status-publish"],"acf":[],"_links":{"self":[{"href":"https:\/\/www.syntorial.com\/fr\/wp-json\/wp\/v2\/pages\/10855","targetHints":{"allow":["GET"]}}],"collection":[{"href":"https:\/\/www.syntorial.com\/fr\/wp-json\/wp\/v2\/pages"}],"about":[{"href":"https:\/\/www.syntorial.com\/fr\/wp-json\/wp\/v2\/types\/page"}],"author":[{"embeddable":true,"href":"https:\/\/www.syntorial.com\/fr\/wp-json\/wp\/v2\/users\/1"}],"replies":[{"embeddable":true,"href":"https:\/\/www.syntorial.com\/fr\/wp-json\/wp\/v2\/comments?post=10855"}],"version-history":[{"count":4,"href":"https:\/\/www.syntorial.com\/fr\/wp-json\/wp\/v2\/pages\/10855\/revisions"}],"predecessor-version":[{"id":58126,"href":"https:\/\/www.syntorial.com\/fr\/wp-json\/wp\/v2\/pages\/10855\/revisions\/58126"}],"wp:attachment":[{"href":"https:\/\/www.syntorial.com\/fr\/wp-json\/wp\/v2\/media?parent=10855"}],"curies":[{"name":"wp","href":"https:\/\/api.w.org\/{rel}","templated":true}]}}