{"id":58421,"date":"2026-01-29T16:56:02","date_gmt":"2026-01-29T16:56:02","guid":{"rendered":"https:\/\/www.syntorial.com\/?page_id=58421"},"modified":"2026-01-29T16:56:03","modified_gmt":"2026-01-29T16:56:03","slug":"syntorial-educational-discount","status":"publish","type":"page","link":"https:\/\/www.syntorial.com\/es\/syntorial-educational-discount\/","title":{"rendered":"Solicitud de Descuento Educativo de Syntorial"},"content":{"rendered":"<p>Un descuento educativo 40% est\u00e1 disponible para estudiantes y profesores que califiquen para todos los Productos de Audible Genius. Eres elegible si eres:<\/p>\n\n\n\n<ul class=\"wp-block-list\">\n<li>un estudiante actualmente inscrito en estudios educativos a tiempo completo, desde la escuela secundaria hasta programas de grado avanzado.<\/li>\n\n\n\n<li>un estudiante en un programa a tiempo parcial que consiste en 20 horas o m\u00e1s de tiempo de estudio por semana, o uno que dura 12 meses o m\u00e1s.<\/li>\n\n\n\n<li>un profesor actualmente empleado a tiempo completo o parcial en una escuela o universidad. Los profesores a tiempo parcial y privados deben trabajar al menos 20 horas por semana para calificar.<\/li>\n<\/ul>\n\n\n\n<h2 class=\"wp-block-heading alignwide\"><mark style=\"background-color:rgba(0, 0, 0, 0)\" class=\"has-inline-color has-global-color-6-color\">Subir prueba de inscripci\u00f3n\/empleo escolar<\/mark><\/h2>\n\n\n\n<p>Para estudiantes UNO de los siguientes:<\/p>\n\n\n\n<ol class=\"wp-block-list\">\n<li>Una copia de una tarjeta de identificaci\u00f3n de estudiante que contenga su nombre (el del estudiante), el nombre de la escuela y el per\u00edodo acad\u00e9mico actual<\/li>\n\n\n\n<li>Una copia de un estado de cuenta de matr\u00edcula o factura del curso que incluya el logotipo o sello de la escuela, su nombre y la fecha actual\/per\u00edodo acad\u00e9mico<\/li>\n\n\n\n<li>Una carta oficial del registro de la escuela, que incluya su nombre, el nombre de la escuela y la fecha actual\/per\u00edodo acad\u00e9mico<\/li>\n\n\n\n<li>Una copia de un horario de estudiante que incluya su nombre, el nombre de la escuela y la fecha actual\/per\u00edodo acad\u00e9mico<\/li>\n\n\n\n<li>Una copia de un informe de calificaciones o expediente acad\u00e9mico que incluya su nombre, el nombre de la escuela y la fecha actual\/per\u00edodo acad\u00e9mico<\/li>\n<\/ol>\n\n\n\n<p>Para profesores UNO de los siguientes:<\/p>\n\n\n\n<ol class=\"wp-block-list\">\n<li>Una copia de una tarjeta de identificaci\u00f3n de profesor que contenga su nombre, el nombre de la escuela y la fecha actual\/per\u00edodo acad\u00e9mico<\/li>\n\n\n\n<li>Una copia de un recibo de pago que incluya el logotipo o sello de la escuela, su nombre y la fecha actual\/per\u00edodo acad\u00e9mico<\/li>\n\n\n\n<li>Una carta oficial del registro de la escuela, que incluya su nombre, el nombre de la escuela y la fecha actual\/per\u00edodo acad\u00e9mico<\/li>\n\n\n\n<li>Las capturas de pantalla de los sitios web escolares pueden ser aceptadas en lugar de documentaci\u00f3n oficial si su nombre, el nombre de la escuela y la fecha v\u00e1lida son claramente visibles<\/li>\n<\/ol>\n\n\n<div class=\"gb-container gb-container-bffb70a0\">\n\n<a class=\"gb-button gb-button-732fd610 gb-button-text smooth-scroll\" href=\"https:\/\/aitable.ai\/share\/shrE9YTZuQgR5aZLledTY\/fom0ZmUWKAlDELjBhF\" target=\"_blank\" rel=\"noopener noreferrer\">Completar el formulario de solicitud<\/a>\n\n<\/div>","protected":false},"excerpt":{"rendered":"<p>A 40% educational discount is available for qualifying students and teachers for all Audible Genius Products. You are eligible if you are: Upload proof of school enrollment\/employment For students ONE of the following: For teachers ONE of the following:<\/p>","protected":false},"author":2,"featured_media":0,"parent":0,"menu_order":0,"comment_status":"closed","ping_status":"closed","template":"","meta":{"_acf_changed":false,"_editorskit_title_hidden":false,"_editorskit_reading_time":0,"_editorskit_is_block_options_detached":false,"_editorskit_block_options_position":"{}","footnotes":""},"class_list":["post-58421","page","type-page","status-publish"],"acf":[],"_links":{"self":[{"href":"https:\/\/www.syntorial.com\/es\/wp-json\/wp\/v2\/pages\/58421","targetHints":{"allow":["GET"]}}],"collection":[{"href":"https:\/\/www.syntorial.com\/es\/wp-json\/wp\/v2\/pages"}],"about":[{"href":"https:\/\/www.syntorial.com\/es\/wp-json\/wp\/v2\/types\/page"}],"author":[{"embeddable":true,"href":"https:\/\/www.syntorial.com\/es\/wp-json\/wp\/v2\/users\/2"}],"replies":[{"embeddable":true,"href":"https:\/\/www.syntorial.com\/es\/wp-json\/wp\/v2\/comments?post=58421"}],"version-history":[{"count":1,"href":"https:\/\/www.syntorial.com\/es\/wp-json\/wp\/v2\/pages\/58421\/revisions"}],"predecessor-version":[{"id":58422,"href":"https:\/\/www.syntorial.com\/es\/wp-json\/wp\/v2\/pages\/58421\/revisions\/58422"}],"wp:attachment":[{"href":"https:\/\/www.syntorial.com\/es\/wp-json\/wp\/v2\/media?parent=58421"}],"curies":[{"name":"wp","href":"https:\/\/api.w.org\/{rel}","templated":true}]}}