{"id":58303,"date":"2026-01-02T16:45:44","date_gmt":"2026-01-02T16:45:44","guid":{"rendered":"https:\/\/www.syntorial.com\/?page_id=58303"},"modified":"2026-01-05T10:54:11","modified_gmt":"2026-01-05T10:54:11","slug":"syntorial-to-synth-parameter-mapping","status":"publish","type":"page","link":"https:\/\/www.syntorial.com\/es\/syntorial-to-synth-parameter-mapping\/","title":{"rendered":"Mapeo de Par\u00e1metros de Syntorial a Sintetizadores"},"content":{"rendered":"<h2 class=\"wp-block-heading\">Aplica lo que aprendes en Syntorial a los sintes que realmente usas.<\/h2>\n\n\n\n<p>Este mapa colaborativo en constante evoluci\u00f3n conecta <strong>Syntorial\u2019s parameters<\/strong> con sus equivalentes en sintetizadores de hardware y software populares. As\u00ed sabr\u00e1s exactamente d\u00f3nde encontrar y usar los mismos conceptos fuera de Syntorial, especialmente al trabajar en las secciones <em><strong>Por tu cuenta<\/strong><\/em> de Syntorial.<\/p>\n\n\n<div class=\"gb-grid-wrapper gb-grid-wrapper-fc7677f4\">\n<div class=\"gb-grid-column gb-grid-column-00bb4e19\"><div class=\"gb-container gb-container-00bb4e19\">\n\n<figure class=\"wp-block-image size-large\"><a href=\"\/es\/synth-mapping\/\"><img loading=\"lazy\" decoding=\"async\" width=\"1024\" height=\"816\" src=\"https:\/\/www.syntorial.com\/wp-content\/uploads\/2026\/01\/Mapping-Menu-1024x816.webp\" alt=\"\" class=\"wp-image-58304\" srcset=\"https:\/\/www.syntorial.com\/wp-content\/uploads\/2026\/01\/Mapping-Menu-1024x816.webp 1024w, https:\/\/www.syntorial.com\/wp-content\/uploads\/2026\/01\/Mapping-Menu-300x239.webp 300w, https:\/\/www.syntorial.com\/wp-content\/uploads\/2026\/01\/Mapping-Menu-768x612.webp 768w, https:\/\/www.syntorial.com\/wp-content\/uploads\/2026\/01\/Mapping-Menu-15x12.webp 15w, https:\/\/www.syntorial.com\/wp-content\/uploads\/2026\/01\/Mapping-Menu.webp 1200w\" sizes=\"auto, (max-width: 1024px) 100vw, 1024px\" \/><\/a><\/figure>\n\n<\/div><\/div>\n\n<div class=\"gb-grid-column gb-grid-column-fccacb73\"><div class=\"gb-container gb-container-fccacb73\">\n\n<figure class=\"wp-block-image size-large\"><a href=\"\/es\/synth-mapping\/\"><img loading=\"lazy\" decoding=\"async\" width=\"1024\" height=\"818\" src=\"https:\/\/www.syntorial.com\/wp-content\/uploads\/2026\/01\/Mapping-Vital-1024x818.webp\" alt=\"\" class=\"wp-image-58305\" srcset=\"https:\/\/www.syntorial.com\/wp-content\/uploads\/2026\/01\/Mapping-Vital-1024x818.webp 1024w, https:\/\/www.syntorial.com\/wp-content\/uploads\/2026\/01\/Mapping-Vital-300x240.webp 300w, https:\/\/www.syntorial.com\/wp-content\/uploads\/2026\/01\/Mapping-Vital-768x614.webp 768w, https:\/\/www.syntorial.com\/wp-content\/uploads\/2026\/01\/Mapping-Vital-15x12.webp 15w, https:\/\/www.syntorial.com\/wp-content\/uploads\/2026\/01\/Mapping-Vital.webp 1200w\" sizes=\"auto, (max-width: 1024px) 100vw, 1024px\" \/><\/a><\/figure>\n\n<\/div><\/div>\n<\/div>\n\n<div class=\"gb-container gb-container-8360e123\">\n\n<a class=\"gb-button gb-button-34035d42 gb-button-text button-cta-content\" href=\"https:\/\/www.syntorial.com\/es\/synth-mapping\/\" target=\"_blank\" rel=\"noopener noreferrer\"><strong>\ud83d\udc49 Abrir el Mapeo de Par\u00e1metros de Sintetizadores<\/strong><\/a>\n\n<\/div>\n\n\n<h2 class=\"gb-headline gb-headline-0198f416 gb-headline-text\">\ud83e\udde0 Construido por la Comunidad<\/h2>\n\n\n\n<p>Este mapeo es <strong>colaborativo<\/strong>.<\/p>\n\n\n\n<p>Puedes contribuir activamente:<\/p>\n\n\n\n<ul class=\"wp-block-list\">\n<li>Mapeos de nuevos sintes<\/li>\n\n\n\n<li>Par\u00e1metros faltantes<\/li>\n\n\n\n<li>Correcciones y aclaraciones<\/li>\n\n\n\n<li>Capturas de pantalla de interfaz y sugerencias de dise\u00f1o<\/li>\n<\/ul>\n\n\n\n<p><strong>Cuanta m\u00e1s gente contribuya, mejor ser\u00e1.<\/strong><\/p>\n\n\n\n<p>Sintes mapeados actualmente (y en crecimiento):<\/p>\n\n\n\n<ul class=\"wp-block-list\">\n<li>Vital<\/li>\n\n\n\n<li>Pigments<\/li>\n\n\n\n<li>Phaseplant<\/li>\n\n\n\n<li>Diva<\/li>\n\n\n\n<li>Omnisphere<\/li>\n\n\n\n<li>UVI Falcon 2<\/li>\n\n\n\n<li>GMS<\/li>\n\n\n\n<li>Korg Minilogue<\/li>\n<\/ul>\n\n\n\n<p><em>Se a\u00f1aden nuevos sintes y mejoras continuamente.<\/em><\/p>\n\n\n\n<h2 class=\"gb-headline gb-headline-fa2e75d4 gb-headline-text\">En qu\u00e9 se diferencia este Mapeo de Sintetizadores de Syntorial de los Paquetes de Lecciones<\/h2>\n\n\n\n<p>Los Paquetes de Lecciones ofrecen entrenamiento profundo y guiado para sintes espec\u00edficos. El Mapeo de Par\u00e1metros de Sintetizadores es una referencia colaborativa dise\u00f1ada para cubrir sintes que (a\u00fan) no tienen un Paquete de Lecciones oficial. Y para ayudarte a traducir los conceptos de Syntorial r\u00e1pidamente a trav\u00e9s de muchos instrumentos.<\/p>\n\n\n\n<p>Para instrucci\u00f3n m\u00e1s profunda y espec\u00edfica de cada sinte a trav\u00e9s de series de video integradas directamente en Syntorial, consulta nuestra <strong><a href=\"https:\/\/www.syntorial.com\/es\/lesson-packs\/\">lista de Paquetes de Lecciones con soporte oficial.<\/a><\/strong><\/p>\n\n\n\n<h2 class=\"gb-headline gb-headline-2152613a gb-headline-text\">\u00bfFalta tu sinte? \u00bfQuieres contribuir?<\/h2>\n\n\n\n<p>\u00bfQuieres a\u00f1adir m\u00e1s sintes o ampliar los mapeos existentes? No necesitas ser un experto ni completar un mapeo completo de un sinte.<\/p>\n\n\n\n<p>Puedes:<\/p>\n\n\n\n<ul class=\"wp-block-list\">\n<li>Sugerir un nuevo sinte<\/li>\n\n\n\n<li>Completar un par\u00e1metro faltante<\/li>\n\n\n\n<li>Dejar notas sobre diferencias o particularidades<\/li>\n\n\n\n<li>Se\u00f1alar mapeos poco claros<\/li>\n<\/ul>\n\n\n\n<p><strong>C\u00f3mo funciona:<\/strong><\/p>\n\n\n\n<ol class=\"wp-block-list\">\n<li><a href=\"https:\/\/www.syntorial.com\/es\/synth-mapping\/\">Abre el mapeo<\/a><\/li>\n\n\n\n<li>Inicia sesi\u00f3n en tu cuenta de Google<\/li>\n\n\n\n<li>Solicita permisos de edici\u00f3n haciendo clic en \"Solo comentarios\" en la parte superior. En el cuadro de mensaje, ind\u00edcanos qu\u00e9 sinte quieres a\u00f1adir o editar.<\/li>\n<\/ol>\n\n\n\n<figure class=\"wp-block-image size-full is-resized\"><img loading=\"lazy\" decoding=\"async\" width=\"538\" height=\"398\" src=\"https:\/\/www.syntorial.com\/wp-content\/uploads\/2026\/01\/Access.webp\" alt=\"\" class=\"wp-image-58306\" style=\"width:314px;height:auto\" srcset=\"https:\/\/www.syntorial.com\/wp-content\/uploads\/2026\/01\/Access.webp 538w, https:\/\/www.syntorial.com\/wp-content\/uploads\/2026\/01\/Access-300x222.webp 300w, https:\/\/www.syntorial.com\/wp-content\/uploads\/2026\/01\/Access-16x12.webp 16w\" sizes=\"auto, (max-width: 538px) 100vw, 538px\" \/><\/figure>\n\n\n<div class=\"gb-container gb-container-81e503e9\">\n\n<a class=\"gb-button gb-button-0ba7c323 gb-button-text button-cta-content\" href=\"https:\/\/www.syntorial.com\/es\/synth-mapping\/\" target=\"_blank\" rel=\"noopener noreferrer\"><strong>\ud83d\udc49<\/strong> <strong>Abrir el Mapeo de Par\u00e1metros de Sintetizadores<\/strong><\/a>\n\n<\/div>\n\n\n<p><\/p>","protected":false},"excerpt":{"rendered":"<p>Apply what you learn in Syntorial to the synths you actually use. This living, crowdsourced map connects Syntorial\u2019s parameters to their equivalents in popular hardware and software synthesizers. So you know exactly where to find and use the same concepts outside of Syntorial, especially when working through Syntorial&#8217;s Own Your &#8230; <a title=\"Mapeo de Par\u00e1metros de Syntorial a Sintetizadores\" class=\"read-more\" href=\"https:\/\/www.syntorial.com\/es\/syntorial-to-synth-parameter-mapping\/\" aria-label=\"Leer m\u00e1s sobre Syntorial-To-Synth Parameter Mapping\">Leer m\u00e1s<\/a><\/p>","protected":false},"author":1,"featured_media":0,"parent":0,"menu_order":0,"comment_status":"closed","ping_status":"closed","template":"","meta":{"_acf_changed":false,"_editorskit_title_hidden":false,"_editorskit_reading_time":0,"_editorskit_is_block_options_detached":false,"_editorskit_block_options_position":"{}","footnotes":""},"class_list":["post-58303","page","type-page","status-publish"],"acf":[],"_links":{"self":[{"href":"https:\/\/www.syntorial.com\/es\/wp-json\/wp\/v2\/pages\/58303","targetHints":{"allow":["GET"]}}],"collection":[{"href":"https:\/\/www.syntorial.com\/es\/wp-json\/wp\/v2\/pages"}],"about":[{"href":"https:\/\/www.syntorial.com\/es\/wp-json\/wp\/v2\/types\/page"}],"author":[{"embeddable":true,"href":"https:\/\/www.syntorial.com\/es\/wp-json\/wp\/v2\/users\/1"}],"replies":[{"embeddable":true,"href":"https:\/\/www.syntorial.com\/es\/wp-json\/wp\/v2\/comments?post=58303"}],"version-history":[{"count":12,"href":"https:\/\/www.syntorial.com\/es\/wp-json\/wp\/v2\/pages\/58303\/revisions"}],"predecessor-version":[{"id":58326,"href":"https:\/\/www.syntorial.com\/es\/wp-json\/wp\/v2\/pages\/58303\/revisions\/58326"}],"wp:attachment":[{"href":"https:\/\/www.syntorial.com\/es\/wp-json\/wp\/v2\/media?parent=58303"}],"curies":[{"name":"wp","href":"https:\/\/api.w.org\/{rel}","templated":true}]}}