{"id":58000,"date":"2025-09-23T11:59:47","date_gmt":"2025-09-23T11:59:47","guid":{"rendered":"https:\/\/www.syntorial.com\/?page_id=58000"},"modified":"2026-04-07T11:22:51","modified_gmt":"2026-04-07T11:22:51","slug":"woolf-synthwave-primer-preset-pack","status":"publish","type":"page","link":"https:\/\/www.syntorial.com\/es\/primer\/woolf-synthwave-primer-preset-pack\/","title":{"rendered":"Woolf: Pack de Presets Synthwave para Primer"},"content":{"rendered":"<div class=\"gb-container gb-container-1eebe70c gbp-section\">\n<div class=\"gb-container gb-container-8739981d gbp-section__inner\">\n<div class=\"gb-container gb-container-806fa48a\">\n\n<h2 class=\"gb-headline gb-headline-04731ffe gb-headline-text gbp-section__headline\">Ondas retro y escapadas cinem\u00e1ticas para Primer.<\/h2>\n\n\n\n<div class=\"gb-headline gb-headline-5b3d0857 gb-headline-text gbp-section__tagline\">68 presets<\/div>\n\n\n\n<p class=\"gb-headline gb-headline-87f943b9 gb-headline-text gbp-section__text\">Nos emociona presentarte <strong>SynthWave<\/strong>, un pack de presets totalmente nuevo para nuestro <a href=\"\/es\/primer\/\">sinte gratuito Primer<\/a> creado por el talentoso <strong><a href=\"https:\/\/presetshare.com\/@woolf\" target=\"_blank\" rel=\"noopener\">Woolf<\/a><\/strong>. Esta colecci\u00f3n est\u00e1 repleta de sonidos exuberantes de inspiraci\u00f3n retro que capturan el inconfundible esp\u00edritu de los 80. Perfecta para baladas cargadas de sintes, himnos outrun o partituras cinem\u00e1ticas on\u00edricas.<\/p>\n\n\n<div class=\"gb-container gb-container-56c218e0\">\n\n<a class=\"gb-button gb-button-abbdb9e3 gb-button-text gbp-button--primary\" href=\"https:\/\/www.syntorial.com\/es\/downloader\/?category=Presets&amp;name=Primer-Woolf-Synthwave\"><strong>Desc\u00e1rgalo Gratis<\/strong><\/a>\n\n<\/div>\n<\/div>\n\n<div class=\"gb-container gb-container-f7f7e1ce\">\n\n<figure class=\"wp-block-embed is-type-rich is-provider-soundcloud wp-block-embed-soundcloud wp-embed-aspect-4-3 wp-has-aspect-ratio\"><div class=\"wp-block-embed__wrapper\">\n<iframe loading=\"lazy\" title=\"Woolf: Paquete de preajustes Synthwave Primer de Audible Genius\" width=\"1200\" height=\"450\" scrolling=\"no\" frameborder=\"no\" src=\"https:\/\/w.soundcloud.com\/player\/?visual=true&#038;url=https%3A%2F%2Fapi.soundcloud.com%2Fplaylists%2F2084507859&#038;show_artwork=true&#038;maxheight=1000&#038;maxwidth=1200\"><\/iframe>\n<\/div><\/figure>\n\n<\/div>\n<\/div>\n<\/div>\n\n<div class=\"gb-container gb-container-4b6c4c4d\">\n\n<h3 class=\"gb-headline gb-headline-a85ee60b gb-headline-text gbp-section__headline\"><strong>14 Bajos<\/strong> \ud83c\udfb8<\/h3>\n\n<\/div>\n\n<div class=\"gb-container gb-container-d34db8e8 gbp-section\">\n<div class=\"gb-container gb-container-4d12c419 gbp-section__inner\">\n<div class=\"gb-container gb-container-21b8d59d\">\n\n<figure class=\"wp-block-audio\"><audio controls src=\"https:\/\/www.syntorial.com\/wp-content\/uploads\/2025\/09\/BASS-Atmoic.mp3\"><\/audio><figcaption class=\"wp-element-caption\">BASS Atmoic<\/figcaption><\/figure>\n\n\n\n<figure class=\"wp-block-audio\"><audio controls src=\"https:\/\/www.syntorial.com\/wp-content\/uploads\/2025\/09\/BASS-Back-Alley.mp3\"><\/audio><figcaption class=\"wp-element-caption\">BASS Back Alley<\/figcaption><\/figure>\n\n\n\n<figure class=\"wp-block-audio\"><audio controls src=\"https:\/\/www.syntorial.com\/wp-content\/uploads\/2025\/09\/BASS-Bully.mp3\"><\/audio><figcaption class=\"wp-element-caption\">BASS Bully<\/figcaption><\/figure>\n\n\n\n<figure class=\"wp-block-audio\"><audio controls src=\"https:\/\/www.syntorial.com\/wp-content\/uploads\/2025\/09\/BASS-Chaos-no-midi.mp3\"><\/audio><figcaption class=\"wp-element-caption\">BASS &#8211; Chaos<\/figcaption><\/figure>\n\n\n\n<figure class=\"wp-block-audio\"><audio controls src=\"https:\/\/www.syntorial.com\/wp-content\/uploads\/2025\/09\/BASS-Industry-no-midi.mp3\"><\/audio><figcaption class=\"wp-element-caption\">BASS Industry<\/figcaption><\/figure>\n\n\n\n<figure class=\"wp-block-audio\"><audio controls src=\"https:\/\/www.syntorial.com\/wp-content\/uploads\/2025\/09\/BASS-Neuron-no-midi.mp3\"><\/audio><figcaption class=\"wp-element-caption\">BASS Neuron<\/figcaption><\/figure>\n\n\n\n<figure class=\"wp-block-audio\"><audio controls src=\"https:\/\/www.syntorial.com\/wp-content\/uploads\/2025\/09\/BASS-Night-Glow.mp3\"><\/audio><figcaption class=\"wp-element-caption\">BASS Night Glow<\/figcaption><\/figure>\n\n<\/div>\n\n<div class=\"gb-container gb-container-1cad028e\">\n\n<figure class=\"wp-block-audio\"><audio controls src=\"https:\/\/www.syntorial.com\/wp-content\/uploads\/2025\/09\/BASS-Ominous.mp3\"><\/audio><figcaption class=\"wp-element-caption\">BASS Ominous<\/figcaption><\/figure>\n\n\n\n<figure class=\"wp-block-audio\"><audio controls src=\"https:\/\/www.syntorial.com\/wp-content\/uploads\/2025\/09\/BASS-Retro-Rumble-1-no-midi.mp3\"><\/audio><figcaption class=\"wp-element-caption\">BASS Retro Rumble 1<\/figcaption><\/figure>\n\n\n\n<figure class=\"wp-block-audio\"><audio controls src=\"https:\/\/www.syntorial.com\/wp-content\/uploads\/2025\/09\/BASS-Retro-Rumble-2-no-midi.mp3\"><\/audio><figcaption class=\"wp-element-caption\">BASS Retro Rumble 2<\/figcaption><\/figure>\n\n\n\n<figure class=\"wp-block-audio\"><audio controls src=\"https:\/\/www.syntorial.com\/wp-content\/uploads\/2025\/09\/BASS-Strength.mp3\"><\/audio><figcaption class=\"wp-element-caption\">BASS Strength<\/figcaption><\/figure>\n\n\n\n<figure class=\"wp-block-audio\"><audio controls src=\"https:\/\/www.syntorial.com\/wp-content\/uploads\/2025\/09\/BASS-Thumper.mp3\"><\/audio><figcaption class=\"wp-element-caption\">BASS Thumper<\/figcaption><\/figure>\n\n\n\n<figure class=\"wp-block-audio\"><audio controls src=\"https:\/\/www.syntorial.com\/wp-content\/uploads\/2025\/09\/BASS-Vast.mp3\"><\/audio><figcaption class=\"wp-element-caption\">BASS Vast<\/figcaption><\/figure>\n\n\n\n<figure class=\"wp-block-audio\"><audio controls src=\"https:\/\/www.syntorial.com\/wp-content\/uploads\/2025\/09\/BASS-Voltage.mp3\"><\/audio><figcaption class=\"wp-element-caption\">BASS Voltage<\/figcaption><\/figure>\n\n<\/div>\n<\/div>\n<\/div>\n\n<div class=\"gb-container gb-container-a22a8d9f\">\n<div class=\"gb-container gb-container-3374e780\">\n\n<a class=\"gb-button gb-button-e83c4b3f gb-button-text gbp-button--primary\" href=\"https:\/\/www.syntorial.com\/es\/downloader\/?category=Presets&amp;name=Primer-Woolf-Synthwave\"><strong>Desc\u00e1rgalo Gratis<\/strong><\/a>\n\n<\/div>\n<\/div>\n\n<div class=\"gb-container gb-container-8a95a25b\">\n\n<h3 class=\"gb-headline gb-headline-1e4206e3 gb-headline-text gbp-section__headline\"><strong>22 <\/strong>Leads \u26a1<\/h3>\n\n<\/div>\n\n<div class=\"gb-container gb-container-332cab69 gbp-section\">\n<div class=\"gb-container gb-container-69a7b8d8 gbp-section__inner\">\n<div class=\"gb-container gb-container-3844823b\">\n\n<figure class=\"wp-block-audio\"><audio controls src=\"https:\/\/www.syntorial.com\/wp-content\/uploads\/2025\/09\/LEAD-Cyber-Creep-no-midi.mp3\"><\/audio><figcaption class=\"wp-element-caption\">LEAD Cyber Creep <\/figcaption><\/figure>\n\n\n\n<figure class=\"wp-block-audio\"><audio controls src=\"https:\/\/www.syntorial.com\/wp-content\/uploads\/2025\/09\/LEAD-Cyber.mp3\"><\/audio><figcaption class=\"wp-element-caption\">LEAD Cyber<\/figcaption><\/figure>\n\n\n\n<figure class=\"wp-block-audio\"><audio controls src=\"https:\/\/www.syntorial.com\/wp-content\/uploads\/2025\/09\/LEAD-Data-Burst.mp3\"><\/audio><figcaption class=\"wp-element-caption\">LEAD Data Burst<\/figcaption><\/figure>\n\n\n\n<figure class=\"wp-block-audio\"><audio controls src=\"https:\/\/www.syntorial.com\/wp-content\/uploads\/2025\/09\/LEAD-Digidreams.mp3\"><\/audio><figcaption class=\"wp-element-caption\">LEAD Digidreams<\/figcaption><\/figure>\n\n\n\n<figure class=\"wp-block-audio\"><audio controls src=\"https:\/\/www.syntorial.com\/wp-content\/uploads\/2025\/09\/LEAD-Electric-Pluck.mp3\"><\/audio><figcaption class=\"wp-element-caption\">LEAD Electric Pluck<\/figcaption><\/figure>\n\n\n\n<figure class=\"wp-block-audio\"><audio controls src=\"https:\/\/www.syntorial.com\/wp-content\/uploads\/2025\/09\/LEAD-Galactic-no-midi.mp3\"><\/audio><figcaption class=\"wp-element-caption\">LEAD Galactic <\/figcaption><\/figure>\n\n\n\n<figure class=\"wp-block-audio\"><audio controls src=\"https:\/\/www.syntorial.com\/wp-content\/uploads\/2025\/09\/LEAD-Horizon.mp3\"><\/audio><figcaption class=\"wp-element-caption\">LEAD Horizon<\/figcaption><\/figure>\n\n\n\n<figure class=\"wp-block-audio\"><audio controls src=\"https:\/\/www.syntorial.com\/wp-content\/uploads\/2025\/09\/LEAD-Hyperdrive.mp3\"><\/audio><figcaption class=\"wp-element-caption\">LEAD Hyperdrive<\/figcaption><\/figure>\n\n\n\n<figure class=\"wp-block-audio\"><audio controls src=\"https:\/\/www.syntorial.com\/wp-content\/uploads\/2025\/09\/LEAD-Midnight.mp3\"><\/audio><figcaption class=\"wp-element-caption\">LEAD Midnight<\/figcaption><\/figure>\n\n\n\n<figure class=\"wp-block-audio\"><audio controls src=\"https:\/\/www.syntorial.com\/wp-content\/uploads\/2025\/09\/LEAD-Neon.mp3\"><\/audio><figcaption class=\"wp-element-caption\">LEAD Neon<\/figcaption><\/figure>\n\n\n\n<figure class=\"wp-block-audio\"><audio controls src=\"https:\/\/www.syntorial.com\/wp-content\/uploads\/2025\/09\/LEAD-Neo-Tokyo.mp3\"><\/audio><figcaption class=\"wp-element-caption\">LEAD Neo-Tokyo<\/figcaption><\/figure>\n\n<\/div>\n\n<div class=\"gb-container gb-container-045f4e52\">\n\n<figure class=\"wp-block-audio\"><audio controls src=\"https:\/\/www.syntorial.com\/wp-content\/uploads\/2025\/09\/LEAD-Nervous-no-midi.mp3\"><\/audio><figcaption class=\"wp-element-caption\">LEAD Nervous <\/figcaption><\/figure>\n\n\n\n<figure class=\"wp-block-audio\"><audio controls src=\"https:\/\/www.syntorial.com\/wp-content\/uploads\/2025\/09\/LEAD-Night-Ride.mp3\"><\/audio><figcaption class=\"wp-element-caption\">LEAD Night Ride<\/figcaption><\/figure>\n\n\n\n<figure class=\"wp-block-audio\"><audio controls src=\"https:\/\/www.syntorial.com\/wp-content\/uploads\/2025\/09\/LEAD-Pipedream-no-midi.mp3\"><\/audio><figcaption class=\"wp-element-caption\">LEAD Pipedream<\/figcaption><\/figure>\n\n\n\n<figure class=\"wp-block-audio\"><audio controls src=\"https:\/\/www.syntorial.com\/wp-content\/uploads\/2025\/09\/LEAD-Plasma.mp3\"><\/audio><figcaption class=\"wp-element-caption\">LEAD Plasma<\/figcaption><\/figure>\n\n\n\n<figure class=\"wp-block-audio\"><audio controls src=\"https:\/\/www.syntorial.com\/wp-content\/uploads\/2025\/09\/LEAD-Power-Move.mp3\"><\/audio><figcaption class=\"wp-element-caption\">LEAD Power Move<\/figcaption><\/figure>\n\n\n\n<figure class=\"wp-block-audio\"><audio controls src=\"https:\/\/www.syntorial.com\/wp-content\/uploads\/2025\/09\/LEAD-Quick-Fix-no-midi.mp3\"><\/audio><figcaption class=\"wp-element-caption\">LEAD Quick Fix <\/figcaption><\/figure>\n\n\n\n<figure class=\"wp-block-audio\"><audio controls src=\"https:\/\/www.syntorial.com\/wp-content\/uploads\/2025\/09\/LEAD-Star-Drive.mp3\"><\/audio><figcaption class=\"wp-element-caption\">LEAD Star Drive<\/figcaption><\/figure>\n\n\n\n<figure class=\"wp-block-audio\"><audio controls src=\"https:\/\/www.syntorial.com\/wp-content\/uploads\/2025\/09\/LEAD-Streetlight.mp3\"><\/audio><figcaption class=\"wp-element-caption\">LEAD Streetlight<\/figcaption><\/figure>\n\n\n\n<figure class=\"wp-block-audio\"><audio controls src=\"https:\/\/www.syntorial.com\/wp-content\/uploads\/2025\/09\/LEAD-Surge-no-midi.mp3\"><\/audio><figcaption class=\"wp-element-caption\">LEAD Surge <\/figcaption><\/figure>\n\n\n\n<figure class=\"wp-block-audio\"><audio controls src=\"https:\/\/www.syntorial.com\/wp-content\/uploads\/2025\/09\/LEAD-Velvet.mp3\"><\/audio><figcaption class=\"wp-element-caption\">LEAD Velvet<\/figcaption><\/figure>\n\n\n\n<figure class=\"wp-block-audio\"><audio controls src=\"https:\/\/www.syntorial.com\/wp-content\/uploads\/2025\/09\/LEAD-Xenon-no-midi.mp3\"><\/audio><figcaption class=\"wp-element-caption\">LEAD Xenon <\/figcaption><\/figure>\n\n<\/div>\n<\/div>\n<\/div>\n\n<div class=\"gb-container gb-container-8ef73b99\">\n<div class=\"gb-container gb-container-2e30d08f\">\n\n<a class=\"gb-button gb-button-4ab99033 gb-button-text gbp-button--primary\" href=\"https:\/\/www.syntorial.com\/es\/downloader\/?category=Presets&amp;name=Primer-Woolf-Synthwave\"><strong>Desc\u00e1rgalo Gratis<\/strong><\/a>\n\n<\/div>\n<\/div>\n\n<div class=\"gb-container gb-container-b6a146a7\">\n\n<h3 class=\"gb-headline gb-headline-2615b247 gb-headline-text gbp-section__headline\"><strong>21 <\/strong>Pads \ud83c\udf0a <\/h3>\n\n<\/div>\n\n<div class=\"gb-container gb-container-6c65582b gbp-section\">\n<div class=\"gb-container gb-container-e525de85 gbp-section__inner\">\n<div class=\"gb-container gb-container-bf875ad1\">\n\n<figure class=\"wp-block-audio\"><audio controls src=\"https:\/\/www.syntorial.com\/wp-content\/uploads\/2025\/09\/PAD-Aggro.mp3\"><\/audio><figcaption class=\"wp-element-caption\">PAD Aggro<\/figcaption><\/figure>\n\n\n\n<figure class=\"wp-block-audio\"><audio controls src=\"https:\/\/www.syntorial.com\/wp-content\/uploads\/2025\/09\/PAD-Busy-Circuits.mp3\"><\/audio><figcaption class=\"wp-element-caption\">PAD Busy Circuits<\/figcaption><\/figure>\n\n\n\n<figure class=\"wp-block-audio\"><audio controls src=\"https:\/\/www.syntorial.com\/wp-content\/uploads\/2025\/09\/PAD-Cosmic.mp3\"><\/audio><figcaption class=\"wp-element-caption\">PAD Cosmic<\/figcaption><\/figure>\n\n\n\n<figure class=\"wp-block-audio\"><audio controls src=\"https:\/\/www.syntorial.com\/wp-content\/uploads\/2025\/09\/PAD-Deep-Space-Drone-1-no-midi.mp3\"><\/audio><figcaption class=\"wp-element-caption\">PAD Deep Space Drone 1 <\/figcaption><\/figure>\n\n\n\n<figure class=\"wp-block-audio\"><audio controls src=\"https:\/\/www.syntorial.com\/wp-content\/uploads\/2025\/09\/PAD-Deep-Space-Drone-2-no-midi.mp3\"><\/audio><figcaption class=\"wp-element-caption\">PAD Deep Space Drone 2<\/figcaption><\/figure>\n\n\n\n<figure class=\"wp-block-audio\"><audio controls src=\"https:\/\/www.syntorial.com\/wp-content\/uploads\/2025\/09\/PAD-Distant-Love.mp3\"><\/audio><figcaption class=\"wp-element-caption\">PAD Distant Love<\/figcaption><\/figure>\n\n\n\n<figure class=\"wp-block-audio\"><audio controls src=\"https:\/\/www.syntorial.com\/wp-content\/uploads\/2025\/09\/PAD-Expanse-no-midi.mp3\"><\/audio><figcaption class=\"wp-element-caption\">PAD Expanse <\/figcaption><\/figure>\n\n\n\n<figure class=\"wp-block-audio\"><audio controls src=\"https:\/\/www.syntorial.com\/wp-content\/uploads\/2025\/09\/PAD-Forever.mp3\"><\/audio><figcaption class=\"wp-element-caption\">PAD Forever<\/figcaption><\/figure>\n\n\n\n<figure class=\"wp-block-audio\"><audio controls src=\"https:\/\/www.syntorial.com\/wp-content\/uploads\/2025\/09\/PAD-Gridline.mp3\"><\/audio><figcaption class=\"wp-element-caption\">PAD Gridline<\/figcaption><\/figure>\n\n\n\n<figure class=\"wp-block-audio\"><audio controls src=\"https:\/\/www.syntorial.com\/wp-content\/uploads\/2025\/09\/PAD-Guiding-Light.mp3\"><\/audio><figcaption class=\"wp-element-caption\">PAD Guiding Light<\/figcaption><\/figure>\n\n\n\n<figure class=\"wp-block-audio\"><audio controls src=\"https:\/\/www.syntorial.com\/wp-content\/uploads\/2025\/09\/PAD-Hectic-no-midi.mp3\"><\/audio><figcaption class=\"wp-element-caption\">PAD Hectic <\/figcaption><\/figure>\n\n<\/div>\n\n<div class=\"gb-container gb-container-2f70ade5\">\n\n<figure class=\"wp-block-audio\"><audio controls src=\"https:\/\/www.syntorial.com\/wp-content\/uploads\/2025\/09\/PAD-Nebula.mp3\"><\/audio><figcaption class=\"wp-element-caption\">PAD Nebula<\/figcaption><\/figure>\n\n\n\n<figure class=\"wp-block-audio\"><audio controls src=\"https:\/\/www.syntorial.com\/wp-content\/uploads\/2025\/09\/PAD-Orbital.mp3\"><\/audio><figcaption class=\"wp-element-caption\">PAD Orbital<\/figcaption><\/figure>\n\n\n\n<figure class=\"wp-block-audio\"><audio controls src=\"https:\/\/www.syntorial.com\/wp-content\/uploads\/2025\/09\/PAD-Respawn-no-midi.mp3\"><\/audio><figcaption class=\"wp-element-caption\">PAD Respawn <\/figcaption><\/figure>\n\n\n\n<figure class=\"wp-block-audio\"><audio controls src=\"https:\/\/www.syntorial.com\/wp-content\/uploads\/2025\/09\/PAD-Return-To-Sender-no-midi.mp3\"><\/audio><figcaption class=\"wp-element-caption\">PAD Return To Sender <\/figcaption><\/figure>\n\n\n\n<figure class=\"wp-block-audio\"><audio controls src=\"https:\/\/www.syntorial.com\/wp-content\/uploads\/2025\/09\/PAD-Skyward.mp3\"><\/audio><figcaption class=\"wp-element-caption\">PAD Skyward<\/figcaption><\/figure>\n\n\n\n<figure class=\"wp-block-audio\"><audio controls src=\"https:\/\/www.syntorial.com\/wp-content\/uploads\/2025\/09\/PAD-Space-Organ.mp3\"><\/audio><figcaption class=\"wp-element-caption\">PAD Space Organ<\/figcaption><\/figure>\n\n\n\n<figure class=\"wp-block-audio\"><audio controls src=\"https:\/\/www.syntorial.com\/wp-content\/uploads\/2025\/09\/PAD-Stutter.mp3\"><\/audio><figcaption class=\"wp-element-caption\">PAD Stutter<\/figcaption><\/figure>\n\n\n\n<figure class=\"wp-block-audio\"><audio controls src=\"https:\/\/www.syntorial.com\/wp-content\/uploads\/2025\/09\/PAD-The-Depths-no-midi.mp3\"><\/audio><figcaption class=\"wp-element-caption\">PAD The Depths <\/figcaption><\/figure>\n\n\n\n<figure class=\"wp-block-audio\"><audio controls src=\"https:\/\/www.syntorial.com\/wp-content\/uploads\/2025\/09\/PAD-Unease-no-midi.mp3\"><\/audio><figcaption class=\"wp-element-caption\">PAD Unease <\/figcaption><\/figure>\n\n\n\n<figure class=\"wp-block-audio\"><audio controls src=\"https:\/\/www.syntorial.com\/wp-content\/uploads\/2025\/09\/PAD-Venus.mp3\"><\/audio><figcaption class=\"wp-element-caption\">PAD Venus<\/figcaption><\/figure>\n\n<\/div>\n<\/div>\n<\/div>\n\n<div class=\"gb-container gb-container-378b9217\">\n<div class=\"gb-container gb-container-d9473c4a\">\n\n<a class=\"gb-button gb-button-38ca9842 gb-button-text gbp-button--primary\" href=\"https:\/\/www.syntorial.com\/es\/downloader\/?category=Presets&amp;name=Primer-Woolf-Synthwave\"><strong>Desc\u00e1rgalo Gratis<\/strong><\/a>\n\n<\/div>\n<\/div>\n\n<div class=\"gb-container gb-container-e442b8f3\">\n\n<h3 class=\"gb-headline gb-headline-2cdbea2e gb-headline-text gbp-section__headline\"><strong>11 Keys \ud83c\udfb9<\/strong> <\/h3>\n\n<\/div>\n\n<div class=\"gb-container gb-container-5a21a143 gbp-section\">\n<div class=\"gb-container gb-container-8f8a4098 gbp-section__inner\">\n<div class=\"gb-container gb-container-1a6afe9e\">\n\n<figure class=\"wp-block-audio\"><audio controls src=\"https:\/\/www.syntorial.com\/wp-content\/uploads\/2025\/09\/KEYS-Aero-no-midi.mp3\"><\/audio><figcaption class=\"wp-element-caption\">KEYS Aero <\/figcaption><\/figure>\n\n\n\n<figure class=\"wp-block-audio\"><audio controls src=\"https:\/\/www.syntorial.com\/wp-content\/uploads\/2025\/09\/KEYS-After-Dusk.mp3\"><\/audio><figcaption class=\"wp-element-caption\">KEYS After Dusk<\/figcaption><\/figure>\n\n\n\n<figure class=\"wp-block-audio\"><audio controls src=\"https:\/\/www.syntorial.com\/wp-content\/uploads\/2025\/09\/KEYS-Easy-Going.mp3\"><\/audio><figcaption class=\"wp-element-caption\">KEYS Easy Going<\/figcaption><\/figure>\n\n\n\n<figure class=\"wp-block-audio\"><audio controls src=\"https:\/\/www.syntorial.com\/wp-content\/uploads\/2025\/09\/KEYS-Glisten.mp3\"><\/audio><figcaption class=\"wp-element-caption\">KEYS Glisten<\/figcaption><\/figure>\n\n\n\n<figure class=\"wp-block-audio\"><audio controls src=\"https:\/\/www.syntorial.com\/wp-content\/uploads\/2025\/09\/KEYS-Homeward.mp3\"><\/audio><figcaption class=\"wp-element-caption\">KEYS Homeward<\/figcaption><\/figure>\n\n\n\n<figure class=\"wp-block-audio\"><audio controls src=\"https:\/\/www.syntorial.com\/wp-content\/uploads\/2025\/09\/KEYS-Lunar-Echo.mp3\"><\/audio><figcaption class=\"wp-element-caption\">KEYS Lunar Echo<\/figcaption><\/figure>\n\n<\/div>\n\n<div class=\"gb-container gb-container-a6b12c9a\">\n\n<figure class=\"wp-block-audio\"><audio controls src=\"https:\/\/www.syntorial.com\/wp-content\/uploads\/2025\/09\/KEYS-Lunchbox-no-midi.mp3\"><\/audio><figcaption class=\"wp-element-caption\">KEYS Lunchbox <\/figcaption><\/figure>\n\n\n\n<figure class=\"wp-block-audio\"><audio controls src=\"https:\/\/www.syntorial.com\/wp-content\/uploads\/2025\/09\/KEYS-Rewind-no-midi.mp3\"><\/audio><figcaption class=\"wp-element-caption\">KEYS Rewind <\/figcaption><\/figure>\n\n\n\n<figure class=\"wp-block-audio\"><audio controls src=\"https:\/\/www.syntorial.com\/wp-content\/uploads\/2025\/09\/KEYS-Somber-Moments.mp3\"><\/audio><figcaption class=\"wp-element-caption\">KEYS Somber Moments<\/figcaption><\/figure>\n\n\n\n<figure class=\"wp-block-audio\"><audio controls src=\"https:\/\/www.syntorial.com\/wp-content\/uploads\/2025\/09\/KEYS-Space-Dirt-no-midi.mp3\"><\/audio><figcaption class=\"wp-element-caption\">KEYS Space Dirt <\/figcaption><\/figure>\n\n\n\n<figure class=\"wp-block-audio\"><audio controls src=\"https:\/\/www.syntorial.com\/wp-content\/uploads\/2025\/09\/KEYS-Starlit-Drive.mp3\"><\/audio><figcaption class=\"wp-element-caption\">KEYS Starlit Drive<\/figcaption><\/figure>\n\n<\/div>\n<\/div>\n<\/div>\n\n<div class=\"gb-container gb-container-f6747d44\">\n<div class=\"gb-container gb-container-9e904540\">\n\n<a class=\"gb-button gb-button-ba65e08e gb-button-text gbp-button--primary\" href=\"https:\/\/www.syntorial.com\/es\/downloader\/?category=Presets&amp;name=Primer-Woolf-Synthwave\"><strong>Desc\u00e1rgalo Gratis<\/strong><\/a>\n\n<\/div>\n<\/div>\n\n\n<p><\/p>","protected":false},"excerpt":{"rendered":"<p>Retro waves &amp; cinematic escapes for Primer. 68 presets We\u2019re excited to bring you SynthWave, a brand-new preset pack for our free synth Primer crafted by the talented Woolf. This collection is packed with lush, retro-inspired sounds that capture the unmistakable spirit of the \u201880s. Perfect for synth-heavy ballads, outrun &#8230; <a title=\"Woolf: Pack de Presets Synthwave para Primer\" class=\"read-more\" href=\"https:\/\/www.syntorial.com\/es\/primer\/woolf-synthwave-primer-preset-pack\/\" aria-label=\"Leer m\u00e1s sobre Woolf: Synthwave Primer Preset Pack\">Leer m\u00e1s<\/a><\/p>","protected":false},"author":2,"featured_media":58001,"parent":9377,"menu_order":0,"comment_status":"closed","ping_status":"closed","template":"","meta":{"_acf_changed":false,"_editorskit_title_hidden":false,"_editorskit_reading_time":0,"_editorskit_is_block_options_detached":false,"_editorskit_block_options_position":"{}","footnotes":""},"class_list":["post-58000","page","type-page","status-publish","has-post-thumbnail"],"acf":[],"_links":{"self":[{"href":"https:\/\/www.syntorial.com\/es\/wp-json\/wp\/v2\/pages\/58000","targetHints":{"allow":["GET"]}}],"collection":[{"href":"https:\/\/www.syntorial.com\/es\/wp-json\/wp\/v2\/pages"}],"about":[{"href":"https:\/\/www.syntorial.com\/es\/wp-json\/wp\/v2\/types\/page"}],"author":[{"embeddable":true,"href":"https:\/\/www.syntorial.com\/es\/wp-json\/wp\/v2\/users\/2"}],"replies":[{"embeddable":true,"href":"https:\/\/www.syntorial.com\/es\/wp-json\/wp\/v2\/comments?post=58000"}],"version-history":[{"count":11,"href":"https:\/\/www.syntorial.com\/es\/wp-json\/wp\/v2\/pages\/58000\/revisions"}],"predecessor-version":[{"id":58525,"href":"https:\/\/www.syntorial.com\/es\/wp-json\/wp\/v2\/pages\/58000\/revisions\/58525"}],"up":[{"embeddable":true,"href":"https:\/\/www.syntorial.com\/es\/wp-json\/wp\/v2\/pages\/9377"}],"wp:featuredmedia":[{"embeddable":true,"href":"https:\/\/www.syntorial.com\/es\/wp-json\/wp\/v2\/media\/58001"}],"wp:attachment":[{"href":"https:\/\/www.syntorial.com\/es\/wp-json\/wp\/v2\/media?parent=58000"}],"curies":[{"name":"wp","href":"https:\/\/api.w.org\/{rel}","templated":true}]}}