{"id":57951,"date":"2025-09-17T16:50:34","date_gmt":"2025-09-17T16:50:34","guid":{"rendered":"https:\/\/www.syntorial.com\/?page_id=57951"},"modified":"2025-10-16T01:17:44","modified_gmt":"2025-10-16T01:17:44","slug":"sketi-ambient-dub-primer-preset-pack","status":"publish","type":"page","link":"https:\/\/www.syntorial.com\/es\/primer\/sketi-ambient-dub-primer-preset-pack\/","title":{"rendered":"Sketi: Pack de Presets Ambient Dub para Primer"},"content":{"rendered":"<div class=\"gb-container gb-container-1eebe70c gbp-section\">\n<div class=\"gb-container gb-container-8739981d gbp-section__inner\">\n<div class=\"gb-container gb-container-806fa48a\">\n\n<h2 class=\"gb-headline gb-headline-04731ffe gb-headline-text gbp-section__headline\">Texturas exuberantes y atm\u00f3sferas impregnadas de dub para Primer.<\/h2>\n\n\n\n<div class=\"gb-headline gb-headline-5b3d0857 gb-headline-text gbp-section__tagline\">40 presets<\/div>\n\n\n\n<p class=\"gb-headline gb-headline-87f943b9 gb-headline-text gbp-section__text\">Sum\u00e9rgete en atm\u00f3sferas profundas y grooves espaciosos con Ambient Dub, un pack de presets gratuito creado por el siempre fant\u00e1stico <a href=\"\/author\/sketi\/\">Sketi<\/a>. Dise\u00f1ado para nuestro sinte gratuito <a href=\"\/es\/primer\/\">Primer<\/a>, esta colecci\u00f3n combina texturas exuberantes, ritmos inspirados en dub y paisajes sonoros envolventes. Perfecta para sesiones relajadas, exploraciones ambient y producciones nocturnas llenas de atm\u00f3sfera.<\/p>\n\n\n<div class=\"gb-container gb-container-56c218e0\">\n\n<a class=\"gb-button gb-button-abbdb9e3 gb-button-text gbp-button--primary\" href=\"https:\/\/www.syntorial.com\/es\/downloader\/?category=Presets&amp;name=Primer-Sketi-Ambient-Dub\"><strong>Desc\u00e1rgalo Gratis<\/strong><\/a>\n\n<\/div>\n<\/div>\n\n<div class=\"gb-container gb-container-f7f7e1ce\">\n\n<figure class=\"wp-block-embed is-type-rich is-provider-soundcloud wp-block-embed-soundcloud wp-embed-aspect-4-3 wp-has-aspect-ratio\"><div class=\"wp-block-embed__wrapper\">\n<iframe loading=\"lazy\" title=\"Sketi: Paquete de preajustes para ambient dub (descarga gratuita) de Audible Genius\" width=\"1200\" height=\"450\" scrolling=\"no\" frameborder=\"no\" src=\"https:\/\/w.soundcloud.com\/player\/?visual=true&#038;url=https%3A%2F%2Fapi.soundcloud.com%2Fplaylists%2F2081948541&#038;show_artwork=true&#038;maxheight=1000&#038;maxwidth=1200\"><\/iframe>\n<\/div><\/figure>\n\n<\/div>\n<\/div>\n<\/div>\n\n<div class=\"gb-container gb-container-4b6c4c4d\">\n\n<h3 class=\"gb-headline gb-headline-a85ee60b gb-headline-text gbp-section__headline\"><strong>8 Bajos<\/strong> \ud83c\udfb8 \u2013 profundos y ondulantes, dise\u00f1ados para anclar tu mezcla<\/h3>\n\n<\/div>\n\n<div class=\"gb-container gb-container-d34db8e8 gbp-section\">\n<div class=\"gb-container gb-container-4d12c419 gbp-section__inner\">\n<div class=\"gb-container gb-container-21b8d59d\">\n\n<figure class=\"wp-block-audio\"><audio controls src=\"https:\/\/www.syntorial.com\/wp-content\/uploads\/2025\/09\/BASS-8-Stab-Pow.mp3\"><\/audio><figcaption class=\"wp-element-caption\">BASS \u2013 8 Stab Pow<\/figcaption><\/figure>\n\n\n\n<figure class=\"wp-block-audio\"><audio controls src=\"https:\/\/www.syntorial.com\/wp-content\/uploads\/2025\/09\/BASS-FM-FLutter.mp3\"><\/audio><figcaption class=\"wp-element-caption\">BASS \u2013 FM Flutter<\/figcaption><\/figure>\n\n\n\n<figure class=\"wp-block-audio\"><audio controls src=\"https:\/\/www.syntorial.com\/wp-content\/uploads\/2025\/09\/BASS-FM-Wob.mp3\"><\/audio><figcaption class=\"wp-element-caption\">BASS \u2013 FM Wob<\/figcaption><\/figure>\n\n\n\n<figure class=\"wp-block-audio\"><audio controls src=\"https:\/\/www.syntorial.com\/wp-content\/uploads\/2025\/09\/BASS-PW-Wower.mp3\"><\/audio><figcaption class=\"wp-element-caption\">BASS \u2013 PW Wower<\/figcaption><\/figure>\n\n<\/div>\n\n<div class=\"gb-container gb-container-1cad028e\">\n\n<figure class=\"wp-block-audio\"><audio controls src=\"https:\/\/www.syntorial.com\/wp-content\/uploads\/2025\/09\/BASS-Robust-Driver.mp3\"><\/audio><figcaption class=\"wp-element-caption\">BASS \u2013 Robust Driver<\/figcaption><\/figure>\n\n\n\n<figure class=\"wp-block-audio\"><audio controls src=\"https:\/\/www.syntorial.com\/wp-content\/uploads\/2025\/09\/BASS-Room-FM.mp3\"><\/audio><figcaption class=\"wp-element-caption\">BASS \u2013 Room FM<\/figcaption><\/figure>\n\n\n\n<figure class=\"wp-block-audio\"><audio controls src=\"https:\/\/www.syntorial.com\/wp-content\/uploads\/2025\/09\/BASS-Subdulate.mp3\"><\/audio><figcaption class=\"wp-element-caption\">BASS \u2013 Subdulate<\/figcaption><\/figure>\n\n\n\n<figure class=\"wp-block-audio\"><audio controls src=\"https:\/\/www.syntorial.com\/wp-content\/uploads\/2025\/09\/BASS-Sweep-Dub-Sub.mp3\"><\/audio><figcaption class=\"wp-element-caption\">BASS \u2013 Sweep Dub Sub<\/figcaption><\/figure>\n\n<\/div>\n<\/div>\n<\/div>\n\n<div class=\"gb-container gb-container-4b6c4c4d\">\n<div class=\"gb-container gb-container-3374e780\">\n\n<a class=\"gb-button gb-button-e83c4b3f gb-button-text gbp-button--primary\" href=\"https:\/\/www.syntorial.com\/es\/downloader\/?category=Presets&amp;name=Primer-Sketi-Ambient-Dub\"><strong>Desc\u00e1rgalo Gratis<\/strong><\/a>\n\n<\/div>\n<\/div>\n\n<div class=\"gb-container gb-container-4b6c4c4d\">\n\n<h3 class=\"gb-headline gb-headline-ab09a026 gb-headline-text gbp-section__headline\"><strong>6 <\/strong>Leads \u26a1 \u2013 voces expresivas que cortan a trav\u00e9s de la bruma<\/h3>\n\n<\/div>\n\n<div class=\"gb-container gb-container-f67ddc45 gbp-section\">\n<div class=\"gb-container gb-container-6ed438a2 gbp-section__inner\">\n<div class=\"gb-container gb-container-73a76d42\">\n\n<figure class=\"wp-block-audio\"><audio controls src=\"https:\/\/www.syntorial.com\/wp-content\/uploads\/2025\/09\/LEAD-Muted-Synth-Brass.mp3\"><\/audio><figcaption class=\"wp-element-caption\">LEAD \u2013 Muted Synth Brass<\/figcaption><\/figure>\n\n\n\n<figure class=\"wp-block-audio\"><audio controls src=\"https:\/\/www.syntorial.com\/wp-content\/uploads\/2025\/09\/LEAD-Room-Buzzer.mp3\"><\/audio><figcaption class=\"wp-element-caption\">LEAD \u2013 Room Buzzer<\/figcaption><\/figure>\n\n<\/div>\n\n<div class=\"gb-container gb-container-ea1b1b30\">\n\n<figure class=\"wp-block-audio\"><audio controls src=\"https:\/\/www.syntorial.com\/wp-content\/uploads\/2025\/09\/LEAD-Lazer-Sizzle.mp3\"><\/audio><figcaption class=\"wp-element-caption\">LEAD \u2013 Lazer Sizzle<\/figcaption><\/figure>\n\n<\/div>\n<\/div>\n<\/div>\n\n<div class=\"gb-container gb-container-8ef73b99\">\n<div class=\"gb-container gb-container-2e30d08f\">\n\n<a class=\"gb-button gb-button-4ab99033 gb-button-text gbp-button--primary\" href=\"https:\/\/www.syntorial.com\/es\/downloader\/?category=Presets&amp;name=Primer-Sketi-Ambient-Dub\"><strong>Desc\u00e1rgalo Gratis<\/strong><\/a>\n\n<\/div>\n<\/div>\n\n<div class=\"gb-container gb-container-ce4baa56\">\n\n<h3 class=\"gb-headline gb-headline-2615b247 gb-headline-text gbp-section__headline\"><strong>7 <\/strong>Pads \ud83c\udf0a \u2013 capas amplias y envolventes para llenar el espacio<\/h3>\n\n<\/div>\n\n<div class=\"gb-container gb-container-6c65582b gbp-section\">\n<div class=\"gb-container gb-container-e525de85 gbp-section__inner\">\n<div class=\"gb-container gb-container-bf875ad1\">\n\n<figure class=\"wp-block-audio\"><audio controls src=\"https:\/\/www.syntorial.com\/wp-content\/uploads\/2025\/09\/PAD-Bouncing-Sides.mp3\"><\/audio><figcaption class=\"wp-element-caption\">PAD \u2013 Bouncing Sides<\/figcaption><\/figure>\n\n\n\n<figure class=\"wp-block-audio\"><audio controls src=\"https:\/\/www.syntorial.com\/wp-content\/uploads\/2025\/09\/PAD-Dancing-Disco.mp3\"><\/audio><figcaption class=\"wp-element-caption\">PAD \u2013 Dancing Disco<\/figcaption><\/figure>\n\n\n\n<figure class=\"wp-block-audio\"><audio controls src=\"https:\/\/www.syntorial.com\/wp-content\/uploads\/2025\/09\/PAD-Evolving-Dreams.mp3\"><\/audio><figcaption class=\"wp-element-caption\">PAD \u2013 Evolving Dreams<\/figcaption><\/figure>\n\n\n\n<figure class=\"wp-block-audio\"><audio controls src=\"https:\/\/www.syntorial.com\/wp-content\/uploads\/2025\/09\/PAD-Retro-Runner.mp3\"><\/audio><figcaption class=\"wp-element-caption\">PAD \u2013 Retro Runner<\/figcaption><\/figure>\n\n<\/div>\n\n<div class=\"gb-container gb-container-2f70ade5\">\n\n<figure class=\"wp-block-audio\"><audio controls src=\"https:\/\/www.syntorial.com\/wp-content\/uploads\/2025\/09\/PAD-Star-Clouds.mp3\"><\/audio><figcaption class=\"wp-element-caption\">PAD \u2013 Star Clouds<\/figcaption><\/figure>\n\n\n\n<figure class=\"wp-block-audio\"><audio controls src=\"https:\/\/www.syntorial.com\/wp-content\/uploads\/2025\/09\/PAD-Sundown-Clouds.mp3\"><\/audio><figcaption class=\"wp-element-caption\">PAD \u2013 Sundown Clouds<\/figcaption><\/figure>\n\n\n\n<figure class=\"wp-block-audio\"><audio controls src=\"https:\/\/www.syntorial.com\/wp-content\/uploads\/2025\/09\/PAD-The-Other-Room.mp3\"><\/audio><figcaption class=\"wp-element-caption\">PAD \u2013 The Other Room<\/figcaption><\/figure>\n\n<\/div>\n<\/div>\n<\/div>\n\n<div class=\"gb-container gb-container-378b9217\">\n<div class=\"gb-container gb-container-d9473c4a\">\n\n<a class=\"gb-button gb-button-38ca9842 gb-button-text gbp-button--primary\" href=\"https:\/\/www.syntorial.com\/es\/downloader\/?category=Presets&amp;name=Primer-Sketi-Ambient-Dub\"><strong>Desc\u00e1rgalo Gratis<\/strong><\/a>\n\n<\/div>\n<\/div>\n\n<div class=\"gb-container gb-container-e442b8f3\">\n\n<h3 class=\"gb-headline gb-headline-2cdbea2e gb-headline-text gbp-section__headline\"><strong>6 Keys \ud83c\udfb9<\/strong> \u2013 tonos so\u00f1adores y evolutivos<\/h3>\n\n<\/div>\n\n<div class=\"gb-container gb-container-5a21a143 gbp-section\">\n<div class=\"gb-container gb-container-8f8a4098 gbp-section__inner\">\n<div class=\"gb-container gb-container-1a6afe9e\">\n\n<figure class=\"wp-block-audio\"><audio controls src=\"https:\/\/www.syntorial.com\/wp-content\/uploads\/2025\/09\/KEYS-Chill-Fi.mp3\"><\/audio><figcaption class=\"wp-element-caption\">KEYS \u2013 Chill-Fi<\/figcaption><\/figure>\n\n\n\n<figure class=\"wp-block-audio\"><audio controls src=\"https:\/\/www.syntorial.com\/wp-content\/uploads\/2025\/09\/KEYS-Elevated-Saw-Mover.mp3\"><\/audio><figcaption class=\"wp-element-caption\">KEYS \u2013 Elevated Saw Mover<\/figcaption><\/figure>\n\n\n\n<figure class=\"wp-block-audio\"><audio controls src=\"https:\/\/www.syntorial.com\/wp-content\/uploads\/2025\/09\/KEYS-Room-SIne.mp3\"><\/audio><figcaption class=\"wp-element-caption\">KEYS \u2013 Room SIne<\/figcaption><\/figure>\n\n<\/div>\n\n<div class=\"gb-container gb-container-a6b12c9a\">\n\n<figure class=\"wp-block-audio\"><audio controls src=\"https:\/\/www.syntorial.com\/wp-content\/uploads\/2025\/09\/KEYS-Slow-Pulse.mp3\"><\/audio><figcaption class=\"wp-element-caption\">KEYS \u2013 Slow Pulse<\/figcaption><\/figure>\n\n\n\n<figure class=\"wp-block-audio\"><audio controls src=\"https:\/\/www.syntorial.com\/wp-content\/uploads\/2025\/09\/KEYS-Space-Guitar.mp3\"><\/audio><figcaption class=\"wp-element-caption\">KEYS \u2013 Space Guitar<\/figcaption><\/figure>\n\n\n\n<figure class=\"wp-block-audio\"><audio controls src=\"https:\/\/www.syntorial.com\/wp-content\/uploads\/2025\/09\/KEYS-Synthetic-Bellows.mp3\"><\/audio><figcaption class=\"wp-element-caption\">KEYS \u2013 Synthetic Bellows<\/figcaption><\/figure>\n\n<\/div>\n<\/div>\n<\/div>\n\n<div class=\"gb-container gb-container-f6747d44\">\n<div class=\"gb-container gb-container-9e904540\">\n\n<a class=\"gb-button gb-button-ba65e08e gb-button-text gbp-button--primary\" href=\"https:\/\/www.syntorial.com\/es\/downloader\/?category=Presets&amp;name=Primer-Sketi-Ambient-Dub\"><strong>Desc\u00e1rgalo Gratis<\/strong><\/a>\n\n<\/div>\n<\/div>\n\n<div class=\"gb-container gb-container-ecfe0672\">\n\n<h3 class=\"gb-headline gb-headline-d1cc385b gb-headline-text gbp-section__headline\"><strong>6 Plucks \ud83e\udd62<\/strong> \u2013 herramientas mel\u00f3dicas delicadas pero definidas<\/h3>\n\n<\/div>\n\n<div class=\"gb-container gb-container-98ce212d gbp-section\">\n<div class=\"gb-container gb-container-baf93c28 gbp-section__inner\">\n<div class=\"gb-container gb-container-b98e00e0\">\n\n<figure class=\"wp-block-audio\"><audio controls src=\"https:\/\/www.syntorial.com\/wp-content\/uploads\/2025\/09\/PLUCK-Band-Saw.mp3\"><\/audio><figcaption class=\"wp-element-caption\">PLUCK \u2013 Band Saw<\/figcaption><\/figure>\n\n\n\n<figure class=\"wp-block-audio\"><audio controls src=\"https:\/\/www.syntorial.com\/wp-content\/uploads\/2025\/09\/PLUCK-Little-Glass-Ambiance.mp3\"><\/audio><figcaption class=\"wp-element-caption\">PLUCK \u2013 Little Glass Ambiance<\/figcaption><\/figure>\n\n\n\n<figure class=\"wp-block-audio\"><audio controls src=\"https:\/\/www.syntorial.com\/wp-content\/uploads\/2025\/09\/PLUCK-FM-Attack.mp3\"><\/audio><figcaption class=\"wp-element-caption\">PLUCK \u2013 FM Attack<\/figcaption><\/figure>\n\n<\/div>\n\n<div class=\"gb-container gb-container-51eb9c83\">\n\n<figure class=\"wp-block-audio\"><audio controls src=\"https:\/\/www.syntorial.com\/wp-content\/uploads\/2025\/09\/PLUCK-Saw-Mod.mp3\"><\/audio><figcaption class=\"wp-element-caption\">PLUCK \u2013 Saw Mod<\/figcaption><\/figure>\n\n\n\n<figure class=\"wp-block-audio\"><audio controls src=\"https:\/\/www.syntorial.com\/wp-content\/uploads\/2025\/09\/PLUCK-Sine-Mod.mp3\"><\/audio><figcaption class=\"wp-element-caption\">PLUCK \u2013 Sine Mod<\/figcaption><\/figure>\n\n\n\n<figure class=\"wp-block-audio\"><audio controls src=\"https:\/\/www.syntorial.com\/wp-content\/uploads\/2025\/09\/PLUCK-Space-Beacon.mp3\"><\/audio><figcaption class=\"wp-element-caption\">PLUCK \u2013 Space Beacon<\/figcaption><\/figure>\n\n<\/div>\n<\/div>\n<\/div>\n\n<div class=\"gb-container gb-container-bff5b4c3\">\n<div class=\"gb-container gb-container-761ef2a7\">\n\n<a class=\"gb-button gb-button-0d747e1a gb-button-text gbp-button--primary\" href=\"https:\/\/www.syntorial.com\/es\/downloader\/?category=Presets&amp;name=Primer-Sketi-Ambient-Dub\"><strong>Desc\u00e1rgalo Gratis<\/strong><\/a>\n\n<\/div>\n<\/div>\n\n<div class=\"gb-container gb-container-64defe0f\">\n\n<h3 class=\"gb-headline gb-headline-14b74308 gb-headline-text gbp-section__headline\"><strong>4 Percs \ud83e\udd41<\/strong> \u2013 golpes sutiles y acentos r\u00edtmicos<\/h3>\n\n<\/div>\n\n<div class=\"gb-container gb-container-f60f66ef gbp-section\">\n<div class=\"gb-container gb-container-6124e579 gbp-section__inner\">\n<div class=\"gb-container gb-container-4cf9a573\">\n\n<figure class=\"wp-block-audio\"><audio controls src=\"https:\/\/www.syntorial.com\/wp-content\/uploads\/2025\/09\/PERC-16-Hat.mp3\"><\/audio><figcaption class=\"wp-element-caption\">PERC \u2013 16 Hat<\/figcaption><\/figure>\n\n\n\n<figure class=\"wp-block-audio\"><audio controls src=\"https:\/\/www.syntorial.com\/wp-content\/uploads\/2025\/09\/PERC-Metal-Res-Bell.mp3\"><\/audio><figcaption class=\"wp-element-caption\">PERC \u2013 Metal Res Bell<\/figcaption><\/figure>\n\n<\/div>\n\n<div class=\"gb-container gb-container-a9b01c67\">\n\n<figure class=\"wp-block-audio\"><audio controls src=\"https:\/\/www.syntorial.com\/wp-content\/uploads\/2025\/09\/PERC-Simple-Clap.mp3\"><\/audio><figcaption class=\"wp-element-caption\">PERC \u2013 Simple Clap<\/figcaption><\/figure>\n\n\n\n<figure class=\"wp-block-audio\"><audio controls src=\"https:\/\/www.syntorial.com\/wp-content\/uploads\/2025\/09\/PERC-Simple-Kick.mp3\"><\/audio><figcaption class=\"wp-element-caption\">PERC \u2013 Simple Kick<\/figcaption><\/figure>\n\n<\/div>\n<\/div>\n<\/div>\n\n<div class=\"gb-container gb-container-0f4a8056\">\n<div class=\"gb-container gb-container-4e61c2db\">\n\n<a class=\"gb-button gb-button-8d320634 gb-button-text gbp-button--primary\" href=\"https:\/\/www.syntorial.com\/es\/downloader\/?category=Presets&amp;name=Primer-Sketi-Ambient-Dub\"><strong>Desc\u00e1rgalo Gratis<\/strong><\/a>\n\n<\/div>\n<\/div>\n\n<div class=\"gb-container gb-container-9e14e7a0\">\n\n<h3 class=\"gb-headline gb-headline-fc932ae7 gb-headline-text gbp-section__headline\"><strong>3 FX \ud83c\udf0c<\/strong> \u2013 barridos, crescendos y texturas para crear movimiento<\/h3>\n\n<\/div>\n\n<div class=\"gb-container gb-container-c3854ca8 gbp-section\">\n<div class=\"gb-container gb-container-5722126d gbp-section__inner\">\n<div class=\"gb-container gb-container-1701f1b5\">\n\n<figure class=\"wp-block-audio\"><audio controls src=\"https:\/\/www.syntorial.com\/wp-content\/uploads\/2025\/09\/FX-Distant-Boom.mp3\"><\/audio><figcaption class=\"wp-element-caption\">FX \u2013 Distant Boom<\/figcaption><\/figure>\n\n\n\n<figure class=\"wp-block-audio\"><audio controls src=\"https:\/\/www.syntorial.com\/wp-content\/uploads\/2025\/09\/FX-Pitch-Down.mp3\"><\/audio><figcaption class=\"wp-element-caption\">FX \u2013 Pitch Down<\/figcaption><\/figure>\n\n<\/div>\n\n<div class=\"gb-container gb-container-fc44c5e0\">\n\n<figure class=\"wp-block-audio\"><audio controls src=\"https:\/\/www.syntorial.com\/wp-content\/uploads\/2025\/09\/FX-Riser-Type.mp3\"><\/audio><figcaption class=\"wp-element-caption\">FX \u2013 Riser Type<\/figcaption><\/figure>\n\n<\/div>\n<\/div>\n<\/div>\n\n<div class=\"gb-container gb-container-7cb840ce\">\n<div class=\"gb-container gb-container-52c174ad\">\n\n<a class=\"gb-button gb-button-c4451a75 gb-button-text gbp-button--primary\" href=\"https:\/\/www.syntorial.com\/es\/downloader\/?category=Presets&amp;name=Primer-Sketi-Ambient-Dub\"><strong>Desc\u00e1rgalo Gratis<\/strong><\/a>\n\n<\/div>\n<\/div>","protected":false},"excerpt":{"rendered":"<p>Lush textures and dub-soaked atmospheres for Primer. 40 presets Dive into deep atmospheres and spacious grooves with Ambient Dub, a free preset pack crafted by the always fantastic Sketi. Designed for our free synth Primer, this collection blends lush textures, dub-inspired rhythms, and immersive soundscapes. Perfect for chilled-out sessions, ambient &#8230; <a title=\"Sketi: Pack de Presets Ambient Dub para Primer\" class=\"read-more\" href=\"https:\/\/www.syntorial.com\/es\/primer\/sketi-ambient-dub-primer-preset-pack\/\" aria-label=\"Leer m\u00e1s sobre Sketi: Ambient Dub Primer Preset Pack\">Leer m\u00e1s<\/a><\/p>","protected":false},"author":2,"featured_media":57952,"parent":9377,"menu_order":0,"comment_status":"closed","ping_status":"closed","template":"","meta":{"_acf_changed":false,"_editorskit_title_hidden":false,"_editorskit_reading_time":0,"_editorskit_is_block_options_detached":false,"_editorskit_block_options_position":"{}","footnotes":""},"class_list":["post-57951","page","type-page","status-publish","has-post-thumbnail"],"acf":[],"_links":{"self":[{"href":"https:\/\/www.syntorial.com\/es\/wp-json\/wp\/v2\/pages\/57951","targetHints":{"allow":["GET"]}}],"collection":[{"href":"https:\/\/www.syntorial.com\/es\/wp-json\/wp\/v2\/pages"}],"about":[{"href":"https:\/\/www.syntorial.com\/es\/wp-json\/wp\/v2\/types\/page"}],"author":[{"embeddable":true,"href":"https:\/\/www.syntorial.com\/es\/wp-json\/wp\/v2\/users\/2"}],"replies":[{"embeddable":true,"href":"https:\/\/www.syntorial.com\/es\/wp-json\/wp\/v2\/comments?post=57951"}],"version-history":[{"count":6,"href":"https:\/\/www.syntorial.com\/es\/wp-json\/wp\/v2\/pages\/57951\/revisions"}],"predecessor-version":[{"id":58139,"href":"https:\/\/www.syntorial.com\/es\/wp-json\/wp\/v2\/pages\/57951\/revisions\/58139"}],"up":[{"embeddable":true,"href":"https:\/\/www.syntorial.com\/es\/wp-json\/wp\/v2\/pages\/9377"}],"wp:featuredmedia":[{"embeddable":true,"href":"https:\/\/www.syntorial.com\/es\/wp-json\/wp\/v2\/media\/57952"}],"wp:attachment":[{"href":"https:\/\/www.syntorial.com\/es\/wp-json\/wp\/v2\/media?parent=57951"}],"curies":[{"name":"wp","href":"https:\/\/api.w.org\/{rel}","templated":true}]}}