{"id":53069,"date":"2023-05-11T14:56:57","date_gmt":"2023-05-11T19:56:57","guid":{"rendered":"https:\/\/www.syntorial.com\/?page_id=53069"},"modified":"2025-02-14T10:33:26","modified_gmt":"2025-02-14T10:33:26","slug":"firstsynth","status":"publish","type":"page","link":"https:\/\/www.syntorial.com\/es\/firstsynth\/","title":{"rendered":"C\u00f3mo elegir tu primer sinte"},"content":{"rendered":"<figure class=\"gb-block-image gb-block-image-15a78f3e\"><img loading=\"lazy\" decoding=\"async\" width=\"1024\" height=\"1024\" class=\"gb-image gb-image-15a78f3e\" src=\"https:\/\/www.syntorial.com\/wp-content\/uploads\/2024\/11\/Man-trapped-in-synths.jpg\" alt=\"\" title=\"Hombre atrapado en sintetizadores\" srcset=\"https:\/\/www.syntorial.com\/wp-content\/uploads\/2024\/11\/Man-trapped-in-synths.jpg 1024w, https:\/\/www.syntorial.com\/wp-content\/uploads\/2024\/11\/Man-trapped-in-synths-300x300.jpg 300w, https:\/\/www.syntorial.com\/wp-content\/uploads\/2024\/11\/Man-trapped-in-synths-150x150.jpg 150w, https:\/\/www.syntorial.com\/wp-content\/uploads\/2024\/11\/Man-trapped-in-synths-768x768.jpg 768w\" sizes=\"auto, (max-width: 1024px) 100vw, 1024px\" \/><\/figure>\n\n\n\n<p>\u00a1Los sintes est\u00e1n en todas partes! \u00a1\u00a1Hay demasiados para elegir!! \u00bfC\u00f3mo saber cu\u00e1l es el indicado para ti?!!!<\/p>\n\n\n\n<p>No temas. Estamos aqu\u00ed para aclararlo. Aunque existen infinitas caracter\u00edsticas y diferencias entre sintetizadores, lo mejor es empezar con dos preguntas sencillas:<\/p>\n\n\n\n<ol class=\"wp-block-list\">\n<li>\u00bfQuiero un sinte f\u00edsico o uno virtual?<\/li>\n\n\n\n<li>\u00bfQu\u00e9 tipo de s\u00edntesis deber\u00eda usar?<\/li>\n<\/ol>\n\n\n\n<p>A continuaci\u00f3n exploraremos esas dos preguntas y luego haremos varias recomendaciones. \u00a1Empecemos!<\/p>\n\n\n<div class=\"gb-container gb-container-abdfac25 gbp-section\">\n<div class=\"gb-container gb-container-01f8cc45 gbp-section__inner\">\n<div class=\"gb-container gb-container-2a14624c\">\n\n<h2 class=\"gb-headline gb-headline-5a2fd06e gb-headline-text gbp-section__headline\">Pregunta 1: \u00bfHardware o software?<\/h2>\n\n\n\n<p class=\"gb-headline gb-headline-ac28f61c gb-headline-text gbp-section__text\">Puedes tener un sinte real, f\u00edsico (&nbsp;<em>hardware<\/em>&nbsp;) frente a ti, o un sinte virtual (&nbsp;<em>software<\/em>&nbsp;) en tu computadora (tambi\u00e9n llamado sintetizador virtual o&nbsp;<em>soft<\/em>&nbsp;\u00a0synth). Entonces, \u00bfcu\u00e1les son los beneficios de cada opci\u00f3n?<\/p>\n\n<\/div>\n<\/div>\n\n<div class=\"gb-container gb-container-25673581\">\n<div class=\"gb-grid-wrapper gb-grid-wrapper-36c6f46c\">\n<div class=\"gb-grid-column gb-grid-column-f72831a2\"><div class=\"gb-container gb-container-f72831a2\">\n\n<h3 class=\"gb-headline gb-headline-48262b86 gb-headline-text gbp-section__headline\">Hardware<\/h3>\n\n\n\n<figure class=\"gb-block-image gb-block-image-eac8197f\"><img loading=\"lazy\" decoding=\"async\" width=\"1024\" height=\"853\" class=\"gb-image gb-image-eac8197f\" src=\"https:\/\/www.syntorial.com\/wp-content\/uploads\/2024\/11\/Korg-Minilogue-1024x853.jpeg\" alt=\"\" title=\"Korg Minilogue\" srcset=\"https:\/\/www.syntorial.com\/wp-content\/uploads\/2024\/11\/Korg-Minilogue-1024x853.jpeg 1024w, https:\/\/www.syntorial.com\/wp-content\/uploads\/2024\/11\/Korg-Minilogue-300x250.jpeg 300w, https:\/\/www.syntorial.com\/wp-content\/uploads\/2024\/11\/Korg-Minilogue-768x640.jpeg 768w, https:\/\/www.syntorial.com\/wp-content\/uploads\/2024\/11\/Korg-Minilogue.jpeg 1200w\" sizes=\"auto, (max-width: 1024px) 100vw, 1024px\" \/><\/figure>\n\n\n\n<ul class=\"wp-block-list\">\n<li><strong><mark style=\"background-color:rgba(0, 0, 0, 0)\" class=\"has-inline-color has-base-3-color\">Por qu\u00e9: Quieres el objeto f\u00edsico frente a ti y\/o un sonido anal\u00f3gico<\/mark><\/strong><\/li>\n\n\n\n<li>Algunos prefieren la experiencia t\u00e1ctil de girar perillas y accionar interruptores, consider\u00e1ndola un proceso de dise\u00f1o sonoro m\u00e1s visceral y disfrutable.<\/li>\n\n\n\n<li>Algunos son \"anal\u00f3gicos\", lo que permite crear un sonido m\u00e1s profundo, exuberante, c\u00e1lido y potente.<\/li>\n<\/ul>\n\n<\/div><\/div>\n\n<div class=\"gb-grid-column gb-grid-column-fab52cb0\"><div class=\"gb-container gb-container-fab52cb0\">\n\n<h3 class=\"gb-headline gb-headline-d4fc13e2 gb-headline-text gbp-section__headline\">Software<\/h3>\n\n\n\n<figure class=\"gb-block-image gb-block-image-13eb4119\"><img loading=\"lazy\" decoding=\"async\" width=\"902\" height=\"730\" class=\"gb-image gb-image-13eb4119\" src=\"https:\/\/www.syntorial.com\/wp-content\/uploads\/2024\/11\/Serum-Synth-Interface.jpg\" alt=\"\" title=\"Interfaz del sinte Serum\" srcset=\"https:\/\/www.syntorial.com\/wp-content\/uploads\/2024\/11\/Serum-Synth-Interface.jpg 902w, https:\/\/www.syntorial.com\/wp-content\/uploads\/2024\/11\/Serum-Synth-Interface-300x243.jpg 300w, https:\/\/www.syntorial.com\/wp-content\/uploads\/2024\/11\/Serum-Synth-Interface-768x622.jpg 768w\" sizes=\"auto, (max-width: 902px) 100vw, 902px\" \/><\/figure>\n\n\n\n<ul class=\"wp-block-list\">\n<li><strong><mark style=\"background-color:rgba(0, 0, 0, 0)\" class=\"has-inline-color has-base-3-color\">Por qu\u00e9: Quieres algo asequible que no ocupe espacio f\u00edsico y\/o que tenga opciones y capacidades profundas de dise\u00f1o sonoro<\/mark><\/strong><\/li>\n\n\n\n<li>Aunque algunos son muy simples, otros pueden ser muy complejos, con m\u00e1s funciones que un sinte de hardware t\u00edpico<\/li>\n\n\n\n<li>Algunos tienen excelente retroalimentaci\u00f3n visual animada que ayuda en el proceso de aprendizaje<\/li>\n\n\n\n<li>No ocupan espacio en tu estudio\/dormitorio\/oficina<\/li>\n\n\n\n<li>Generalmente cuestan mucho menos que un sinte f\u00edsico (algunos incluso son gratuitos)<\/li>\n<\/ul>\n\n<\/div><\/div>\n<\/div>\n<\/div>\n<\/div>\n\n<div class=\"gb-container gb-container-c00f9fb6 gbp-section\">\n<div class=\"gb-container gb-container-a61cc478 gbp-section__inner\">\n<div class=\"gb-container gb-container-d40e8751\">\n\n<h2 class=\"gb-headline gb-headline-0bfbf9bd gb-headline-text gbp-section__headline\">Pregunta 2: \u00bfQu\u00e9 tipo de s\u00edntesis?<\/h2>\n\n\n\n<p class=\"gb-headline gb-headline-6fdc9db1 gb-headline-text gbp-section__text\">Existen muchos tipos de s\u00edntesis, pero para tu primer sinte deber\u00edas optar por s\u00edntesis sustractiva o wavetable. Ambas son muy comunes y siguen la misma metodolog\u00eda de dise\u00f1o sonoro: eliges un sonido base para empezar y luego usas la gran cantidad de controles para moldear ese sonido base en algo genial.<\/p>\n\n\n\n<p>Entonces, \u00bfen qu\u00e9 difieren? En pocas palabras, los sintes wavetable pueden hacer todo lo que hace un sinte sustractivo, y m\u00e1s. Piensa en wavetable como s\u00edntesis sustractiva con esteroides. Entonces, \u00bfpor qu\u00e9 elegir\u00edas s\u00edntesis sustractiva? Profundicemos un poco m\u00e1s.<\/p>\n\n<\/div>\n<\/div>\n\n<div class=\"gb-container gb-container-36b278c0\">\n<div class=\"gb-grid-wrapper gb-grid-wrapper-d0367c58\">\n<div class=\"gb-grid-column gb-grid-column-fdd95ac3\"><div class=\"gb-container gb-container-fdd95ac3\">\n\n<h3 class=\"gb-headline gb-headline-af9b721c gb-headline-text gbp-section__headline\">Sustractiva<\/h3>\n\n\n\n<figure class=\"gb-block-image gb-block-image-e61fd600\"><img loading=\"lazy\" decoding=\"async\" width=\"1592\" height=\"1166\" class=\"gb-image gb-image-e61fd600\" src=\"https:\/\/www.syntorial.com\/wp-content\/uploads\/2024\/11\/Primer-Free-Synthesizer-Interface.png\" alt=\"\" title=\"Interfaz del sintetizador gratuito Primer\" srcset=\"https:\/\/www.syntorial.com\/wp-content\/uploads\/2024\/11\/Primer-Free-Synthesizer-Interface.png 1592w, https:\/\/www.syntorial.com\/wp-content\/uploads\/2024\/11\/Primer-Free-Synthesizer-Interface-300x220.png 300w, https:\/\/www.syntorial.com\/wp-content\/uploads\/2024\/11\/Primer-Free-Synthesizer-Interface-1024x750.png 1024w, https:\/\/www.syntorial.com\/wp-content\/uploads\/2024\/11\/Primer-Free-Synthesizer-Interface-768x562.png 768w, https:\/\/www.syntorial.com\/wp-content\/uploads\/2024\/11\/Primer-Free-Synthesizer-Interface-1536x1125.png 1536w\" sizes=\"auto, (max-width: 1592px) 100vw, 1592px\" \/><\/figure>\n\n\n\n<ul class=\"wp-block-list\">\n<li><strong><mark style=\"background-color:rgba(0, 0, 0, 0)\" class=\"has-inline-color has-base-3-color\">Por qu\u00e9: Quieres simplicidad y\/o anal\u00f3gico.<\/mark><\/strong><\/li>\n\n\n\n<li>Su relativa simplicidad facilita el aprendizaje.<\/li>\n\n\n\n<li>Si eliges un sinte de hardware&nbsp;&nbsp;<em>anal\u00f3gico<\/em>&nbsp;, entonces debes optar por s\u00edntesis sustractiva, ya que la s\u00edntesis wavetable es un proceso&nbsp;&nbsp;<em>digital<\/em>&nbsp;.<\/li>\n<\/ul>\n\n<\/div><\/div>\n\n<div class=\"gb-grid-column gb-grid-column-8ac28a34\"><div class=\"gb-container gb-container-8ac28a34\">\n\n<h3 class=\"gb-headline gb-headline-1b0e8688 gb-headline-text gbp-section__headline\">Tabla de ondas<\/h3>\n\n\n\n<figure class=\"gb-block-image gb-block-image-e0990490\"><img loading=\"lazy\" decoding=\"async\" width=\"1592\" height=\"1166\" class=\"gb-image gb-image-e0990490\" src=\"https:\/\/www.syntorial.com\/wp-content\/uploads\/2024\/11\/Vital-synth-screenshot.png\" alt=\"\" title=\"Captura de pantalla del sinte Vital\" srcset=\"https:\/\/www.syntorial.com\/wp-content\/uploads\/2024\/11\/Vital-synth-screenshot.png 1592w, https:\/\/www.syntorial.com\/wp-content\/uploads\/2024\/11\/Vital-synth-screenshot-300x220.png 300w, https:\/\/www.syntorial.com\/wp-content\/uploads\/2024\/11\/Vital-synth-screenshot-1024x750.png 1024w, https:\/\/www.syntorial.com\/wp-content\/uploads\/2024\/11\/Vital-synth-screenshot-768x562.png 768w, https:\/\/www.syntorial.com\/wp-content\/uploads\/2024\/11\/Vital-synth-screenshot-1536x1125.png 1536w\" sizes=\"auto, (max-width: 1592px) 100vw, 1592px\" \/><\/figure>\n\n\n\n<ul class=\"wp-block-list\">\n<li><strong><mark style=\"background-color:rgba(0, 0, 0, 0)\" class=\"has-inline-color has-base-3-color\">Por qu\u00e9: Quieres una amplia gama de capacidades de dise\u00f1o sonoro con mucho espacio para crecer.<\/mark><\/strong><\/li>\n\n\n\n<li>Muchas m\u00e1s opciones s\u00f3nicas y complejidad, incluyendo grupos de formas de onda conocidos como&nbsp;&nbsp;<em>tablas de ondas<\/em>&nbsp;&nbsp;que pueden transformarse entre s\u00ed.<\/li>\n<\/ul>\n\n<\/div><\/div>\n<\/div>\n<\/div>\n<\/div>\n\n\n<h2 class=\"wp-block-heading\">\u00bfA\u00fan tienes dudas?<\/h2>\n\n\n\n<p>Si revisaste las preguntas 1 y 2 anteriores y no logras decidirte, empieza con un sinte de software sustractivo. Son simples y por lo tanto m\u00e1s f\u00e1ciles de aprender, y no tendr\u00e1s que desembolsar mucho dinero desde el principio. Luego, con el tiempo empezar\u00e1s a tener una idea m\u00e1s clara de lo que quieres y podr\u00e1s invertir tu dinero exactamente en lo que necesitas\/deseas.&nbsp;&nbsp;<\/p>\n\n\n\n<h2 class=\"wp-block-heading\">Recomendaciones<\/h2>\n\n\n\n<p>Responder las preguntas anteriores reducir\u00e1 tus opciones. Y aun as\u00ed, en nuestro mundo moderno de un mill\u00f3n de sintetizadores, todav\u00eda tendr\u00e1s muchos sintes para elegir. As\u00ed que aqu\u00ed est\u00e1n nuestras recomendaciones oficiales:<\/p>\n\n\n\n<h3 class=\"wp-block-heading\">Software + Sustractiva<\/h3>\n\n\n\n<h4 class=\"gb-headline gb-headline-bf45d3b6 gb-headline-text\">1. <a href=\"\/es\/primer\/\" target=\"_blank\" rel=\"noreferrer noopener\">Primer<\/a><\/h4>\n\n\n<div class=\"gb-container gb-container-59a69ed6\">\n<div class=\"gb-container gb-container-d327648b\">\n<div class=\"wp-block-image\">\n<figure class=\"alignleft size-medium is-resized\"><img loading=\"lazy\" decoding=\"async\" width=\"300\" height=\"220\" src=\"https:\/\/www.syntorial.com\/wp-content\/uploads\/2024\/11\/Primer-Free-Synthesizer-Interface-300x220.png\" alt=\"\" class=\"wp-image-55585\" style=\"width:300px;height:auto\" srcset=\"https:\/\/www.syntorial.com\/wp-content\/uploads\/2024\/11\/Primer-Free-Synthesizer-Interface-300x220.png 300w, https:\/\/www.syntorial.com\/wp-content\/uploads\/2024\/11\/Primer-Free-Synthesizer-Interface-1024x750.png 1024w, https:\/\/www.syntorial.com\/wp-content\/uploads\/2024\/11\/Primer-Free-Synthesizer-Interface-768x562.png 768w, https:\/\/www.syntorial.com\/wp-content\/uploads\/2024\/11\/Primer-Free-Synthesizer-Interface-1536x1125.png 1536w, https:\/\/www.syntorial.com\/wp-content\/uploads\/2024\/11\/Primer-Free-Synthesizer-Interface.png 1592w\" sizes=\"auto, (max-width: 300px) 100vw, 300px\" \/><\/figure>\n<\/div>\n<\/div>\n\n<div class=\"gb-container gb-container-72c15eb6\">\n\n<ul class=\"wp-block-list\">\n<li>\u00a1\u00a1Gratuito!!<\/li>\n\n\n\n<li>Un excelente sinte para principiantes, creado para el galardonado curso de entrenamiento de sintetizadores&nbsp;&nbsp;<a href=\"https:\/\/www.syntorial.com\/es\/\" target=\"_blank\" rel=\"noreferrer noopener\">Syntorial,<\/a><\/li>\n\n\n\n<li>Tiene los controles esenciales del sintetizador que ves en la mayor\u00eda de los sintes, facilitando la transici\u00f3n a algo m\u00e1s avanzado cuando est\u00e9s listo.<\/li>\n\n\n\n<li><strong>Transparencia total<\/strong>: Nosotros hacemos Primer y Syntorial, as\u00ed que quiz\u00e1s somos un poco parciales \ud83d\ude05 (aunque realmente es un gran sinte). As\u00ed que d\u00e9janos tambi\u00e9n sugerir un sinte que no hicimos nosotros\u2026<\/li>\n<\/ul>\n\n<\/div>\n<\/div>\n\n\n<h4 class=\"gb-headline gb-headline-f861cd15 gb-headline-text\">2. <a href=\"https:\/\/tal-software.com\/products\/tal-noisemaker\" target=\"_blank\" rel=\"noreferrer noopener\">TAL-NoiseMaker<\/a><\/h4>\n\n\n<div class=\"gb-container gb-container-040a348c\">\n<div class=\"gb-container gb-container-0d681be4\">\n<div class=\"wp-block-image\">\n<figure class=\"alignleft size-medium is-resized\"><img loading=\"lazy\" decoding=\"async\" width=\"300\" height=\"164\" src=\"https:\/\/www.syntorial.com\/wp-content\/uploads\/2024\/11\/tal-noisemaker-interface-300x164.jpg\" alt=\"\" class=\"wp-image-55588\" style=\"width:300px;height:auto\" srcset=\"https:\/\/www.syntorial.com\/wp-content\/uploads\/2024\/11\/tal-noisemaker-interface-300x164.jpg 300w, https:\/\/www.syntorial.com\/wp-content\/uploads\/2024\/11\/tal-noisemaker-interface-1024x560.jpg 1024w, https:\/\/www.syntorial.com\/wp-content\/uploads\/2024\/11\/tal-noisemaker-interface-768x420.jpg 768w, https:\/\/www.syntorial.com\/wp-content\/uploads\/2024\/11\/tal-noisemaker-interface-1536x840.jpg 1536w, https:\/\/www.syntorial.com\/wp-content\/uploads\/2024\/11\/tal-noisemaker-interface.jpg 1752w\" sizes=\"auto, (max-width: 300px) 100vw, 300px\" \/><\/figure>\n<\/div>\n<\/div>\n\n<div class=\"gb-container gb-container-708f536a\">\n\n<ul class=\"wp-block-list\">\n<li>Un gran sinte con un s\u00f3lido conjunto de controles esenciales.<\/li>\n\n\n\n<li>\u00a1Tambi\u00e9n gratuito!<\/li>\n<\/ul>\n\n<\/div>\n<\/div>\n\n\n<h3 class=\"wp-block-heading\">Software + tabla de ondas<\/h3>\n\n\n\n<h4 class=\"gb-headline gb-headline-39a05644 gb-headline-text\"><a href=\"https:\/\/xferrecords.com\/products\/serum\" target=\"_blank\" rel=\"noreferrer noopener\">Serum<\/a><\/h4>\n\n\n<div class=\"gb-container gb-container-d54acd4a\">\n<div class=\"gb-container gb-container-d1854ed0\">\n<div class=\"wp-block-image\">\n<figure class=\"alignleft size-medium is-resized\"><img loading=\"lazy\" decoding=\"async\" width=\"300\" height=\"243\" src=\"http:\/\/www.syntorial.com\/wp-content\/uploads\/2024\/11\/Serum-Synth-Interface-300x243.jpg\" alt=\"\" class=\"wp-image-55456\" style=\"width:300px;height:auto\" srcset=\"https:\/\/www.syntorial.com\/wp-content\/uploads\/2024\/11\/Serum-Synth-Interface-300x243.jpg 300w, https:\/\/www.syntorial.com\/wp-content\/uploads\/2024\/11\/Serum-Synth-Interface-768x622.jpg 768w, https:\/\/www.syntorial.com\/wp-content\/uploads\/2024\/11\/Serum-Synth-Interface.jpg 902w\" sizes=\"auto, (max-width: 300px) 100vw, 300px\" \/><\/figure>\n<\/div>\n<\/div>\n\n<div class=\"gb-container gb-container-20be9ae0\">\n\n<ul class=\"wp-block-list\">\n<li>Un favorito recurrente para los entusiastas de wavetable.<\/li>\n\n\n\n<li>Tiene gran capacidad y toneladas de funciones, pero a\u00fan se siente (relativamente) f\u00e1cil de usar y no abrumador.<\/li>\n\n\n\n<li>Syntorial incluye un&nbsp;&nbsp;<a href=\"https:\/\/www.syntorial.com\/es\/lesson-packs\/\" target=\"_blank\" rel=\"noreferrer noopener\">Paquete de lecciones<\/a>&nbsp;&nbsp;exhaustivamente profundo que cubre cada rinc\u00f3n de Serum.<\/li>\n\n\n\n<li>Sin embargo, acerc\u00e1ndose sigilosamente detr\u00e1s de este rey de larga trayectoria de los wavetables est\u00e1\u2026<\/li>\n<\/ul>\n\n<\/div>\n<\/div>\n\n\n<h4 class=\"gb-headline gb-headline-ccf8f11c gb-headline-text\"><a href=\"https:\/\/vital.audio\/\" target=\"_blank\" rel=\"noreferrer noopener\">Vital<\/a><\/h4>\n\n\n<div class=\"gb-container gb-container-da3474b2\">\n<div class=\"gb-container gb-container-80730f70\">\n<div class=\"wp-block-image\">\n<figure class=\"alignleft size-medium is-resized\"><img loading=\"lazy\" decoding=\"async\" width=\"300\" height=\"176\" src=\"http:\/\/www.syntorial.com\/wp-content\/uploads\/2024\/11\/vital_screenshot-300x176.jpg\" alt=\"\" class=\"wp-image-55590\" style=\"width:300px;height:auto\" srcset=\"https:\/\/www.syntorial.com\/wp-content\/uploads\/2024\/11\/vital_screenshot-300x176.jpg 300w, https:\/\/www.syntorial.com\/wp-content\/uploads\/2024\/11\/vital_screenshot-1024x599.jpg 1024w, https:\/\/www.syntorial.com\/wp-content\/uploads\/2024\/11\/vital_screenshot-768x450.jpg 768w, https:\/\/www.syntorial.com\/wp-content\/uploads\/2024\/11\/vital_screenshot-1536x899.jpg 1536w, https:\/\/www.syntorial.com\/wp-content\/uploads\/2024\/11\/vital_screenshot.jpg 1845w\" sizes=\"auto, (max-width: 300px) 100vw, 300px\" \/><\/figure>\n<\/div>\n<\/div>\n\n<div class=\"gb-container gb-container-0d1a62ab\">\n\n<ul class=\"wp-block-list\">\n<li>Totalmente capaz como Serum, pero con m\u00faltiples niveles de precio, incluyendo uno GRATUITO.<\/li>\n\n\n\n<li>Hermosa interfaz llena de retroalimentaci\u00f3n visual animada.<\/li>\n<\/ul>\n\n<\/div>\n<\/div>\n\n\n<h3 class=\"wp-block-heading\">Hardware + Sustractiva<\/h3>\n\n\n\n<h4 class=\"gb-headline gb-headline-cfd5543a gb-headline-text\"><a href=\"https:\/\/www.korg.com\/us\/products\/synthesizers\/minilogue_xd\/\" target=\"_blank\" rel=\"noreferrer noopener\">Korg Minilogue xD<\/a><\/h4>\n\n\n<div class=\"gb-container gb-container-2a211135\">\n<div class=\"gb-container gb-container-b9436c92\">\n<div class=\"wp-block-image\">\n<figure class=\"alignleft size-medium is-resized\"><img loading=\"lazy\" decoding=\"async\" width=\"300\" height=\"250\" src=\"http:\/\/www.syntorial.com\/wp-content\/uploads\/2024\/11\/Korg-Minilogue-300x250.jpeg\" alt=\"\" class=\"wp-image-55454\" style=\"width:300px;height:auto\" srcset=\"https:\/\/www.syntorial.com\/wp-content\/uploads\/2024\/11\/Korg-Minilogue-300x250.jpeg 300w, https:\/\/www.syntorial.com\/wp-content\/uploads\/2024\/11\/Korg-Minilogue-1024x853.jpeg 1024w, https:\/\/www.syntorial.com\/wp-content\/uploads\/2024\/11\/Korg-Minilogue-768x640.jpeg 768w, https:\/\/www.syntorial.com\/wp-content\/uploads\/2024\/11\/Korg-Minilogue.jpeg 1200w\" sizes=\"auto, (max-width: 300px) 100vw, 300px\" \/><\/figure>\n<\/div>\n<\/div>\n\n<div class=\"gb-container gb-container-3aa2d32d\">\n\n<ul class=\"wp-block-list\">\n<li>Anal\u00f3gico real con un sonido hermoso<\/li>\n\n\n\n<li>Polif\u00f3nico (puede tocar m\u00faltiples notas al mismo tiempo) pero a\u00fan as\u00ed relativamente asequible (los sintes anal\u00f3gicos polif\u00f3nicos suelen ser costosos)<\/li>\n\n\n\n<li>Aunque es principalmente un sinte sustractivo, el tercer oscilador puede configurarse para s\u00edntesis wavetable o FM, y es expandible a a\u00fan m\u00e1s opciones. As\u00ed que hay espacio para crecer.<\/li>\n<\/ul>\n\n<\/div>\n<\/div>\n\n\n<h3 class=\"wp-block-heading\">Hardware + Wavetable<\/h3>\n\n\n\n<h4 class=\"gb-headline gb-headline-da6502ad gb-headline-text\"><a href=\"https:\/\/www.korg.com\/us\/products\/synthesizers\/modwave\/\" target=\"_blank\" rel=\"noreferrer noopener\">Korg Modwave<\/a><\/h4>\n\n\n<div class=\"gb-container gb-container-ec826438\">\n<div class=\"gb-container gb-container-b10ff4f0\">\n<div class=\"wp-block-image\">\n<figure class=\"alignleft size-medium is-resized\"><img loading=\"lazy\" decoding=\"async\" width=\"300\" height=\"250\" src=\"http:\/\/www.syntorial.com\/wp-content\/uploads\/2024\/11\/korg-modwave-300x250.jpeg\" alt=\"\" class=\"wp-image-55591\" style=\"width:300px;height:auto\" srcset=\"https:\/\/www.syntorial.com\/wp-content\/uploads\/2024\/11\/korg-modwave-300x250.jpeg 300w, https:\/\/www.syntorial.com\/wp-content\/uploads\/2024\/11\/korg-modwave-1024x853.jpeg 1024w, https:\/\/www.syntorial.com\/wp-content\/uploads\/2024\/11\/korg-modwave-768x640.jpeg 768w, https:\/\/www.syntorial.com\/wp-content\/uploads\/2024\/11\/korg-modwave.jpeg 1200w\" sizes=\"auto, (max-width: 300px) 100vw, 300px\" \/><\/figure>\n<\/div>\n<\/div>\n\n<div class=\"gb-container gb-container-1a866822\">\n\n<ul class=\"wp-block-list\">\n<li>Mucha complejidad wavetable, pero a\u00fan as\u00ed f\u00e1cil de usar.<\/li>\n\n\n\n<li>Una de las pocas quejas que recibe es que el teclado se siente barato. As\u00ed que pru\u00e9balo si puedes y si no te gusta c\u00f3mo se siente\u2026<\/li>\n<\/ul>\n\n<\/div>\n<\/div>\n\n\n<h4 class=\"gb-headline gb-headline-572afb7a gb-headline-text\"><a href=\"https:\/\/www.ashunsoundmachines.com\/hydrasynth-key\" target=\"_blank\" rel=\"noopener\">Hydrasynth<\/a><\/h4>\n\n\n<div class=\"gb-container gb-container-977b80a3\">\n<div class=\"gb-container gb-container-9d5f4e68\">\n<div class=\"wp-block-image\">\n<figure class=\"alignleft size-medium is-resized\"><img loading=\"lazy\" decoding=\"async\" width=\"300\" height=\"169\" src=\"https:\/\/www.syntorial.com\/wp-content\/uploads\/2024\/11\/Hydrasynth-300x169.jpeg\" alt=\"\" class=\"wp-image-55592\" style=\"width:300px;height:auto\" srcset=\"https:\/\/www.syntorial.com\/wp-content\/uploads\/2024\/11\/Hydrasynth-300x169.jpeg 300w, https:\/\/www.syntorial.com\/wp-content\/uploads\/2024\/11\/Hydrasynth-1024x576.jpeg 1024w, https:\/\/www.syntorial.com\/wp-content\/uploads\/2024\/11\/Hydrasynth-768x432.jpeg 768w, https:\/\/www.syntorial.com\/wp-content\/uploads\/2024\/11\/Hydrasynth-1536x864.jpeg 1536w, https:\/\/www.syntorial.com\/wp-content\/uploads\/2024\/11\/Hydrasynth.jpeg 1920w\" sizes=\"auto, (max-width: 300px) 100vw, 300px\" \/><\/figure>\n<\/div>\n<\/div>\n\n<div class=\"gb-container gb-container-fc42ef7e\">\n\n<ul class=\"wp-block-list\">\n<li>Capacidades s\u00f3nicas profundas en las que perderte de forma placentera.<\/li>\n\n\n\n<li>Varios modelos a diferentes precios.<\/li>\n\n\n\n<li>Una cantidad considerable de funciones requiere navegar por men\u00fas, lo que puede hacerlo un poco m\u00e1s dif\u00edcil de aprender, aunque su estructura de men\u00fas es m\u00e1s intuitiva que otras.<\/li>\n<\/ul>\n\n<\/div>\n<\/div>\n\n\n<h2 class=\"wp-block-heading\">Conclusi\u00f3n<\/h2>\n\n\n\n<p>Este art\u00edculo pretend\u00eda ser conciso. Sin embargo, tu cerebro puede sentirse un poco saturado de informaci\u00f3n en este momento. As\u00ed que perm\u00edtenos ordenarlo un poco con un resumen muy simplificado de dos enunciados:<\/p>\n\n\n\n<ul class=\"wp-block-list\">\n<li>Si quieres tocar un sinte f\u00edsico y tienes espacio en tu presupuesto, elige hardware. De lo contrario, elige software.<\/li>\n\n\n\n<li>Si quieres mantener las cosas simples, elige s\u00edntesis sustractiva. Si quieres algo de complejidad con espacio para crecer, elige wavetable.<\/li>\n<\/ul>\n\n\n\n<p>Y por supuesto, sobre todo, \u00a1disfruta!<\/p>","protected":false},"excerpt":{"rendered":"<p>Synths are everywhere! There are too many to choose from!! How could you possibly know which one is right for you?!!! Have no fear. We\u2019re here to break it down for you. While there are infinite features and differences between synths, it\u2019s best to start with two simple questions: Below &#8230; <a title=\"C\u00f3mo elegir tu primer sinte\" class=\"read-more\" href=\"https:\/\/www.syntorial.com\/es\/firstsynth\/\" aria-label=\"Leer m\u00e1s sobre Choosing Your First Synth\">Leer m\u00e1s<\/a><\/p>","protected":false},"author":1,"featured_media":55452,"parent":0,"menu_order":0,"comment_status":"closed","ping_status":"closed","template":"","meta":{"_acf_changed":false,"_editorskit_title_hidden":false,"_editorskit_reading_time":0,"_editorskit_is_block_options_detached":false,"_editorskit_block_options_position":"{}","footnotes":""},"class_list":["post-53069","page","type-page","status-publish","has-post-thumbnail"],"acf":[],"_links":{"self":[{"href":"https:\/\/www.syntorial.com\/es\/wp-json\/wp\/v2\/pages\/53069","targetHints":{"allow":["GET"]}}],"collection":[{"href":"https:\/\/www.syntorial.com\/es\/wp-json\/wp\/v2\/pages"}],"about":[{"href":"https:\/\/www.syntorial.com\/es\/wp-json\/wp\/v2\/types\/page"}],"author":[{"embeddable":true,"href":"https:\/\/www.syntorial.com\/es\/wp-json\/wp\/v2\/users\/1"}],"replies":[{"embeddable":true,"href":"https:\/\/www.syntorial.com\/es\/wp-json\/wp\/v2\/comments?post=53069"}],"version-history":[{"count":13,"href":"https:\/\/www.syntorial.com\/es\/wp-json\/wp\/v2\/pages\/53069\/revisions"}],"predecessor-version":[{"id":56886,"href":"https:\/\/www.syntorial.com\/es\/wp-json\/wp\/v2\/pages\/53069\/revisions\/56886"}],"wp:featuredmedia":[{"embeddable":true,"href":"https:\/\/www.syntorial.com\/es\/wp-json\/wp\/v2\/media\/55452"}],"wp:attachment":[{"href":"https:\/\/www.syntorial.com\/es\/wp-json\/wp\/v2\/media?parent=53069"}],"curies":[{"name":"wp","href":"https:\/\/api.w.org\/{rel}","templated":true}]}}