{"id":391,"date":"2015-03-20T09:46:01","date_gmt":"2015-03-20T14:46:01","guid":{"rendered":"http:\/\/a4b.43e.myftpupload.com\/?page_id=391"},"modified":"2026-01-16T16:08:35","modified_gmt":"2026-01-16T16:08:35","slug":"newsletter","status":"publish","type":"page","link":"https:\/\/www.syntorial.com\/es\/newsletter\/","title":{"rendered":"Bolet\u00edn"},"content":{"rendered":"<p>Suscr\u00edbete a nuestro newsletter para recibir tutoriales gratuitos y noticias y actualizaciones exclusivas de Syntorial.<\/p>\n\n\n\n<p>Entendemos que tu bandeja de entrada es valiosa, as\u00ed que prometemos llenarla solo con contenido educativo gratuito y de valor.<\/p>\n\n\n\n<ul class=\"wp-block-list\">\n<li><strong>Contenido Educativo Gratuito<\/strong>: tutoriales divertidos y concisos sobre c\u00f3mo recrear sonidos y t\u00e9cnicas ic\u00f3nicas, que puedes tocar directamente en nuestro estudio online o recrear con nuestro Primer Synth gratuito.<\/li>\n\n\n\n<li><strong>Descuentos y Ofertas Exclusivas<\/strong>: mantente informado y disfruta de descuentos exclusivos y ofertas especiales en nuestros cursos y productos.<\/li>\n<\/ul>\n\n\n\n<div class=\"wpcf7 no-js\" id=\"wpcf7-f55442-o1\" lang=\"en-US\" dir=\"ltr\" data-wpcf7-id=\"55442\">\n<div class=\"screen-reader-response\"><p role=\"status\" aria-live=\"polite\" aria-atomic=\"true\"><\/p> <ul><\/ul><\/div>\n<form action=\"\/es\/wp-json\/wp\/v2\/pages\/391#wpcf7-f55442-o1\" method=\"post\" class=\"wpcf7-form init\" aria-label=\"Contact form\" novalidate=\"novalidate\" data-status=\"init\" data-trp-original-action=\"\/es\/wp-json\/wp\/v2\/pages\/391#wpcf7-f55442-o1\">\n<fieldset class=\"hidden-fields-container\"><input type=\"hidden\" name=\"_wpcf7\" value=\"55442\" \/><input type=\"hidden\" name=\"_wpcf7_version\" value=\"6.1.5\" \/><input type=\"hidden\" name=\"_wpcf7_locale\" value=\"en_US\" \/><input type=\"hidden\" name=\"_wpcf7_unit_tag\" value=\"wpcf7-f55442-o1\" \/><input type=\"hidden\" name=\"_wpcf7_container_post\" value=\"0\" \/><input type=\"hidden\" name=\"_wpcf7_posted_data_hash\" value=\"\" \/>\n<\/fieldset>\n<p><label> Nombre<br \/>\n<span class=\"wpcf7-form-control-wrap\" data-name=\"firstName\"><input size=\"40\" maxlength=\"400\" class=\"wpcf7-form-control wpcf7-text wpcf7-validates-as-required newsletter-form-input\" autocomplete=\"name\" aria-required=\"true\" aria-invalid=\"false\" placeholder=\"John\" value=\"\" type=\"text\" name=\"firstName\" \/><\/span> <\/label>\n<\/p>\n<p><label> Tu correo electr\u00f3nico<br \/>\n<span class=\"wpcf7-form-control-wrap\" data-name=\"email\"><input size=\"40\" maxlength=\"400\" class=\"wpcf7-form-control wpcf7-email wpcf7-validates-as-required wpcf7-text wpcf7-validates-as-email newsletter-form-input\" autocomplete=\"email\" aria-required=\"true\" aria-invalid=\"false\" placeholder=\"john.doe@example.com\" value=\"\" type=\"email\" name=\"email\" \/><\/span> <\/label>\n<\/p>\n<input class=\"wpcf7-form-control wpcf7-hidden\" value=\"Newsletter\" type=\"hidden\" name=\"magnet\" \/>\n<p><span class=\"wpcf7-form-control-wrap\" data-name=\"acceptTerms\"><span class=\"wpcf7-form-control wpcf7-acceptance\"><span class=\"wpcf7-list-item\"><label><input type=\"checkbox\" name=\"acceptTerms\" value=\"1\" class=\"accept-terms\" aria-invalid=\"false\" \/><span class=\"wpcf7-list-item-label\">Acepto los t\u00e9rminos y condiciones de Audible Genius.<\/span><\/label><\/span><\/span><\/span><br \/>\n<div class=\"cf7-cf-turnstile\" style=\"margin-top: 0px; margin-bottom: -15px;\"> <div id=\"cf-turnstile-cf7-398849365\" class=\"cf-turnstile\" data-callback=\"turnstileCF7Callback\" data-sitekey=\"0x4AAAAAABldX2pdlKx0_bWD\" data-theme=\"auto\" data-language=\"auto\" data-size=\"normal\" data-retry=\"auto\" data-retry-interval=\"1000\" data-refresh-expired=\"auto\" data-refresh-timeout=\"auto\" data-action=\"contact-form-7\" data-appearance=\"interaction-only\"><\/div> <style>.wpcf7-submit { pointer-events: none; opacity: 0.5; }<\/style> <script>document.addEventListener(\"DOMContentLoaded\", function() { setTimeout(function(){ var e=document.getElementById(\"cf-turnstile-cf7-398849365\"); if(e&&!e.innerHTML.trim()){turnstile.render(e, {sitekey:\"0x4AAAAAABldX2pdlKx0_bWD\"});} }, 200); });<\/script> <style>#cf-turnstile-cf7-398849365 iframe { margin-bottom: 15px; }<\/style> <style>#cf-turnstile-cf7-398849365 { margin-left: -15px; }<\/style> <script>document.addEventListener(\"DOMContentLoaded\",function(){document.querySelectorAll('.wpcf7-form').forEach(function(e){e.addEventListener('submit',function(){if(document.getElementById('cf-turnstile-cf7-398849365')){setTimeout(function(){turnstile.reset('#cf-turnstile-cf7-398849365');},1000)}})})});<\/script> <\/div><br\/><input class=\"wpcf7-form-control wpcf7-submit has-spinner\" type=\"submit\" value=\"Send\" \/>\n<\/p><div class=\"wpcf7-response-output\" aria-hidden=\"true\"><\/div>\n<input type=\"hidden\" name=\"trp-form-language\" value=\"es\"\/><\/form>\n<\/div>\n\n\n\n\n<p><\/p>","protected":false},"excerpt":{"rendered":"<p>Sign up for our newsletter to receive free tutorials and exclusive Syntorial news and updates. We understand your inbox is precious, so we promise to fill it only with valuable, free educational content.<\/p>","protected":false},"author":2,"featured_media":0,"parent":0,"menu_order":0,"comment_status":"closed","ping_status":"open","template":"","meta":{"_acf_changed":false,"_editorskit_title_hidden":false,"_editorskit_reading_time":0,"_editorskit_is_block_options_detached":false,"_editorskit_block_options_position":"{}","footnotes":""},"class_list":["post-391","page","type-page","status-publish"],"acf":[],"_links":{"self":[{"href":"https:\/\/www.syntorial.com\/es\/wp-json\/wp\/v2\/pages\/391","targetHints":{"allow":["GET"]}}],"collection":[{"href":"https:\/\/www.syntorial.com\/es\/wp-json\/wp\/v2\/pages"}],"about":[{"href":"https:\/\/www.syntorial.com\/es\/wp-json\/wp\/v2\/types\/page"}],"author":[{"embeddable":true,"href":"https:\/\/www.syntorial.com\/es\/wp-json\/wp\/v2\/users\/2"}],"replies":[{"embeddable":true,"href":"https:\/\/www.syntorial.com\/es\/wp-json\/wp\/v2\/comments?post=391"}],"version-history":[{"count":4,"href":"https:\/\/www.syntorial.com\/es\/wp-json\/wp\/v2\/pages\/391\/revisions"}],"predecessor-version":[{"id":58389,"href":"https:\/\/www.syntorial.com\/es\/wp-json\/wp\/v2\/pages\/391\/revisions\/58389"}],"wp:attachment":[{"href":"https:\/\/www.syntorial.com\/es\/wp-json\/wp\/v2\/media?parent=391"}],"curies":[{"name":"wp","href":"https:\/\/api.w.org\/{rel}","templated":true}]}}