{"id":1350,"date":"2015-11-29T10:49:20","date_gmt":"2015-11-29T15:49:20","guid":{"rendered":"https:\/\/www.syntorial.com\/\/?page_id=1350"},"modified":"2026-01-05T10:57:31","modified_gmt":"2026-01-05T10:57:31","slug":"lesson-packs","status":"publish","type":"page","link":"https:\/\/www.syntorial.com\/es\/lesson-packs\/","title":{"rendered":"Paquetes de lecciones de Syntorial"},"content":{"rendered":"<p>Ampl\u00eda las lecciones esenciales de Syntorial con estos paquetes de lecciones adicionales. Los paquetes desarrollados por Audible Genius son GRATIS para todos los usuarios registrados. Prueba la\u00a0<a href=\"https:\/\/www.syntorial.com\/es\/try-for-free\/\">Demo de Syntorial<\/a>, que incluye varios videos de cada paquete. Actualmente disponible solo en ingl\u00e9s.<\/p>\n\n\n\n<p>No todos los sintes tienen un paquete de lecciones dedicado.<br>Para esos casos, la <a href=\"https:\/\/www.syntorial.com\/es\/syntorial-to-synth-parameter-mapping\/\">Tabla de equivalencias de par\u00e1metros de Syntorial a otros sintes<\/a> es una referencia colaborativa que te ayuda a traducir los conceptos de Syntorial a muchos otros instrumentos, perfecta para las secciones <em>Por tu cuenta<\/em> y m\u00e1s all\u00e1.<\/p>\n\n\n<div class=\"gb-container gb-container-d9c3ec7d gb-tabs\" role=\"tablist\" data-opened-tab=\"1\">\n<div class=\"gb-container gb-container-c9f0af38 gb-tabs__buttons\" role=\"list\">\n\n<button class=\"gb-button gb-button-dcf223bf gb-button-text gb-tabs__button gb-block-is-current\" id=\"gb-tab-button-dcf223bf\" role=\"tab\">Serum<\/button>\n\n\n\n<button class=\"gb-button gb-button-a28a7ea8 gb-button-text gb-tabs__button\" id=\"gb-tab-button-a28a7ea8\" role=\"tab\">Sylenth1<\/button>\n\n\n\n<button class=\"gb-button gb-button-b99788a5 gb-button-text gb-tabs__button\" id=\"gb-tab-button-b99788a5\" role=\"tab\">Massive<\/button>\n\n\n\n<button class=\"gb-button gb-button-201f6a61 gb-button-text gb-tabs__button\" id=\"gb-tab-button-201f6a61\" role=\"tab\">Minimoog Voyager<\/button>\n\n\n\n<button class=\"gb-button gb-button-2610520d gb-button-text gb-tabs__button\" id=\"gb-tab-button-2610520d\" role=\"tab\">Z3TA+ 2<\/button>\n\n<\/div>\n\n<div class=\"gb-container gb-container-b38ab18c gb-tabs__items\">\n<div class=\"gb-container gb-container-90460092 gb-tabs__item gb-tabs__item-open\" id=\"gb-tab-item-90460092\" role=\"tabpanel\">\n\n<h2 class=\"wp-block-heading\">Paquete de Lecciones de Serum<\/h2>\n\n\n\n<p>Serum es un sintetizador wavetable verdaderamente innovador. Con sus capacidades de edici\u00f3n profunda de wavetables y su retroalimentaci\u00f3n visual intuitiva, Serum es f\u00e1cil de aprender y potente de usar. El paquete de lecciones de Serum de Syntorial a\u00f1ade 55 videos, con un total de 9 horas y 22 minutos. Transfiere todo lo que aprendes en Syntorial a Serum y aprende todas las funciones adicionales que Serum tiene para ofrecer. <\/p>\n\n\n<div class=\"gb-container gb-container-99a7c438\">\n\n<figure class=\"wp-block-embed aligncenter is-type-video is-provider-youtube wp-block-embed-youtube wp-embed-aspect-16-9 wp-has-aspect-ratio\"><div class=\"wp-block-embed__wrapper\">\n<iframe loading=\"lazy\" title=\"Domina Xfer Records Serum con Syntorial\" width=\"1200\" height=\"675\" src=\"https:\/\/www.youtube.com\/embed\/VXSCs3m2KLM?feature=oembed\" frameborder=\"0\" allow=\"accelerometer; autoplay; clipboard-write; encrypted-media; gyroscope; picture-in-picture; web-share\" referrerpolicy=\"strict-origin-when-cross-origin\" allowfullscreen><\/iframe>\n<\/div><\/figure>\n\n<\/div>\n\n\n<p>Here\u2019s an excerpt:<\/p>\n\n\n<div class=\"gb-container gb-container-ef16b36c\">\n\n<figure class=\"wp-block-embed aligncenter is-type-video is-provider-youtube wp-block-embed-youtube wp-embed-aspect-4-3 wp-has-aspect-ratio\"><div class=\"wp-block-embed__wrapper\">\n<iframe loading=\"lazy\" title=\"C\u00f3mo importar &quot;Serum&quot; en Serum para que Serum diga &quot;Serum&quot;\" width=\"1200\" height=\"900\" src=\"https:\/\/www.youtube.com\/embed\/XPtTJsUTH6Y?feature=oembed\" frameborder=\"0\" allow=\"accelerometer; autoplay; clipboard-write; encrypted-media; gyroscope; picture-in-picture; web-share\" referrerpolicy=\"strict-origin-when-cross-origin\" allowfullscreen><\/iframe>\n<\/div><\/figure>\n\n\n\n<p>M\u00e1s informaci\u00f3n: <a href=\"https:\/\/www.syntorial.com\/es\/serum-synthesizer-sound-design-course\/\">Curso de sintetizador Serum<\/a><\/p>\n\n<\/div>\n<\/div>\n\n<div class=\"gb-container gb-container-43f05f7a gb-tabs__item\" id=\"gb-tab-item-43f05f7a\" role=\"tabpanel\">\n\n<h2 class=\"wp-block-heading\">Paquete de lecciones de Sylenth1<\/h2>\n\n\n\n<p>Un sinte de software imprescindible con un sonido anal\u00f3gico profundo, Sylenth1 sigue siendo el sinte de referencia para much\u00edsimos. El paquete de lecciones de Sylenth1 de Syntorial a\u00f1ade 38 videos, con un total de 2 horas y 47 minutos. Transfiere todo lo que aprendes en Syntorial a Sylenth1 y aprende todas las funciones adicionales que Sylenth1 tiene para ofrecer. <\/p>\n\n\n<div class=\"gb-container gb-container-011ddcb0\">\n\n<figure class=\"wp-block-embed aligncenter is-type-video is-provider-youtube wp-block-embed-youtube wp-embed-aspect-4-3 wp-has-aspect-ratio\"><div class=\"wp-block-embed__wrapper\">\n<iframe loading=\"lazy\" title=\"Domina Sylenth1 con Syntorial\" width=\"1200\" height=\"900\" src=\"https:\/\/www.youtube.com\/embed\/trQBIRG5Aso?feature=oembed\" frameborder=\"0\" allow=\"accelerometer; autoplay; clipboard-write; encrypted-media; gyroscope; picture-in-picture; web-share\" referrerpolicy=\"strict-origin-when-cross-origin\" allowfullscreen><\/iframe>\n<\/div><\/figure>\n\n<\/div>\n\n\n<p>Here&#8217;s an excerpt:<\/p>\n\n\n<div class=\"gb-container gb-container-39320628\">\n\n<figure class=\"wp-block-embed aligncenter is-type-video is-provider-youtube wp-block-embed-youtube wp-embed-aspect-4-3 wp-has-aspect-ratio\"><div class=\"wp-block-embed__wrapper\">\n<iframe loading=\"lazy\" title=\"Capas de patches con Sylenth1 - Tutorial de sinte\" width=\"1200\" height=\"900\" src=\"https:\/\/www.youtube.com\/embed\/wl15DeyIv_U?feature=oembed\" frameborder=\"0\" allow=\"accelerometer; autoplay; clipboard-write; encrypted-media; gyroscope; picture-in-picture; web-share\" referrerpolicy=\"strict-origin-when-cross-origin\" allowfullscreen><\/iframe>\n<\/div><\/figure>\n\n\n\n<p>M\u00e1s informaci\u00f3n: <a href=\"https:\/\/www.syntorial.com\/es\/sylenth1-synthesizer-sound-design-course\/\">Curso de sintetizador Sylenth1<\/a><\/p>\n\n<\/div>\n<\/div>\n\n<div class=\"gb-container gb-container-8f9ca842 gb-tabs__item\" id=\"gb-tab-item-8f9ca842\" role=\"tabpanel\">\n\n<h2 class=\"wp-block-heading\">paquete de lecciones de Massive<\/h2>\n\n\n\n<p>Massive es un sintetizador de software incre\u00edblemente potente y vers\u00e1til con una amplia selecci\u00f3n de wavetables y opciones de modulaci\u00f3n, permitiendo una variedad infinita de sonidos. El paquete de lecciones de Massive de Syntorial a\u00f1ade 41 videos, con un total de 4 horas y 44 minutos. Transfiere todo lo que aprendes en Syntorial a Massive y aprende todas las funciones adicionales que Massive tiene para ofrecer. <\/p>\n\n\n<div class=\"gb-container gb-container-ca09b468\">\n\n<figure class=\"wp-block-embed aligncenter is-type-video is-provider-youtube wp-block-embed-youtube wp-embed-aspect-16-9 wp-has-aspect-ratio\"><div class=\"wp-block-embed__wrapper\">\n<iframe loading=\"lazy\" title=\"Domina Native Instruments Massive con Syntorial\" width=\"1200\" height=\"675\" src=\"https:\/\/www.youtube.com\/embed\/4iefy6ZHWko?feature=oembed\" frameborder=\"0\" allow=\"accelerometer; autoplay; clipboard-write; encrypted-media; gyroscope; picture-in-picture; web-share\" referrerpolicy=\"strict-origin-when-cross-origin\" allowfullscreen><\/iframe>\n<\/div><\/figure>\n\n<\/div>\n\n\n<p>Here&#8217;s an excerpt:<\/p>\n\n\n<div class=\"gb-container gb-container-c2493081\">\n\n<figure class=\"wp-block-embed aligncenter is-type-video is-provider-youtube wp-block-embed-youtube wp-embed-aspect-4-3 wp-has-aspect-ratio\"><div class=\"wp-block-embed__wrapper\">\n<iframe loading=\"lazy\" title=\"Wavetables de Massive - Tutorial de sinte\" width=\"1200\" height=\"900\" src=\"https:\/\/www.youtube.com\/embed\/hdE8sVm-HZY?feature=oembed\" frameborder=\"0\" allow=\"accelerometer; autoplay; clipboard-write; encrypted-media; gyroscope; picture-in-picture; web-share\" referrerpolicy=\"strict-origin-when-cross-origin\" allowfullscreen><\/iframe>\n<\/div><\/figure>\n\n\n\n<p>M\u00e1s informaci\u00f3n: <a href=\"https:\/\/www.syntorial.com\/es\/massive-synthesizer-sound-design-course\/\">Curso de sintetizador Massive<\/a><\/p>\n\n<\/div>\n<\/div>\n\n<div class=\"gb-container gb-container-9f35112c gb-tabs__item\" id=\"gb-tab-item-9f35112c\" role=\"tabpanel\">\n\n<h2 class=\"wp-block-heading\">Paquete de lecciones de Minimoog Voyager<\/h2>\n\n\n\n<p>El paquete de lecciones de Minimoog Voyager de Syntorial a\u00f1ade 34 videos, con un total de 2 horas y 22 minutos. Cada video demuestra c\u00f3mo aplicar todo lo que has aprendido en Syntorial en el Voyager. Conoce todos los detalles de tu Voyager y aprende el verdadero valor de este cl\u00e1sico sintetizador anal\u00f3gico de hardware. <\/p>\n\n\n<div class=\"gb-container gb-container-082c6a3c\">\n\n<figure class=\"wp-block-embed aligncenter is-type-video is-provider-youtube wp-block-embed-youtube wp-embed-aspect-4-3 wp-has-aspect-ratio\"><div class=\"wp-block-embed__wrapper\">\n<iframe loading=\"lazy\" title=\"Domina el Minimoog Voyager con Syntorial\" width=\"1200\" height=\"900\" src=\"https:\/\/www.youtube.com\/embed\/4K6joEVgFWE?feature=oembed\" frameborder=\"0\" allow=\"accelerometer; autoplay; clipboard-write; encrypted-media; gyroscope; picture-in-picture; web-share\" referrerpolicy=\"strict-origin-when-cross-origin\" allowfullscreen><\/iframe>\n<\/div><\/figure>\n\n<\/div>\n\n\n<p>Here&#8217;s an excerpt:<\/p>\n\n\n<div class=\"gb-container gb-container-6540ba62\">\n\n<figure class=\"wp-block-embed aligncenter is-type-video is-provider-youtube wp-block-embed-youtube wp-embed-aspect-4-3 wp-has-aspect-ratio\"><div class=\"wp-block-embed__wrapper\">\n<iframe loading=\"lazy\" title=\"Minimoog Voyager - Tutorial de FM\" width=\"1200\" height=\"900\" src=\"https:\/\/www.youtube.com\/embed\/tmpoM5osl24?feature=oembed\" frameborder=\"0\" allow=\"accelerometer; autoplay; clipboard-write; encrypted-media; gyroscope; picture-in-picture; web-share\" referrerpolicy=\"strict-origin-when-cross-origin\" allowfullscreen><\/iframe>\n<\/div><\/figure>\n\n\n\n<p>M\u00e1s informaci\u00f3n: <a href=\"https:\/\/www.syntorial.com\/es\/minimoog-voyager-synthesizer-sound-design-course\/\">Curso de sintetizador Minimoog<\/a><\/p>\n\n<\/div>\n<\/div>\n\n<div class=\"gb-container gb-container-afd3fd28 gb-tabs__item\" id=\"gb-tab-item-afd3fd28\" role=\"tabpanel\">\n\n<h2 class=\"wp-block-heading\">Paquete de lecciones de Z3TA+ 2<\/h2>\n\n\n\n<p>El paquete de lecciones de Z3TA+ 2 de Syntorial a\u00f1ade 37 videos, con un total de 3 horas y 17 minutos. Cada video demuestra c\u00f3mo aplicar todo lo que has aprendido en Syntorial en Cakewalk Z3TA+ 2. Conoce todos los detalles de Z3TA+ 2 y aprovecha las infinitas manipulaciones s\u00f3nicas que tiene para ofrecer. <\/p>\n\n\n<div class=\"gb-container gb-container-251c0386\">\n\n<figure class=\"wp-block-embed aligncenter is-type-video is-provider-youtube wp-block-embed-youtube wp-embed-aspect-4-3 wp-has-aspect-ratio\"><div class=\"wp-block-embed__wrapper\">\n<iframe loading=\"lazy\" title=\"Domina Z3TA+ 2 por dentro y por fuera con Syntorial\" width=\"1200\" height=\"900\" src=\"https:\/\/www.youtube.com\/embed\/ugbj-3gtzxk?feature=oembed\" frameborder=\"0\" allow=\"accelerometer; autoplay; clipboard-write; encrypted-media; gyroscope; picture-in-picture; web-share\" referrerpolicy=\"strict-origin-when-cross-origin\" allowfullscreen><\/iframe>\n<\/div><\/figure>\n\n<\/div>\n\n\n<p>Here&#8217;s an excerpt:<\/p>\n\n\n<div class=\"gb-container gb-container-3b1eb9a6\">\n\n<figure class=\"wp-block-embed aligncenter is-type-video is-provider-youtube wp-block-embed-youtube wp-embed-aspect-4-3 wp-has-aspect-ratio\"><div class=\"wp-block-embed__wrapper\">\n<iframe loading=\"lazy\" title=\"Uso de dos filtros en Z3TA+ 2 - Tutorial de sinte\" width=\"1200\" height=\"900\" src=\"https:\/\/www.youtube.com\/embed\/bqbplI6V7M8?feature=oembed\" frameborder=\"0\" allow=\"accelerometer; autoplay; clipboard-write; encrypted-media; gyroscope; picture-in-picture; web-share\" referrerpolicy=\"strict-origin-when-cross-origin\" allowfullscreen><\/iframe>\n<\/div><\/figure>\n\n\n\n<p>M\u00e1s informaci\u00f3n: <a href=\"https:\/\/www.syntorial.com\/es\/z3ta-plus-synthesize-sound-design-course\/\" data-type=\"link\" data-id=\"https:\/\/www.syntorial.com\/z3ta-plus-synthesize-sound-design-course\/\">Curso de sintetizador Z3TA+<\/a><\/p>\n\n<\/div>\n<\/div>\n<\/div>\n<\/div>\n\n\n<p><\/p>","protected":false},"excerpt":{"rendered":"<p>Extend the core essential lessons of Syntorial with these add-on Lesson Packs. Audible Genius-developed are packs FREE for all registered users. Try the free\u00a0Syntorial Demo, which includes a handful of videos from each Pack. Currently available in English only. Not every synth has a dedicated Lesson Pack.For those cases, the &#8230; <a title=\"Paquetes de lecciones de Syntorial\" class=\"read-more\" href=\"https:\/\/www.syntorial.com\/es\/lesson-packs\/\" aria-label=\"Leer m\u00e1s sobre Syntorial Lesson Packs\">Leer m\u00e1s<\/a><\/p>","protected":false},"author":1,"featured_media":0,"parent":0,"menu_order":0,"comment_status":"closed","ping_status":"closed","template":"","meta":{"_acf_changed":false,"_editorskit_title_hidden":false,"_editorskit_reading_time":0,"_editorskit_is_block_options_detached":false,"_editorskit_block_options_position":"{}","footnotes":""},"class_list":["post-1350","page","type-page","status-publish"],"acf":[],"_links":{"self":[{"href":"https:\/\/www.syntorial.com\/es\/wp-json\/wp\/v2\/pages\/1350","targetHints":{"allow":["GET"]}}],"collection":[{"href":"https:\/\/www.syntorial.com\/es\/wp-json\/wp\/v2\/pages"}],"about":[{"href":"https:\/\/www.syntorial.com\/es\/wp-json\/wp\/v2\/types\/page"}],"author":[{"embeddable":true,"href":"https:\/\/www.syntorial.com\/es\/wp-json\/wp\/v2\/users\/1"}],"replies":[{"embeddable":true,"href":"https:\/\/www.syntorial.com\/es\/wp-json\/wp\/v2\/comments?post=1350"}],"version-history":[{"count":7,"href":"https:\/\/www.syntorial.com\/es\/wp-json\/wp\/v2\/pages\/1350\/revisions"}],"predecessor-version":[{"id":58328,"href":"https:\/\/www.syntorial.com\/es\/wp-json\/wp\/v2\/pages\/1350\/revisions\/58328"}],"wp:attachment":[{"href":"https:\/\/www.syntorial.com\/es\/wp-json\/wp\/v2\/media?parent=1350"}],"curies":[{"name":"wp","href":"https:\/\/api.w.org\/{rel}","templated":true}]}}