{"id":10855,"date":"2017-10-13T14:54:55","date_gmt":"2017-10-13T19:54:55","guid":{"rendered":"https:\/\/www.syntorial.com\/\/?page_id=10855"},"modified":"2025-10-13T09:19:08","modified_gmt":"2025-10-13T09:19:08","slug":"serum-wavetable-resources","status":"publish","type":"page","link":"https:\/\/www.syntorial.com\/es\/serum-wavetable-resources\/","title":{"rendered":"Recursos de Wavetables para Serum"},"content":{"rendered":"<div class=\"wp-block-media-text is-stacked-on-mobile is-vertically-aligned-top\" style=\"grid-template-columns:40% auto\"><figure class=\"wp-block-media-text__media\"><img loading=\"lazy\" decoding=\"async\" width=\"719\" height=\"582\" src=\"https:\/\/www.syntorial.com\/wp-content\/uploads\/2024\/11\/serum_wt_editor.png\" alt=\"\" class=\"wp-image-55771 size-full\" srcset=\"https:\/\/www.syntorial.com\/wp-content\/uploads\/2024\/11\/serum_wt_editor.png 719w, https:\/\/www.syntorial.com\/wp-content\/uploads\/2024\/11\/serum_wt_editor-300x243.png 300w\" sizes=\"auto, (max-width: 719px) 100vw, 719px\" \/><\/figure><div class=\"wp-block-media-text__content\">\n<p>Serum es el sue\u00f1o de todo amante de los wavetables hecho realidad. No solo incluye montones de wavetables de f\u00e1brica, sino que te permite\u00a0<a href=\"https:\/\/www.syntorial.com\/es\/tutorials\/making-the-serum-synth-say-serum\/\" target=\"_blank\" rel=\"noreferrer noopener\">importar wavetables<\/a>\u00a0creados por otros, adem\u00e1s de crear los tuyos propios. A continuaci\u00f3n encontrar\u00e1s recursos \u00fatiles para buscar wavetables en l\u00ednea, as\u00ed como informaci\u00f3n sobre f\u00f3rmulas (si te interesa ese tipo de cosas).<\/p>\n\n\n\n<p>Esto complementa el\u00a0<a href=\"\/es\/lesson-packs\/\" target=\"_blank\" rel=\"noreferrer noopener\">Paquete de Lecciones de Serum<\/a>\u00a0para Syntorial, que incluye 55 videos cubriendo cada rinc\u00f3n de este sinte verdaderamente \u00fanico. Consigue los primeros 4 videos gratis en el\u00a0<a href=\"\/es\/try-for-free\/\" target=\"_blank\" data-type=\"page\" data-id=\"55345\" rel=\"noreferrer noopener\">Demo de Syntorial<\/a>.<\/p>\n<\/div><\/div>\n\n\n\n<h2 class=\"wp-block-heading\">Wavetables<\/h2>\n\n\n\n<ul class=\"wp-block-list\">\n<li>Montones de&nbsp;&nbsp;<a href=\"https:\/\/synthmob.com\/presets\/serum\/duality\" target=\"_blank\" rel=\"noreferrer noopener\">wavetables gratuitos<\/a>&nbsp;&nbsp;cortes\u00eda de Yemski (haz clic en el enlace y despl\u00e1zate hacia abajo para ver el enlace de wavetables gratuitos).<\/li>\n\n\n\n<li><a href=\"https:\/\/trisamples.com\/ni-massive-wavetables-for-serum\/\" target=\"_blank\" rel=\"noreferrer noopener\">Wavetables de NI Massive<\/a>&nbsp;&nbsp;convertidos al formato de Serum, cortes\u00eda de TriSamples.<\/li>\n<\/ul>\n\n\n\n<h2 class=\"wp-block-heading\">Formas de Onda de Ciclo Simple<\/h2>\n\n\n\n<ul class=\"wp-block-list\">\n<li>Una gran colecci\u00f3n de&nbsp;&nbsp;<a href=\"https:\/\/www.adventurekid.se\/akrt\/waveforms\/adventure-kid-waveforms\/\" target=\"_blank\" rel=\"noopener\">formas de onda de ciclo simple gratuitas<\/a>&nbsp;&nbsp;de Adventure Kid.<\/li>\n\n\n\n<li><a href=\"https:\/\/www.adventurekid.se\/akrt\/waveforms\/akwf-nes-8-bit-free\/\" target=\"_blank\" rel=\"noreferrer noopener\">Nintendo old-school<\/a>&nbsp;&nbsp;formas de onda de ciclo simple de Adventure Kid.<\/li>\n\n\n\n<li>A\u00a0<a href=\"https:\/\/www.galbanum.com\/products\/architecturewaveforms2010\" target=\"_blank\" rel=\"noreferrer noopener\">colecci\u00f3n gigante de formas de onda<\/a>\u00a0de Galbanum.<\/li>\n<\/ul>\n\n\n\n<h2 class=\"wp-block-heading\">F\u00f3rmulas<\/h2>\n\n\n\n<ul class=\"wp-block-list\">\n<li><a href=\"https:\/\/www.youtube.com\/watch?v=bYOVCxMuVjI&amp;t=309\" target=\"_blank\" rel=\"noreferrer noopener\">Video<\/a>&nbsp;&nbsp;sobre c\u00f3mo funcionan las f\u00f3rmulas de On Cloud Sine.<\/li>\n\n\n\n<li><a href=\"http:\/\/www.kvraudio.com\/forum\/viewtopic.php?f=1&amp;t=425973\" target=\"_blank\" rel=\"noreferrer noopener\">Hilo de KVR<\/a>&nbsp;&nbsp;repleto de ejemplos de f\u00f3rmulas espec\u00edficamente para crear formas de onda\/wavetables.<\/li>\n<\/ul>\n\n\n\n<p><\/p>","protected":false},"excerpt":{"rendered":"<p>Serum is a wavetable&#8217;s dream come true. Not only does it come with a ton of factory wavetables, but it allows you to\u00a0import wavetables\u00a0created by others, as well as make your own. Below are some useful resources to help you find wavetables online, as well as some info about formulas &#8230; <a title=\"Recursos de Wavetables para Serum\" class=\"read-more\" href=\"https:\/\/www.syntorial.com\/es\/serum-wavetable-resources\/\" aria-label=\"Leer m\u00e1s sobre Serum Wavetable Resources\">Leer m\u00e1s<\/a><\/p>","protected":false},"author":1,"featured_media":0,"parent":0,"menu_order":0,"comment_status":"closed","ping_status":"closed","template":"","meta":{"_acf_changed":false,"_editorskit_title_hidden":false,"_editorskit_reading_time":0,"_editorskit_is_block_options_detached":false,"_editorskit_block_options_position":"{}","footnotes":""},"class_list":["post-10855","page","type-page","status-publish"],"acf":[],"_links":{"self":[{"href":"https:\/\/www.syntorial.com\/es\/wp-json\/wp\/v2\/pages\/10855","targetHints":{"allow":["GET"]}}],"collection":[{"href":"https:\/\/www.syntorial.com\/es\/wp-json\/wp\/v2\/pages"}],"about":[{"href":"https:\/\/www.syntorial.com\/es\/wp-json\/wp\/v2\/types\/page"}],"author":[{"embeddable":true,"href":"https:\/\/www.syntorial.com\/es\/wp-json\/wp\/v2\/users\/1"}],"replies":[{"embeddable":true,"href":"https:\/\/www.syntorial.com\/es\/wp-json\/wp\/v2\/comments?post=10855"}],"version-history":[{"count":4,"href":"https:\/\/www.syntorial.com\/es\/wp-json\/wp\/v2\/pages\/10855\/revisions"}],"predecessor-version":[{"id":58126,"href":"https:\/\/www.syntorial.com\/es\/wp-json\/wp\/v2\/pages\/10855\/revisions\/58126"}],"wp:attachment":[{"href":"https:\/\/www.syntorial.com\/es\/wp-json\/wp\/v2\/media?parent=10855"}],"curies":[{"name":"wp","href":"https:\/\/api.w.org\/{rel}","templated":true}]}}