{"id":58421,"date":"2026-01-29T16:56:02","date_gmt":"2026-01-29T16:56:02","guid":{"rendered":"https:\/\/www.syntorial.com\/?page_id=58421"},"modified":"2026-01-29T16:56:03","modified_gmt":"2026-01-29T16:56:03","slug":"syntorial-educational-discount","status":"publish","type":"page","link":"https:\/\/www.syntorial.com\/de\/syntorial-educational-discount\/","title":{"rendered":"Syntorial Antrag auf Bildungsrabatt"},"content":{"rendered":"<p>Ein 40% Bildungsrabatt ist f\u00fcr qualifizierte Studenten und Lehrer f\u00fcr alle Audible Genius Produkte verf\u00fcgbar. Sie sind berechtigt, wenn Sie:<\/p>\n\n\n\n<ul class=\"wp-block-list\">\n<li>ein Student, der derzeit in einem Vollzeitstudium eingeschrieben ist, von der weiterf\u00fchrenden Schule bis hin zu fortgeschrittenen Studieng\u00e4ngen.<\/li>\n\n\n\n<li>ein Student in einem Teilzeitprogramm, das 20 oder mehr Studienstunden pro Woche umfasst, oder eines, das 12 Monate oder l\u00e4nger l\u00e4uft.<\/li>\n\n\n\n<li>eine Lehrkraft, die derzeit in Voll- oder Teilzeit an einer Schule oder Universit\u00e4t angestellt ist. Teilzeit- und Privatlehrer m\u00fcssen mindestens 20 Stunden pro Woche arbeiten, um sich zu qualifizieren.<\/li>\n<\/ul>\n\n\n\n<h2 class=\"wp-block-heading alignwide\"><mark style=\"background-color:rgba(0, 0, 0, 0)\" class=\"has-inline-color has-global-color-6-color\">Nachweis \u00fcber Schuleinschreibung\/Besch\u00e4ftigung hochladen<\/mark><\/h2>\n\n\n\n<p>F\u00fcr Studierende EINES der folgenden Dokumente:<\/p>\n\n\n\n<ol class=\"wp-block-list\">\n<li>Eine Kopie eines Studentenausweises mit Ihrem (des Studenten) Namen, dem Namen der Schule und dem aktuellen Semester<\/li>\n\n\n\n<li>Eine Kopie einer Studiengeb\u00fchrenbescheinigung oder Kursrechnung, die das Logo oder Siegel der Schule, Ihren Namen und das aktuelle Datum\/Semester enth\u00e4lt<\/li>\n\n\n\n<li>Ein offizielles Schreiben des Sekretariats der Schule, das Ihren Namen, den Namen der Schule und das aktuelle Datum\/Semester enth\u00e4lt<\/li>\n\n\n\n<li>Eine Kopie eines Stundenplans mit Ihrem Namen, dem Namen der Schule und dem aktuellen Datum\/Semester<\/li>\n\n\n\n<li>Eine Kopie einer Noten\u00fcbersicht oder eines Zeugnisses mit Ihrem Namen, dem Namen der Schule und dem aktuellen Datum\/Semester<\/li>\n<\/ol>\n\n\n\n<p>F\u00fcr Lehrer EINES der folgenden Dokumente:<\/p>\n\n\n\n<ol class=\"wp-block-list\">\n<li>Eine Kopie eines Lehrerausweises mit Ihrem Namen, dem Namen der Schule und dem aktuellen Datum\/Semester<\/li>\n\n\n\n<li>Eine Kopie eines Gehaltsnachweises, der das Logo oder Siegel der Schule, Ihren Namen und das aktuelle Datum\/Semester enth\u00e4lt<\/li>\n\n\n\n<li>Ein offizielles Schreiben des Sekretariats der Schule, das Ihren Namen, den Namen der Schule und das aktuelle Datum\/Semester enth\u00e4lt<\/li>\n\n\n\n<li>Screenshots von Schulwebseiten k\u00f6nnen anstelle offizieller Dokumentation akzeptiert werden, wenn Ihr Name, der Name der Schule und ein g\u00fcltiges Datum deutlich sichtbar sind<\/li>\n<\/ol>\n\n\n<div class=\"gb-container gb-container-bffb70a0\">\n\n<a class=\"gb-button gb-button-732fd610 gb-button-text smooth-scroll\" href=\"https:\/\/aitable.ai\/share\/shrE9YTZuQgR5aZLledTY\/fom0ZmUWKAlDELjBhF\" target=\"_blank\" rel=\"noopener noreferrer\">F\u00fcllen Sie das Antragsformular aus<\/a>\n\n<\/div>","protected":false},"excerpt":{"rendered":"<p>A 40% educational discount is available for qualifying students and teachers for all Audible Genius Products. You are eligible if you are: Upload proof of school enrollment\/employment For students ONE of the following: For teachers ONE of the following:<\/p>","protected":false},"author":2,"featured_media":0,"parent":0,"menu_order":0,"comment_status":"closed","ping_status":"closed","template":"","meta":{"_acf_changed":false,"_editorskit_title_hidden":false,"_editorskit_reading_time":0,"_editorskit_is_block_options_detached":false,"_editorskit_block_options_position":"{}","footnotes":""},"class_list":["post-58421","page","type-page","status-publish"],"acf":[],"_links":{"self":[{"href":"https:\/\/www.syntorial.com\/de\/wp-json\/wp\/v2\/pages\/58421","targetHints":{"allow":["GET"]}}],"collection":[{"href":"https:\/\/www.syntorial.com\/de\/wp-json\/wp\/v2\/pages"}],"about":[{"href":"https:\/\/www.syntorial.com\/de\/wp-json\/wp\/v2\/types\/page"}],"author":[{"embeddable":true,"href":"https:\/\/www.syntorial.com\/de\/wp-json\/wp\/v2\/users\/2"}],"replies":[{"embeddable":true,"href":"https:\/\/www.syntorial.com\/de\/wp-json\/wp\/v2\/comments?post=58421"}],"version-history":[{"count":1,"href":"https:\/\/www.syntorial.com\/de\/wp-json\/wp\/v2\/pages\/58421\/revisions"}],"predecessor-version":[{"id":58422,"href":"https:\/\/www.syntorial.com\/de\/wp-json\/wp\/v2\/pages\/58421\/revisions\/58422"}],"wp:attachment":[{"href":"https:\/\/www.syntorial.com\/de\/wp-json\/wp\/v2\/media?parent=58421"}],"curies":[{"name":"wp","href":"https:\/\/api.w.org\/{rel}","templated":true}]}}