{"id":53069,"date":"2023-05-11T14:56:57","date_gmt":"2023-05-11T19:56:57","guid":{"rendered":"https:\/\/www.syntorial.com\/?page_id=53069"},"modified":"2025-02-14T10:33:26","modified_gmt":"2025-02-14T10:33:26","slug":"firstsynth","status":"publish","type":"page","link":"https:\/\/www.syntorial.com\/de\/firstsynth\/","title":{"rendered":"Den ersten Synth ausw\u00e4hlen"},"content":{"rendered":"<figure class=\"gb-block-image gb-block-image-15a78f3e\"><img loading=\"lazy\" decoding=\"async\" width=\"1024\" height=\"1024\" class=\"gb-image gb-image-15a78f3e\" src=\"https:\/\/www.syntorial.com\/wp-content\/uploads\/2024\/11\/Man-trapped-in-synths.jpg\" alt=\"\" title=\"Mann gefangen in Synths\" srcset=\"https:\/\/www.syntorial.com\/wp-content\/uploads\/2024\/11\/Man-trapped-in-synths.jpg 1024w, https:\/\/www.syntorial.com\/wp-content\/uploads\/2024\/11\/Man-trapped-in-synths-300x300.jpg 300w, https:\/\/www.syntorial.com\/wp-content\/uploads\/2024\/11\/Man-trapped-in-synths-150x150.jpg 150w, https:\/\/www.syntorial.com\/wp-content\/uploads\/2024\/11\/Man-trapped-in-synths-768x768.jpg 768w\" sizes=\"auto, (max-width: 1024px) 100vw, 1024px\" \/><\/figure>\n\n\n\n<p>Synths gibt es \u00fcberall! Die Auswahl ist einfach riesig!! Wie sollst du da wissen, welcher der richtige f\u00fcr dich ist?!!!<\/p>\n\n\n\n<p>Keine Sorge. Wir bringen Licht ins Dunkel. Obwohl es unendlich viele Funktionen und Unterschiede zwischen Synths gibt, f\u00e4ngst du am besten mit zwei einfachen Fragen an:<\/p>\n\n\n\n<ol class=\"wp-block-list\">\n<li>M\u00f6chte ich einen physischen oder einen virtuellen Synth?<\/li>\n\n\n\n<li>Welche Art von Synthese soll ich nutzen?<\/li>\n<\/ol>\n\n\n\n<p>Im Folgenden gehen wir auf diese beiden Fragen ein und geben dir einige Empfehlungen. Los geht's!<\/p>\n\n\n<div class=\"gb-container gb-container-abdfac25 gbp-section\">\n<div class=\"gb-container gb-container-01f8cc45 gbp-section__inner\">\n<div class=\"gb-container gb-container-2a14624c\">\n\n<h2 class=\"gb-headline gb-headline-5a2fd06e gb-headline-text gbp-section__headline\">Frage 1: Hardware oder Software?<\/h2>\n\n\n\n<p class=\"gb-headline gb-headline-ac28f61c gb-headline-text gbp-section__text\">Du kannst einen echten, physischen&nbsp;&nbsp;<em>Hardware<\/em>&nbsp;-Synth direkt vor dir im dreidimensionalen Raum haben ODER einen virtuellen&nbsp;&nbsp;<em>Software<\/em>&nbsp;-Synth (auch&nbsp;&nbsp;<em>Soft<\/em>&nbsp;synth genannt) auf deinem Computer. Was sind also die Vorteile der jeweiligen Variante?<\/p>\n\n<\/div>\n<\/div>\n\n<div class=\"gb-container gb-container-25673581\">\n<div class=\"gb-grid-wrapper gb-grid-wrapper-36c6f46c\">\n<div class=\"gb-grid-column gb-grid-column-f72831a2\"><div class=\"gb-container gb-container-f72831a2\">\n\n<h3 class=\"gb-headline gb-headline-48262b86 gb-headline-text gbp-section__headline\">Hardware<\/h3>\n\n\n\n<figure class=\"gb-block-image gb-block-image-eac8197f\"><img loading=\"lazy\" decoding=\"async\" width=\"1024\" height=\"853\" class=\"gb-image gb-image-eac8197f\" src=\"https:\/\/www.syntorial.com\/wp-content\/uploads\/2024\/11\/Korg-Minilogue-1024x853.jpeg\" alt=\"\" title=\"Korg Minilogue\" srcset=\"https:\/\/www.syntorial.com\/wp-content\/uploads\/2024\/11\/Korg-Minilogue-1024x853.jpeg 1024w, https:\/\/www.syntorial.com\/wp-content\/uploads\/2024\/11\/Korg-Minilogue-300x250.jpeg 300w, https:\/\/www.syntorial.com\/wp-content\/uploads\/2024\/11\/Korg-Minilogue-768x640.jpeg 768w, https:\/\/www.syntorial.com\/wp-content\/uploads\/2024\/11\/Korg-Minilogue.jpeg 1200w\" sizes=\"auto, (max-width: 1024px) 100vw, 1024px\" \/><\/figure>\n\n\n\n<ul class=\"wp-block-list\">\n<li><strong><mark style=\"background-color:rgba(0, 0, 0, 0)\" class=\"has-inline-color has-base-3-color\">Wann: Du m\u00f6chtest das Ger\u00e4t physisch vor dir haben und\/oder einen analogen Klang<\/mark><\/strong><\/li>\n\n\n\n<li>Die haptische Erfahrung, Regler zu drehen und Schalter umzulegen, wird von manchen als direkterer und angenehmerer Sounddesign-Prozess bevorzugt.<\/li>\n\n\n\n<li>Manche sind \u201eanalog\" und k\u00f6nnen einen tieferen, satteren, w\u00e4rmeren und kraftvolleren Klang erzeugen.<\/li>\n<\/ul>\n\n<\/div><\/div>\n\n<div class=\"gb-grid-column gb-grid-column-fab52cb0\"><div class=\"gb-container gb-container-fab52cb0\">\n\n<h3 class=\"gb-headline gb-headline-d4fc13e2 gb-headline-text gbp-section__headline\">Software<\/h3>\n\n\n\n<figure class=\"gb-block-image gb-block-image-13eb4119\"><img loading=\"lazy\" decoding=\"async\" width=\"902\" height=\"730\" class=\"gb-image gb-image-13eb4119\" src=\"https:\/\/www.syntorial.com\/wp-content\/uploads\/2024\/11\/Serum-Synth-Interface.jpg\" alt=\"\" title=\"Serum Synth Interface\" srcset=\"https:\/\/www.syntorial.com\/wp-content\/uploads\/2024\/11\/Serum-Synth-Interface.jpg 902w, https:\/\/www.syntorial.com\/wp-content\/uploads\/2024\/11\/Serum-Synth-Interface-300x243.jpg 300w, https:\/\/www.syntorial.com\/wp-content\/uploads\/2024\/11\/Serum-Synth-Interface-768x622.jpg 768w\" sizes=\"auto, (max-width: 902px) 100vw, 902px\" \/><\/figure>\n\n\n\n<ul class=\"wp-block-list\">\n<li><strong><mark style=\"background-color:rgba(0, 0, 0, 0)\" class=\"has-inline-color has-base-3-color\">Wann: Du m\u00f6chtest etwas Erschwingliches, das keinen Platz wegnimmt und\/oder umfangreiche Sounddesign-Optionen und -M\u00f6glichkeiten bietet<\/mark><\/strong><\/li>\n\n\n\n<li>W\u00e4hrend manche sehr einfach sind, k\u00f6nnen andere sehr komplex sein und mehr Funktionen bieten als ein typischer Hardware-Synth<\/li>\n\n\n\n<li>Manche haben gro\u00dfartiges animiertes visuelles Feedback, das den Lernprozess unterst\u00fctzt<\/li>\n\n\n\n<li>Nehmen keinen Platz in deinem Studio\/Schlafzimmer\/B\u00fcro weg<\/li>\n\n\n\n<li>Kosten in der Regel deutlich weniger als Hardware (manche sind sogar kostenlos)<\/li>\n<\/ul>\n\n<\/div><\/div>\n<\/div>\n<\/div>\n<\/div>\n\n<div class=\"gb-container gb-container-c00f9fb6 gbp-section\">\n<div class=\"gb-container gb-container-a61cc478 gbp-section__inner\">\n<div class=\"gb-container gb-container-d40e8751\">\n\n<h2 class=\"gb-headline gb-headline-0bfbf9bd gb-headline-text gbp-section__headline\">Frage 2: Welche Art von Synthese?<\/h2>\n\n\n\n<p class=\"gb-headline gb-headline-6fdc9db1 gb-headline-text gbp-section__text\">Es gibt viele Arten von Synthese, aber f\u00fcr deinen ersten Synth solltest du dich entweder f\u00fcr Subtractive oder Wavetable entscheiden. Beide sind sehr verbreitet und folgen derselben Sounddesign-Methodik: W\u00e4hle einen Rohklang als Ausgangspunkt und nutze dann die vielen Regler, um diesen Rohklang in etwas Cooles zu verwandeln.<\/p>\n\n\n\n<p>Wo liegt also der Unterschied? Ganz einfach: Wavetable-Synths k\u00f6nnen alles, was ein Subtractive-Synth kann, und noch mehr. Stell dir Wavetable als Subtractive auf Steroiden vor. Warum solltest du dich dann f\u00fcr Subtractive entscheiden? Schauen wir etwas genauer hin.<\/p>\n\n<\/div>\n<\/div>\n\n<div class=\"gb-container gb-container-36b278c0\">\n<div class=\"gb-grid-wrapper gb-grid-wrapper-d0367c58\">\n<div class=\"gb-grid-column gb-grid-column-fdd95ac3\"><div class=\"gb-container gb-container-fdd95ac3\">\n\n<h3 class=\"gb-headline gb-headline-af9b721c gb-headline-text gbp-section__headline\">Subtractive<\/h3>\n\n\n\n<figure class=\"gb-block-image gb-block-image-e61fd600\"><img loading=\"lazy\" decoding=\"async\" width=\"1592\" height=\"1166\" class=\"gb-image gb-image-e61fd600\" src=\"https:\/\/www.syntorial.com\/wp-content\/uploads\/2024\/11\/Primer-Free-Synthesizer-Interface.png\" alt=\"\" title=\"Primer Free Synthesizer Interface\" srcset=\"https:\/\/www.syntorial.com\/wp-content\/uploads\/2024\/11\/Primer-Free-Synthesizer-Interface.png 1592w, https:\/\/www.syntorial.com\/wp-content\/uploads\/2024\/11\/Primer-Free-Synthesizer-Interface-300x220.png 300w, https:\/\/www.syntorial.com\/wp-content\/uploads\/2024\/11\/Primer-Free-Synthesizer-Interface-1024x750.png 1024w, https:\/\/www.syntorial.com\/wp-content\/uploads\/2024\/11\/Primer-Free-Synthesizer-Interface-768x562.png 768w, https:\/\/www.syntorial.com\/wp-content\/uploads\/2024\/11\/Primer-Free-Synthesizer-Interface-1536x1125.png 1536w\" sizes=\"auto, (max-width: 1592px) 100vw, 1592px\" \/><\/figure>\n\n\n\n<ul class=\"wp-block-list\">\n<li><strong><mark style=\"background-color:rgba(0, 0, 0, 0)\" class=\"has-inline-color has-base-3-color\">Wann: Du m\u00f6chtest Einfachheit und\/oder analog.<\/mark><\/strong><\/li>\n\n\n\n<li>Die relative Einfachheit macht das Lernen leichter.<\/li>\n\n\n\n<li>Wenn du dich f\u00fcr einen&nbsp;&nbsp;<em>analogen<\/em>&nbsp;&nbsp;Hardware-Synth entscheidest, musst du Subtractive w\u00e4hlen, da Wavetable-Synthese ein&nbsp;&nbsp;<em>digitaler<\/em>&nbsp;&nbsp;Prozess ist.<\/li>\n<\/ul>\n\n<\/div><\/div>\n\n<div class=\"gb-grid-column gb-grid-column-8ac28a34\"><div class=\"gb-container gb-container-8ac28a34\">\n\n<h3 class=\"gb-headline gb-headline-1b0e8688 gb-headline-text gbp-section__headline\">Wavetable<\/h3>\n\n\n\n<figure class=\"gb-block-image gb-block-image-e0990490\"><img loading=\"lazy\" decoding=\"async\" width=\"1592\" height=\"1166\" class=\"gb-image gb-image-e0990490\" src=\"https:\/\/www.syntorial.com\/wp-content\/uploads\/2024\/11\/Vital-synth-screenshot.png\" alt=\"\" title=\"Vital synth screenshot\" srcset=\"https:\/\/www.syntorial.com\/wp-content\/uploads\/2024\/11\/Vital-synth-screenshot.png 1592w, https:\/\/www.syntorial.com\/wp-content\/uploads\/2024\/11\/Vital-synth-screenshot-300x220.png 300w, https:\/\/www.syntorial.com\/wp-content\/uploads\/2024\/11\/Vital-synth-screenshot-1024x750.png 1024w, https:\/\/www.syntorial.com\/wp-content\/uploads\/2024\/11\/Vital-synth-screenshot-768x562.png 768w, https:\/\/www.syntorial.com\/wp-content\/uploads\/2024\/11\/Vital-synth-screenshot-1536x1125.png 1536w\" sizes=\"auto, (max-width: 1592px) 100vw, 1592px\" \/><\/figure>\n\n\n\n<ul class=\"wp-block-list\">\n<li><strong><mark style=\"background-color:rgba(0, 0, 0, 0)\" class=\"has-inline-color has-base-3-color\">Wann: Du m\u00f6chtest die volle Bandbreite an Sounddesign-M\u00f6glichkeiten mit viel Raum zum Wachsen.<\/mark><\/strong><\/li>\n\n\n\n<li>Deutlich mehr klangliche Optionen und Komplexit\u00e4t, einschlie\u00dflich Gruppen von Wellenformen, die als&nbsp;&nbsp;<em>Wavetables<\/em>&nbsp;&nbsp;bekannt sind und ineinander \u00fcbergehen k\u00f6nnen.<\/li>\n<\/ul>\n\n<\/div><\/div>\n<\/div>\n<\/div>\n<\/div>\n\n\n<h2 class=\"wp-block-heading\">Immer noch unsicher?<\/h2>\n\n\n\n<p>Wenn du dir die Fragen 1 und 2 oben angeschaut hast und dich nicht entscheiden kannst, fang mit einem Subtractive-Software-Synth an. Sie sind einfach und daher leichter zu lernen, und du musst nicht gleich viel Geld ausgeben. Mit der Zeit bekommst du dann ein Gef\u00fchl daf\u00fcr, was du m\u00f6chtest, und kannst dein Geld genau in das investieren, was du brauchst oder willst.&nbsp;<\/p>\n\n\n\n<h2 class=\"wp-block-heading\">Empfehlungen<\/h2>\n\n\n\n<p>Die Beantwortung der obigen Fragen grenzt deine Auswahl ein. Und doch hast du in unserer modernen Welt mit Millionen von Synths immer noch viele zur Auswahl. Hier sind also unsere offiziellen Empfehlungen:<\/p>\n\n\n\n<h3 class=\"wp-block-heading\">Software + Subtractive<\/h3>\n\n\n\n<h4 class=\"gb-headline gb-headline-bf45d3b6 gb-headline-text\">1. <a href=\"\/de\/primer\/\" target=\"_blank\" rel=\"noreferrer noopener\">Primer<\/a><\/h4>\n\n\n<div class=\"gb-container gb-container-59a69ed6\">\n<div class=\"gb-container gb-container-d327648b\">\n<div class=\"wp-block-image\">\n<figure class=\"alignleft size-medium is-resized\"><img loading=\"lazy\" decoding=\"async\" width=\"300\" height=\"220\" src=\"https:\/\/www.syntorial.com\/wp-content\/uploads\/2024\/11\/Primer-Free-Synthesizer-Interface-300x220.png\" alt=\"\" class=\"wp-image-55585\" style=\"width:300px;height:auto\" srcset=\"https:\/\/www.syntorial.com\/wp-content\/uploads\/2024\/11\/Primer-Free-Synthesizer-Interface-300x220.png 300w, https:\/\/www.syntorial.com\/wp-content\/uploads\/2024\/11\/Primer-Free-Synthesizer-Interface-1024x750.png 1024w, https:\/\/www.syntorial.com\/wp-content\/uploads\/2024\/11\/Primer-Free-Synthesizer-Interface-768x562.png 768w, https:\/\/www.syntorial.com\/wp-content\/uploads\/2024\/11\/Primer-Free-Synthesizer-Interface-1536x1125.png 1536w, https:\/\/www.syntorial.com\/wp-content\/uploads\/2024\/11\/Primer-Free-Synthesizer-Interface.png 1592w\" sizes=\"auto, (max-width: 300px) 100vw, 300px\" \/><\/figure>\n<\/div>\n<\/div>\n\n<div class=\"gb-container gb-container-72c15eb6\">\n\n<ul class=\"wp-block-list\">\n<li>Kostenlos!!<\/li>\n\n\n\n<li>Ein gro\u00dfartiger Einsteiger-Synth, entwickelt f\u00fcr den preisgekr\u00f6nten Synthesizer-Trainingskurs&nbsp;&nbsp;<a href=\"https:\/\/www.syntorial.com\/de\/\" target=\"_blank\" rel=\"noreferrer noopener\">Syntorial<\/a><\/li>\n\n\n\n<li>Verf\u00fcgt \u00fcber die wesentlichen Synth-Regler, die du in den meisten Synths findest, sodass der Umstieg auf etwas Fortgeschritteneres leichtf\u00e4llt, wenn du bereit bist.<\/li>\n\n\n\n<li><strong>Transparenzhinweis<\/strong>: Wir haben Primer und Syntorial entwickelt, sind also vielleicht etwas voreingenommen \ud83d\ude05 (obwohl es wirklich ein toller Synth ist). Daher schlagen wir auch einen Synth vor, den wir nicht entwickelt haben \u2026<\/li>\n<\/ul>\n\n<\/div>\n<\/div>\n\n\n<h4 class=\"gb-headline gb-headline-f861cd15 gb-headline-text\">2. <a href=\"https:\/\/tal-software.com\/products\/tal-noisemaker\" target=\"_blank\" rel=\"noreferrer noopener\">TAL-NoiseMaker<\/a><\/h4>\n\n\n<div class=\"gb-container gb-container-040a348c\">\n<div class=\"gb-container gb-container-0d681be4\">\n<div class=\"wp-block-image\">\n<figure class=\"alignleft size-medium is-resized\"><img loading=\"lazy\" decoding=\"async\" width=\"300\" height=\"164\" src=\"https:\/\/www.syntorial.com\/wp-content\/uploads\/2024\/11\/tal-noisemaker-interface-300x164.jpg\" alt=\"\" class=\"wp-image-55588\" style=\"width:300px;height:auto\" srcset=\"https:\/\/www.syntorial.com\/wp-content\/uploads\/2024\/11\/tal-noisemaker-interface-300x164.jpg 300w, https:\/\/www.syntorial.com\/wp-content\/uploads\/2024\/11\/tal-noisemaker-interface-1024x560.jpg 1024w, https:\/\/www.syntorial.com\/wp-content\/uploads\/2024\/11\/tal-noisemaker-interface-768x420.jpg 768w, https:\/\/www.syntorial.com\/wp-content\/uploads\/2024\/11\/tal-noisemaker-interface-1536x840.jpg 1536w, https:\/\/www.syntorial.com\/wp-content\/uploads\/2024\/11\/tal-noisemaker-interface.jpg 1752w\" sizes=\"auto, (max-width: 300px) 100vw, 300px\" \/><\/figure>\n<\/div>\n<\/div>\n\n<div class=\"gb-container gb-container-708f536a\">\n\n<ul class=\"wp-block-list\">\n<li>Ein toller Synth mit einem soliden Set an grundlegenden Reglern.<\/li>\n\n\n\n<li>Ebenfalls kostenlos!<\/li>\n<\/ul>\n\n<\/div>\n<\/div>\n\n\n<h3 class=\"wp-block-heading\">Software + Wavetable<\/h3>\n\n\n\n<h4 class=\"gb-headline gb-headline-39a05644 gb-headline-text\"><a href=\"https:\/\/xferrecords.com\/products\/serum\" target=\"_blank\" rel=\"noreferrer noopener\">Serum<\/a><\/h4>\n\n\n<div class=\"gb-container gb-container-d54acd4a\">\n<div class=\"gb-container gb-container-d1854ed0\">\n<div class=\"wp-block-image\">\n<figure class=\"alignleft size-medium is-resized\"><img loading=\"lazy\" decoding=\"async\" width=\"300\" height=\"243\" src=\"http:\/\/www.syntorial.com\/wp-content\/uploads\/2024\/11\/Serum-Synth-Interface-300x243.jpg\" alt=\"\" class=\"wp-image-55456\" style=\"width:300px;height:auto\" srcset=\"https:\/\/www.syntorial.com\/wp-content\/uploads\/2024\/11\/Serum-Synth-Interface-300x243.jpg 300w, https:\/\/www.syntorial.com\/wp-content\/uploads\/2024\/11\/Serum-Synth-Interface-768x622.jpg 768w, https:\/\/www.syntorial.com\/wp-content\/uploads\/2024\/11\/Serum-Synth-Interface.jpg 902w\" sizes=\"auto, (max-width: 300px) 100vw, 300px\" \/><\/figure>\n<\/div>\n<\/div>\n\n<div class=\"gb-container gb-container-20be9ae0\">\n\n<ul class=\"wp-block-list\">\n<li>Ein absoluter Favorit f\u00fcr Wavetable-Enthusiasten.<\/li>\n\n\n\n<li>Bietet umfangreiche M\u00f6glichkeiten und zahlreiche Funktionen, f\u00fchlt sich aber trotzdem (relativ) benutzerfreundlich an und wirkt nicht \u00fcberw\u00e4ltigend.<\/li>\n\n\n\n<li>Syntorial enth\u00e4lt ein ersch\u00f6pfend detailliertes&nbsp;&nbsp;<a href=\"https:\/\/www.syntorial.com\/de\/lesson-packs\/\" target=\"_blank\" rel=\"noreferrer noopener\">Lesson Pack<\/a>&nbsp;, das jeden Winkel von Serum abdeckt.<\/li>\n\n\n\n<li>Allerdings schleicht sich hinter diesem langj\u00e4hrigen K\u00f6nig der Wavetables heran \u2026<\/li>\n<\/ul>\n\n<\/div>\n<\/div>\n\n\n<h4 class=\"gb-headline gb-headline-ccf8f11c gb-headline-text\"><a href=\"https:\/\/vital.audio\/\" target=\"_blank\" rel=\"noreferrer noopener\">Vital<\/a><\/h4>\n\n\n<div class=\"gb-container gb-container-da3474b2\">\n<div class=\"gb-container gb-container-80730f70\">\n<div class=\"wp-block-image\">\n<figure class=\"alignleft size-medium is-resized\"><img loading=\"lazy\" decoding=\"async\" width=\"300\" height=\"176\" src=\"http:\/\/www.syntorial.com\/wp-content\/uploads\/2024\/11\/vital_screenshot-300x176.jpg\" alt=\"\" class=\"wp-image-55590\" style=\"width:300px;height:auto\" srcset=\"https:\/\/www.syntorial.com\/wp-content\/uploads\/2024\/11\/vital_screenshot-300x176.jpg 300w, https:\/\/www.syntorial.com\/wp-content\/uploads\/2024\/11\/vital_screenshot-1024x599.jpg 1024w, https:\/\/www.syntorial.com\/wp-content\/uploads\/2024\/11\/vital_screenshot-768x450.jpg 768w, https:\/\/www.syntorial.com\/wp-content\/uploads\/2024\/11\/vital_screenshot-1536x899.jpg 1536w, https:\/\/www.syntorial.com\/wp-content\/uploads\/2024\/11\/vital_screenshot.jpg 1845w\" sizes=\"auto, (max-width: 300px) 100vw, 300px\" \/><\/figure>\n<\/div>\n<\/div>\n\n<div class=\"gb-container gb-container-0d1a62ab\">\n\n<ul class=\"wp-block-list\">\n<li>Ebenso leistungsf\u00e4hig wie Serum, aber mit mehreren Preisstufen, darunter eine KOSTENLOSE Version.<\/li>\n\n\n\n<li>Wundersch\u00f6ne Oberfl\u00e4che mit animiertem visuellem Feedback.<\/li>\n<\/ul>\n\n<\/div>\n<\/div>\n\n\n<h3 class=\"wp-block-heading\">Hardware + Subtractive<\/h3>\n\n\n\n<h4 class=\"gb-headline gb-headline-cfd5543a gb-headline-text\"><a href=\"https:\/\/www.korg.com\/us\/products\/synthesizers\/minilogue_xd\/\" target=\"_blank\" rel=\"noreferrer noopener\">Korg Minilogue xD<\/a><\/h4>\n\n\n<div class=\"gb-container gb-container-2a211135\">\n<div class=\"gb-container gb-container-b9436c92\">\n<div class=\"wp-block-image\">\n<figure class=\"alignleft size-medium is-resized\"><img loading=\"lazy\" decoding=\"async\" width=\"300\" height=\"250\" src=\"http:\/\/www.syntorial.com\/wp-content\/uploads\/2024\/11\/Korg-Minilogue-300x250.jpeg\" alt=\"\" class=\"wp-image-55454\" style=\"width:300px;height:auto\" srcset=\"https:\/\/www.syntorial.com\/wp-content\/uploads\/2024\/11\/Korg-Minilogue-300x250.jpeg 300w, https:\/\/www.syntorial.com\/wp-content\/uploads\/2024\/11\/Korg-Minilogue-1024x853.jpeg 1024w, https:\/\/www.syntorial.com\/wp-content\/uploads\/2024\/11\/Korg-Minilogue-768x640.jpeg 768w, https:\/\/www.syntorial.com\/wp-content\/uploads\/2024\/11\/Korg-Minilogue.jpeg 1200w\" sizes=\"auto, (max-width: 300px) 100vw, 300px\" \/><\/figure>\n<\/div>\n<\/div>\n\n<div class=\"gb-container gb-container-3aa2d32d\">\n\n<ul class=\"wp-block-list\">\n<li>Echter Analogsound mit wundersch\u00f6nem Klang<\/li>\n\n\n\n<li>Polyphon (kann mehrere Noten gleichzeitig spielen) und dennoch relativ erschwinglich (polyphon-analoge Synths sind normalerweise teuer)<\/li>\n\n\n\n<li>Obwohl er prim\u00e4r ein subtraktiver Synth ist, kann der dritte Oszillator f\u00fcr Wavetable- oder FM-Synthese konfiguriert werden und l\u00e4sst sich um noch mehr Optionen erweitern. Es gibt also Raum zum Wachsen.<\/li>\n<\/ul>\n\n<\/div>\n<\/div>\n\n\n<h3 class=\"wp-block-heading\">Hardware + Wavetable<\/h3>\n\n\n\n<h4 class=\"gb-headline gb-headline-da6502ad gb-headline-text\"><a href=\"https:\/\/www.korg.com\/us\/products\/synthesizers\/modwave\/\" target=\"_blank\" rel=\"noreferrer noopener\">Korg Modwave<\/a><\/h4>\n\n\n<div class=\"gb-container gb-container-ec826438\">\n<div class=\"gb-container gb-container-b10ff4f0\">\n<div class=\"wp-block-image\">\n<figure class=\"alignleft size-medium is-resized\"><img loading=\"lazy\" decoding=\"async\" width=\"300\" height=\"250\" src=\"http:\/\/www.syntorial.com\/wp-content\/uploads\/2024\/11\/korg-modwave-300x250.jpeg\" alt=\"\" class=\"wp-image-55591\" style=\"width:300px;height:auto\" srcset=\"https:\/\/www.syntorial.com\/wp-content\/uploads\/2024\/11\/korg-modwave-300x250.jpeg 300w, https:\/\/www.syntorial.com\/wp-content\/uploads\/2024\/11\/korg-modwave-1024x853.jpeg 1024w, https:\/\/www.syntorial.com\/wp-content\/uploads\/2024\/11\/korg-modwave-768x640.jpeg 768w, https:\/\/www.syntorial.com\/wp-content\/uploads\/2024\/11\/korg-modwave.jpeg 1200w\" sizes=\"auto, (max-width: 300px) 100vw, 300px\" \/><\/figure>\n<\/div>\n<\/div>\n\n<div class=\"gb-container gb-container-1a866822\">\n\n<ul class=\"wp-block-list\">\n<li>Jede Menge Wavetable-Komplexit\u00e4t, aber trotzdem benutzerfreundlich.<\/li>\n\n\n\n<li>Eine der wenigen Kritikpunkte ist, dass sich die Tastatur billig anf\u00fchlt. Probiere ihn also aus, wenn du kannst, und falls dir das Spielgef\u00fchl nicht zusagt \u2026<\/li>\n<\/ul>\n\n<\/div>\n<\/div>\n\n\n<h4 class=\"gb-headline gb-headline-572afb7a gb-headline-text\"><a href=\"https:\/\/www.ashunsoundmachines.com\/hydrasynth-key\" target=\"_blank\" rel=\"noopener\">Hydrasynth<\/a><\/h4>\n\n\n<div class=\"gb-container gb-container-977b80a3\">\n<div class=\"gb-container gb-container-9d5f4e68\">\n<div class=\"wp-block-image\">\n<figure class=\"alignleft size-medium is-resized\"><img loading=\"lazy\" decoding=\"async\" width=\"300\" height=\"169\" src=\"https:\/\/www.syntorial.com\/wp-content\/uploads\/2024\/11\/Hydrasynth-300x169.jpeg\" alt=\"\" class=\"wp-image-55592\" style=\"width:300px;height:auto\" srcset=\"https:\/\/www.syntorial.com\/wp-content\/uploads\/2024\/11\/Hydrasynth-300x169.jpeg 300w, https:\/\/www.syntorial.com\/wp-content\/uploads\/2024\/11\/Hydrasynth-1024x576.jpeg 1024w, https:\/\/www.syntorial.com\/wp-content\/uploads\/2024\/11\/Hydrasynth-768x432.jpeg 768w, https:\/\/www.syntorial.com\/wp-content\/uploads\/2024\/11\/Hydrasynth-1536x864.jpeg 1536w, https:\/\/www.syntorial.com\/wp-content\/uploads\/2024\/11\/Hydrasynth.jpeg 1920w\" sizes=\"auto, (max-width: 300px) 100vw, 300px\" \/><\/figure>\n<\/div>\n<\/div>\n\n<div class=\"gb-container gb-container-fc42ef7e\">\n\n<ul class=\"wp-block-list\">\n<li>Tiefgreifende klangliche M\u00f6glichkeiten, in denen man sich genussvoll verlieren kann.<\/li>\n\n\n\n<li>Mehrere Modelle in unterschiedlichen Preisklassen.<\/li>\n\n\n\n<li>Eine betr\u00e4chtliche Anzahl von Funktionen erfordert Men\u00fc-Navigation, was das Lernen etwas erschweren kann, obwohl die Men\u00fcstruktur intuitiver ist als bei anderen.<\/li>\n<\/ul>\n\n<\/div>\n<\/div>\n\n\n<h2 class=\"wp-block-heading\">Fazit<\/h2>\n\n\n\n<p>Dieser Artikel sollte pr\u00e4gnant sein. Trotzdem f\u00fchlt sich dein Kopf jetzt vielleicht etwas vollgestopft mit Infos an. Lass uns das Ganze mit einer stark vereinfachten Zusammenfassung in zwei S\u00e4tzen aufr\u00e4umen:<\/p>\n\n\n\n<ul class=\"wp-block-list\">\n<li>Wenn du einen physischen Synth anfassen m\u00f6chtest und das Budget daf\u00fcr hast, nimm Hardware. Andernfalls nimm Software.<\/li>\n\n\n\n<li>Wenn du es einfach halten m\u00f6chtest, nimm Subtractive. Wenn du etwas Komplexit\u00e4t mit Raum zum Wachsen m\u00f6chtest, nimm Wavetable.<\/li>\n<\/ul>\n\n\n\n<p>Und nat\u00fcrlich vor allem: Hab Spa\u00df dabei!<\/p>","protected":false},"excerpt":{"rendered":"<p>Synths are everywhere! There are too many to choose from!! How could you possibly know which one is right for you?!!! Have no fear. We\u2019re here to break it down for you. While there are infinite features and differences between synths, it\u2019s best to start with two simple questions: Below &#8230; <a title=\"Den ersten Synth ausw\u00e4hlen\" class=\"read-more\" href=\"https:\/\/www.syntorial.com\/de\/firstsynth\/\" aria-label=\"Mehr Informationen \u00fcber Choosing Your First Synth\">Weiterlesen &#8230;<\/a><\/p>","protected":false},"author":1,"featured_media":55452,"parent":0,"menu_order":0,"comment_status":"closed","ping_status":"closed","template":"","meta":{"_acf_changed":false,"_editorskit_title_hidden":false,"_editorskit_reading_time":0,"_editorskit_is_block_options_detached":false,"_editorskit_block_options_position":"{}","footnotes":""},"class_list":["post-53069","page","type-page","status-publish","has-post-thumbnail"],"acf":[],"_links":{"self":[{"href":"https:\/\/www.syntorial.com\/de\/wp-json\/wp\/v2\/pages\/53069","targetHints":{"allow":["GET"]}}],"collection":[{"href":"https:\/\/www.syntorial.com\/de\/wp-json\/wp\/v2\/pages"}],"about":[{"href":"https:\/\/www.syntorial.com\/de\/wp-json\/wp\/v2\/types\/page"}],"author":[{"embeddable":true,"href":"https:\/\/www.syntorial.com\/de\/wp-json\/wp\/v2\/users\/1"}],"replies":[{"embeddable":true,"href":"https:\/\/www.syntorial.com\/de\/wp-json\/wp\/v2\/comments?post=53069"}],"version-history":[{"count":13,"href":"https:\/\/www.syntorial.com\/de\/wp-json\/wp\/v2\/pages\/53069\/revisions"}],"predecessor-version":[{"id":56886,"href":"https:\/\/www.syntorial.com\/de\/wp-json\/wp\/v2\/pages\/53069\/revisions\/56886"}],"wp:featuredmedia":[{"embeddable":true,"href":"https:\/\/www.syntorial.com\/de\/wp-json\/wp\/v2\/media\/55452"}],"wp:attachment":[{"href":"https:\/\/www.syntorial.com\/de\/wp-json\/wp\/v2\/media?parent=53069"}],"curies":[{"name":"wp","href":"https:\/\/api.w.org\/{rel}","templated":true}]}}