{"id":1350,"date":"2015-11-29T10:49:20","date_gmt":"2015-11-29T15:49:20","guid":{"rendered":"https:\/\/www.syntorial.com\/\/?page_id=1350"},"modified":"2026-01-05T10:57:31","modified_gmt":"2026-01-05T10:57:31","slug":"lesson-packs","status":"publish","type":"page","link":"https:\/\/www.syntorial.com\/de\/lesson-packs\/","title":{"rendered":"Syntorial Lektionenpakete"},"content":{"rendered":"<p>Erweitere die Grundlagen-Lektionen von Syntorial mit diesen Add-on-Lektionenpaketen. Von Audible Genius entwickelte Pakete sind f\u00fcr alle registrierten Nutzer KOSTENLOS. Probiere die kostenlose\u00a0<a href=\"https:\/\/www.syntorial.com\/de\/try-for-free\/\">Syntorial\u2011Demo<\/a>, die eine Auswahl an Videos aus jedem Paket enth\u00e4lt. Derzeit nur auf Englisch verf\u00fcgbar.<\/p>\n\n\n\n<p>Nicht jeder Synth hat ein eigenes Lektionenpaket.<br>In diesen F\u00e4llen hilft dir das <a href=\"https:\/\/www.syntorial.com\/de\/syntorial-to-synth-parameter-mapping\/\">Syntorial-to-Synth Parameter Mapping<\/a> \u2013 eine gemeinschaftlich erstellte Referenz, die dir hilft, Syntorial\u2011Konzepte auf viele andere Instrumente zu \u00fcbertragen \u2013 perfekt f\u00fcr die <em>Own Your Own<\/em> \u2011Abschnitte und dar\u00fcber hinaus.<\/p>\n\n\n<div class=\"gb-container gb-container-d9c3ec7d gb-tabs\" role=\"tablist\" data-opened-tab=\"1\">\n<div class=\"gb-container gb-container-c9f0af38 gb-tabs__buttons\" role=\"list\">\n\n<button class=\"gb-button gb-button-dcf223bf gb-button-text gb-tabs__button gb-block-is-current\" id=\"gb-tab-button-dcf223bf\" role=\"tab\">Serum<\/button>\n\n\n\n<button class=\"gb-button gb-button-a28a7ea8 gb-button-text gb-tabs__button\" id=\"gb-tab-button-a28a7ea8\" role=\"tab\">Sylenth1<\/button>\n\n\n\n<button class=\"gb-button gb-button-b99788a5 gb-button-text gb-tabs__button\" id=\"gb-tab-button-b99788a5\" role=\"tab\">Massive<\/button>\n\n\n\n<button class=\"gb-button gb-button-201f6a61 gb-button-text gb-tabs__button\" id=\"gb-tab-button-201f6a61\" role=\"tab\">Minimoog Voyager<\/button>\n\n\n\n<button class=\"gb-button gb-button-2610520d gb-button-text gb-tabs__button\" id=\"gb-tab-button-2610520d\" role=\"tab\">Z3TA+ 2<\/button>\n\n<\/div>\n\n<div class=\"gb-container gb-container-b38ab18c gb-tabs__items\">\n<div class=\"gb-container gb-container-90460092 gb-tabs__item gb-tabs__item-open\" id=\"gb-tab-item-90460092\" role=\"tabpanel\">\n\n<h2 class=\"wp-block-heading\">Serum Lesson Pack<\/h2>\n\n\n\n<p>Serum ist ein wirklich innovativer Wavetable\u2011Synth. Dank der umfangreichen Wavetable\u2011Bearbeitung und des intuitiven visuellen Feedbacks ist Serum sowohl leicht zu erlernen als auch m\u00e4chtig in der Anwendung. Das Syntorial Serum Lektionenpaket bietet 55 Videos mit insgesamt 9 Stunden und 22 Minuten. \u00dcbertrage alles, was du in Syntorial lernst, auf Serum und lerne alle zus\u00e4tzlichen Features kennen, die Serum zu bieten hat. <\/p>\n\n\n<div class=\"gb-container gb-container-99a7c438\">\n\n<figure class=\"wp-block-embed aligncenter is-type-video is-provider-youtube wp-block-embed-youtube wp-embed-aspect-16-9 wp-has-aspect-ratio\"><div class=\"wp-block-embed__wrapper\">\n<iframe loading=\"lazy\" title=\"Beherrsche Xfer Records Serum mit Syntorial\" width=\"1200\" height=\"675\" src=\"https:\/\/www.youtube.com\/embed\/VXSCs3m2KLM?feature=oembed\" frameborder=\"0\" allow=\"accelerometer; autoplay; clipboard-write; encrypted-media; gyroscope; picture-in-picture; web-share\" referrerpolicy=\"strict-origin-when-cross-origin\" allowfullscreen><\/iframe>\n<\/div><\/figure>\n\n<\/div>\n\n\n<p>Here\u2019s an excerpt:<\/p>\n\n\n<div class=\"gb-container gb-container-ef16b36c\">\n\n<figure class=\"wp-block-embed aligncenter is-type-video is-provider-youtube wp-block-embed-youtube wp-embed-aspect-4-3 wp-has-aspect-ratio\"><div class=\"wp-block-embed__wrapper\">\n<iframe loading=\"lazy\" title=\"Wie du \u201eSerum&quot; in Serum importierst, damit Serum \u201eSerum&quot; sagt\" width=\"1200\" height=\"900\" src=\"https:\/\/www.youtube.com\/embed\/XPtTJsUTH6Y?feature=oembed\" frameborder=\"0\" allow=\"accelerometer; autoplay; clipboard-write; encrypted-media; gyroscope; picture-in-picture; web-share\" referrerpolicy=\"strict-origin-when-cross-origin\" allowfullscreen><\/iframe>\n<\/div><\/figure>\n\n\n\n<p>Mehr erfahren: <a href=\"https:\/\/www.syntorial.com\/de\/serum-synthesizer-sound-design-course\/\">Serum Synthesizer\u2011Kurs<\/a><\/p>\n\n<\/div>\n<\/div>\n\n<div class=\"gb-container gb-container-43f05f7a gb-tabs__item\" id=\"gb-tab-item-43f05f7a\" role=\"tabpanel\">\n\n<h2 class=\"wp-block-heading\">Sylenth1 Lektionenpaket<\/h2>\n\n\n\n<p>Ein unverzichtbarer Software\u2011Synth mit tiefem analogem Klang \u2013 Sylenth1 ist f\u00fcr viele nach wie vor die erste Wahl. Das Syntorial Sylenth1 Lektionenpaket bietet 38 Videos mit insgesamt 2 Stunden und 47 Minuten. \u00dcbertrage alles, was du in Syntorial lernst, auf Sylenth1 und lerne alle zus\u00e4tzlichen Features kennen, die Sylenth1 zu bieten hat. <\/p>\n\n\n<div class=\"gb-container gb-container-011ddcb0\">\n\n<figure class=\"wp-block-embed aligncenter is-type-video is-provider-youtube wp-block-embed-youtube wp-embed-aspect-4-3 wp-has-aspect-ratio\"><div class=\"wp-block-embed__wrapper\">\n<iframe loading=\"lazy\" title=\"Beherrsche Sylenth1 mit Syntorial\" width=\"1200\" height=\"900\" src=\"https:\/\/www.youtube.com\/embed\/trQBIRG5Aso?feature=oembed\" frameborder=\"0\" allow=\"accelerometer; autoplay; clipboard-write; encrypted-media; gyroscope; picture-in-picture; web-share\" referrerpolicy=\"strict-origin-when-cross-origin\" allowfullscreen><\/iframe>\n<\/div><\/figure>\n\n<\/div>\n\n\n<p>Here&#8217;s an excerpt:<\/p>\n\n\n<div class=\"gb-container gb-container-39320628\">\n\n<figure class=\"wp-block-embed aligncenter is-type-video is-provider-youtube wp-block-embed-youtube wp-embed-aspect-4-3 wp-has-aspect-ratio\"><div class=\"wp-block-embed__wrapper\">\n<iframe loading=\"lazy\" title=\"Layering von Synth\u2011Patches mit Sylenth1 \u2013 Synth\u2011Tutorial\" width=\"1200\" height=\"900\" src=\"https:\/\/www.youtube.com\/embed\/wl15DeyIv_U?feature=oembed\" frameborder=\"0\" allow=\"accelerometer; autoplay; clipboard-write; encrypted-media; gyroscope; picture-in-picture; web-share\" referrerpolicy=\"strict-origin-when-cross-origin\" allowfullscreen><\/iframe>\n<\/div><\/figure>\n\n\n\n<p>Mehr erfahren: <a href=\"https:\/\/www.syntorial.com\/de\/sylenth1-synthesizer-sound-design-course\/\">Sylenth1 Synthesizer\u2011Kurs<\/a><\/p>\n\n<\/div>\n<\/div>\n\n<div class=\"gb-container gb-container-8f9ca842 gb-tabs__item\" id=\"gb-tab-item-8f9ca842\" role=\"tabpanel\">\n\n<h2 class=\"wp-block-heading\">Massive\u2011Lektionenpaket<\/h2>\n\n\n\n<p>Massive ist ein unglaublich kraftvoller und vielseitiger Software\u2011Synth mit einer gro\u00dfen Auswahl an Wavetables und Modulationsm\u00f6glichkeiten, die eine endlose Klangvielfalt erm\u00f6glichen. Das Syntorial Massive Lektionenpaket bietet 41 Videos mit insgesamt 4 Stunden und 44 Minuten. \u00dcbertrage alles, was du in Syntorial lernst, auf Massive und lerne alle zus\u00e4tzlichen Features kennen, die Massive zu bieten hat. <\/p>\n\n\n<div class=\"gb-container gb-container-ca09b468\">\n\n<figure class=\"wp-block-embed aligncenter is-type-video is-provider-youtube wp-block-embed-youtube wp-embed-aspect-16-9 wp-has-aspect-ratio\"><div class=\"wp-block-embed__wrapper\">\n<iframe loading=\"lazy\" title=\"Beherrsche Native Instruments Massive mit Syntorial\" width=\"1200\" height=\"675\" src=\"https:\/\/www.youtube.com\/embed\/4iefy6ZHWko?feature=oembed\" frameborder=\"0\" allow=\"accelerometer; autoplay; clipboard-write; encrypted-media; gyroscope; picture-in-picture; web-share\" referrerpolicy=\"strict-origin-when-cross-origin\" allowfullscreen><\/iframe>\n<\/div><\/figure>\n\n<\/div>\n\n\n<p>Here&#8217;s an excerpt:<\/p>\n\n\n<div class=\"gb-container gb-container-c2493081\">\n\n<figure class=\"wp-block-embed aligncenter is-type-video is-provider-youtube wp-block-embed-youtube wp-embed-aspect-4-3 wp-has-aspect-ratio\"><div class=\"wp-block-embed__wrapper\">\n<iframe loading=\"lazy\" title=\"Massive Wavetables \u2013 Synth-Tutorial\" width=\"1200\" height=\"900\" src=\"https:\/\/www.youtube.com\/embed\/hdE8sVm-HZY?feature=oembed\" frameborder=\"0\" allow=\"accelerometer; autoplay; clipboard-write; encrypted-media; gyroscope; picture-in-picture; web-share\" referrerpolicy=\"strict-origin-when-cross-origin\" allowfullscreen><\/iframe>\n<\/div><\/figure>\n\n\n\n<p>Mehr erfahren: <a href=\"https:\/\/www.syntorial.com\/de\/massive-synthesizer-sound-design-course\/\">Massive Synthesizer\u2011Kurs<\/a><\/p>\n\n<\/div>\n<\/div>\n\n<div class=\"gb-container gb-container-9f35112c gb-tabs__item\" id=\"gb-tab-item-9f35112c\" role=\"tabpanel\">\n\n<h2 class=\"wp-block-heading\">Minimoog Voyager Lektionenpaket<\/h2>\n\n\n\n<p>Das Syntorial Minimoog Voyager Lektionenpaket bietet 34 Videos mit insgesamt 2 Stunden und 22 Minuten. Jedes Video zeigt, wie du alles, was du in Syntorial gelernt hast, auf dem Voyager anwendest. Lerne deinen Voyager von Grund auf kennen und entdecke den wahren Wert dieses klassischen analogen Hardware\u2011Synths. <\/p>\n\n\n<div class=\"gb-container gb-container-082c6a3c\">\n\n<figure class=\"wp-block-embed aligncenter is-type-video is-provider-youtube wp-block-embed-youtube wp-embed-aspect-4-3 wp-has-aspect-ratio\"><div class=\"wp-block-embed__wrapper\">\n<iframe loading=\"lazy\" title=\"Beherrsche den Minimoog Voyager mit Syntorial\" width=\"1200\" height=\"900\" src=\"https:\/\/www.youtube.com\/embed\/4K6joEVgFWE?feature=oembed\" frameborder=\"0\" allow=\"accelerometer; autoplay; clipboard-write; encrypted-media; gyroscope; picture-in-picture; web-share\" referrerpolicy=\"strict-origin-when-cross-origin\" allowfullscreen><\/iframe>\n<\/div><\/figure>\n\n<\/div>\n\n\n<p>Here&#8217;s an excerpt:<\/p>\n\n\n<div class=\"gb-container gb-container-6540ba62\">\n\n<figure class=\"wp-block-embed aligncenter is-type-video is-provider-youtube wp-block-embed-youtube wp-embed-aspect-4-3 wp-has-aspect-ratio\"><div class=\"wp-block-embed__wrapper\">\n<iframe loading=\"lazy\" title=\"Minimoog Voyager \u2013 FM\u2011Tutorial\" width=\"1200\" height=\"900\" src=\"https:\/\/www.youtube.com\/embed\/tmpoM5osl24?feature=oembed\" frameborder=\"0\" allow=\"accelerometer; autoplay; clipboard-write; encrypted-media; gyroscope; picture-in-picture; web-share\" referrerpolicy=\"strict-origin-when-cross-origin\" allowfullscreen><\/iframe>\n<\/div><\/figure>\n\n\n\n<p>Mehr erfahren: <a href=\"https:\/\/www.syntorial.com\/de\/minimoog-voyager-synthesizer-sound-design-course\/\">Minimoog Synthesizer\u2011Kurs<\/a><\/p>\n\n<\/div>\n<\/div>\n\n<div class=\"gb-container gb-container-afd3fd28 gb-tabs__item\" id=\"gb-tab-item-afd3fd28\" role=\"tabpanel\">\n\n<h2 class=\"wp-block-heading\">Z3TA+ 2 Lektionenpaket<\/h2>\n\n\n\n<p>Das Syntorial Z3TA+ 2 Lektionenpaket bietet 37 Videos mit insgesamt 3 Stunden und 17 Minuten. Jedes Video zeigt, wie du alles, was du in Syntorial gelernt hast, auf Cakewalk Z3TA+ 2 anwendest. Lerne Z3TA+ 2 von Grund auf kennen und nutze die endlosen Klangmanipulationen, die es zu bieten hat. <\/p>\n\n\n<div class=\"gb-container gb-container-251c0386\">\n\n<figure class=\"wp-block-embed aligncenter is-type-video is-provider-youtube wp-block-embed-youtube wp-embed-aspect-4-3 wp-has-aspect-ratio\"><div class=\"wp-block-embed__wrapper\">\n<iframe loading=\"lazy\" title=\"Beherrsche Z3TA+ 2 von Grund auf mit Syntorial\" width=\"1200\" height=\"900\" src=\"https:\/\/www.youtube.com\/embed\/ugbj-3gtzxk?feature=oembed\" frameborder=\"0\" allow=\"accelerometer; autoplay; clipboard-write; encrypted-media; gyroscope; picture-in-picture; web-share\" referrerpolicy=\"strict-origin-when-cross-origin\" allowfullscreen><\/iframe>\n<\/div><\/figure>\n\n<\/div>\n\n\n<p>Here&#8217;s an excerpt:<\/p>\n\n\n<div class=\"gb-container gb-container-3b1eb9a6\">\n\n<figure class=\"wp-block-embed aligncenter is-type-video is-provider-youtube wp-block-embed-youtube wp-embed-aspect-4-3 wp-has-aspect-ratio\"><div class=\"wp-block-embed__wrapper\">\n<iframe loading=\"lazy\" title=\"Zwei Filter auf Z3TA+ 2 verwenden \u2013 Synth\u2011Tutorial\" width=\"1200\" height=\"900\" src=\"https:\/\/www.youtube.com\/embed\/bqbplI6V7M8?feature=oembed\" frameborder=\"0\" allow=\"accelerometer; autoplay; clipboard-write; encrypted-media; gyroscope; picture-in-picture; web-share\" referrerpolicy=\"strict-origin-when-cross-origin\" allowfullscreen><\/iframe>\n<\/div><\/figure>\n\n\n\n<p>Mehr erfahren: <a href=\"https:\/\/www.syntorial.com\/de\/z3ta-plus-synthesize-sound-design-course\/\" data-type=\"link\" data-id=\"https:\/\/www.syntorial.com\/z3ta-plus-synthesize-sound-design-course\/\">Z3TA+ Synthesizer\u2011Kurs<\/a><\/p>\n\n<\/div>\n<\/div>\n<\/div>\n<\/div>\n\n\n<p><\/p>","protected":false},"excerpt":{"rendered":"<p>Extend the core essential lessons of Syntorial with these add-on Lesson Packs. Audible Genius-developed are packs FREE for all registered users. Try the free\u00a0Syntorial Demo, which includes a handful of videos from each Pack. Currently available in English only. Not every synth has a dedicated Lesson Pack.For those cases, the &#8230; <a title=\"Syntorial Lektionenpakete\" class=\"read-more\" href=\"https:\/\/www.syntorial.com\/de\/lesson-packs\/\" aria-label=\"Mehr Informationen \u00fcber Syntorial Lesson Packs\">Weiterlesen &#8230;<\/a><\/p>","protected":false},"author":1,"featured_media":0,"parent":0,"menu_order":0,"comment_status":"closed","ping_status":"closed","template":"","meta":{"_acf_changed":false,"_editorskit_title_hidden":false,"_editorskit_reading_time":0,"_editorskit_is_block_options_detached":false,"_editorskit_block_options_position":"{}","footnotes":""},"class_list":["post-1350","page","type-page","status-publish"],"acf":[],"_links":{"self":[{"href":"https:\/\/www.syntorial.com\/de\/wp-json\/wp\/v2\/pages\/1350","targetHints":{"allow":["GET"]}}],"collection":[{"href":"https:\/\/www.syntorial.com\/de\/wp-json\/wp\/v2\/pages"}],"about":[{"href":"https:\/\/www.syntorial.com\/de\/wp-json\/wp\/v2\/types\/page"}],"author":[{"embeddable":true,"href":"https:\/\/www.syntorial.com\/de\/wp-json\/wp\/v2\/users\/1"}],"replies":[{"embeddable":true,"href":"https:\/\/www.syntorial.com\/de\/wp-json\/wp\/v2\/comments?post=1350"}],"version-history":[{"count":7,"href":"https:\/\/www.syntorial.com\/de\/wp-json\/wp\/v2\/pages\/1350\/revisions"}],"predecessor-version":[{"id":58328,"href":"https:\/\/www.syntorial.com\/de\/wp-json\/wp\/v2\/pages\/1350\/revisions\/58328"}],"wp:attachment":[{"href":"https:\/\/www.syntorial.com\/de\/wp-json\/wp\/v2\/media?parent=1350"}],"curies":[{"name":"wp","href":"https:\/\/api.w.org\/{rel}","templated":true}]}}